{"id":5150,"date":"2025-01-23T23:44:21","date_gmt":"2025-01-23T23:44:21","guid":{"rendered":"https:\/\/fenham.store\/product\/emma-sienikoukku\/"},"modified":"2025-09-23T07:52:11","modified_gmt":"2025-09-23T07:52:11","slug":"emma-sienikoukku","status":"publish","type":"product","link":"https:\/\/fenham.store\/fi\/product\/emma-sienikoukku\/","title":{"rendered":"EMMA sienikoukku"},"content":{"rendered":"<p>Mitat: 45 \u00d7 35 \u00d7 45 mm<br data-start=\"69\" data-end=\"72\" \/>Paino: 25 g<br data-start=\"83\" data-end=\"86\" \/>Kiinnitys: Tarrasovitus<\/p>\n","protected":false},"excerpt":{"rendered":"<div class=\"flex max-w-full flex-col flex-grow\">\n<div class=\"min-h-8 text-message flex w-full flex-col items-end gap-2 whitespace-normal break-words [.text-message+&amp;]:mt-5\" dir=\"auto\" data-message-author-role=\"assistant\" data-message-id=\"24dd9b42-eed7-451a-be73-e6f2f42a6737\" data-message-model-slug=\"gpt-4o\">\n<div class=\"flex w-full flex-col gap-1 empty:hidden first:pt-[3px]\">\n<div class=\"markdown prose w-full break-words dark:prose-invert light\">\n<p>EMMA-sienipidikkeen ansiosta tiskisieni kuivuu nopeammin, se pysyy hygieenisen\u00e4 ja v\u00e4hent\u00e4\u00e4 ep\u00e4miellytt\u00e4vi\u00e4 hajuja. Huomaamaton ratkaisu keitti\u00f6\u00f6n pit\u00e4m\u00e4\u00e4n ty\u00f6taso puhtaana ja j\u00e4rjestyksess\u00e4. Jauhemaalatusta alumiinista valmistettu pidike kiinnittyy helposti kaksipuolisella teipill\u00e4 ja pysyy piilossa tiskialtaan sis\u00e4puolella, joten sieni on aina k\u00e4den ulottuvilla mutta poissa n\u00e4kyvist\u00e4.<\/p>\n<p><strong><a href=\"https:\/\/fenham.store\/fi\/emma-sienikoukku-asennusohje\/\">Asennusohjeet<\/a><\/strong><\/p>\n<\/div>\n<\/div>\n<\/div>\n<\/div>\n[fusion_checklist type=\"icons\" icon=\"fusion-prefix-icon-fenhamF\" iconcolor=\"\" hue=\"\" saturation=\"\" lightness=\"\" alpha=\"\" circle=\"\" circlecolor=\"\" textcolor=\"\" size=\"\" item_padding_top=\"\" item_padding_right=\"\" item_padding_bottom=\"\" item_padding_left=\"\" divider=\"\" divider_color=\"\" odd_row_bgcolor=\"\" even_row_bgcolor=\"\" margin_top=\"\" margin_right=\"\" margin_bottom=\"\" margin_left=\"\" hide_on_mobile=\"small-visibility,medium-visibility,large-visibility\" class=\"\" id=\"\" parent_dynamic_content=\"\"][fusion_li_item icon=\"\"]<span style=\"color: var(--awb-color7);\"><strong>Polyesterijauhemaalaus<\/strong><\/span> &#8211; Kest\u00e4v\u00e4 viimeistely, joka kest\u00e4\u00e4 naarmuja ja kulumista.[\/fusion_li_item][fusion_li_item icon=\"\"]<span style=\"color: var(--awb-color7);\"><strong>2mm alumiinia<\/strong><\/span> &#8211; Ruosteeton ja kevyt, t\u00e4ydellinen jokap\u00e4iv\u00e4iseen k\u00e4ytt\u00f6\u00f6n.[\/fusion_li_item][fusion_li_item icon=\"\"]<span style=\"color: var(--awb-color7);\"><strong>Valmistettu EU:ssa<\/strong><\/span> &#8211; Valmistettu eurooppalaisten laatustandardien mukaisesti, joihin voit luottaa.[\/fusion_li_item][\/fusion_checklist]\n","protected":false},"featured_media":5152,"template":"","meta":[],"product_brand":[],"product_cat":[94,93],"product_tag":[],"class_list":{"0":"post-5150","1":"product","2":"type-product","3":"status-publish","4":"has-post-thumbnail","6":"product_cat-keittiotarvikkeet","7":"product_cat-kylpyhuonetarvikkeet","9":"first","10":"instock","11":"sale","12":"taxable","13":"shipping-taxable","14":"purchasable","15":"product-type-variable"},"yoast_head":"<!-- This site is optimized with the Yoast SEO plugin v27.6 - https:\/\/yoast.com\/product\/yoast-seo-wordpress\/ -->\n<title>EMMA sienikoukku | Home Accessories<\/title>\n<meta name=\"description\" content=\"Pid\u00e4 keitti\u00f6si siistin\u00e4 ja j\u00e4rjestyksess\u00e4 EMMA-sienipidikkeen avulla. Kuivaa sienesi nopeammin, v\u00e4henn\u00e4 hajuja ja s\u00e4\u00e4st\u00e4 tilaa t\u00e4m\u00e4n huomaamattoman, helposti kiinnitett\u00e4v\u00e4n ratkaisun avulla.\" \/>\n<meta name=\"robots\" content=\"index, follow, max-snippet:-1, max-image-preview:large, max-video-preview:-1\" \/>\n<link rel=\"canonical\" href=\"https:\/\/fenham.store\/fi\/product\/emma-sienikoukku\/\" \/>\n<meta property=\"og:locale\" content=\"fi_FI\" \/>\n<meta property=\"og:type\" content=\"article\" \/>\n<meta property=\"og:title\" content=\"EMMA sienikoukku | Home Accessories\" \/>\n<meta property=\"og:description\" content=\"Pid\u00e4 keitti\u00f6si siistin\u00e4 ja j\u00e4rjestyksess\u00e4 EMMA-sienipidikkeen avulla. Kuivaa sienesi nopeammin, v\u00e4henn\u00e4 hajuja ja s\u00e4\u00e4st\u00e4 tilaa t\u00e4m\u00e4n huomaamattoman, helposti kiinnitett\u00e4v\u00e4n ratkaisun avulla.\" \/>\n<meta property=\"og:url\" content=\"https:\/\/fenham.store\/fi\/product\/emma-sienikoukku\/\" \/>\n<meta property=\"og:site_name\" content=\"Fenham concept store\" \/>\n<meta property=\"article:modified_time\" content=\"2025-09-23T07:52:11+00:00\" \/>\n<meta property=\"og:image\" content=\"https:\/\/fenham.store\/wp-content\/uploads\/2025\/01\/EMMA_Black_logo.jpg\" \/>\n\t<meta property=\"og:image:width\" content=\"1500\" \/>\n\t<meta property=\"og:image:height\" content=\"1500\" \/>\n\t<meta property=\"og:image:type\" content=\"image\/jpeg\" \/>\n<meta name=\"twitter:card\" content=\"summary_large_image\" \/>\n<meta name=\"twitter:label1\" content=\"Arvioitu lukuaika\" \/>\n\t<meta name=\"twitter:data1\" content=\"1 minuutti\" \/>\n<script type=\"application\/ld+json\" class=\"yoast-schema-graph\">{\"@context\":\"https:\\\/\\\/schema.org\",\"@graph\":[{\"@type\":\"WebPage\",\"@id\":\"https:\\\/\\\/fenham.store\\\/fi\\\/product\\\/emma-sienikoukku\\\/\",\"url\":\"https:\\\/\\\/fenham.store\\\/fi\\\/product\\\/emma-sienikoukku\\\/\",\"name\":\"EMMA sienikoukku | Home Accessories\",\"isPartOf\":{\"@id\":\"https:\\\/\\\/fenham.store\\\/fi\\\/#website\"},\"primaryImageOfPage\":{\"@id\":\"https:\\\/\\\/fenham.store\\\/fi\\\/product\\\/emma-sienikoukku\\\/#primaryimage\"},\"image\":{\"@id\":\"https:\\\/\\\/fenham.store\\\/fi\\\/product\\\/emma-sienikoukku\\\/#primaryimage\"},\"thumbnailUrl\":\"https:\\\/\\\/fenham.store\\\/wp-content\\\/uploads\\\/2025\\\/01\\\/EMMA_black_ruut.jpg\",\"datePublished\":\"2025-01-23T23:44:21+00:00\",\"dateModified\":\"2025-09-23T07:52:11+00:00\",\"description\":\"Pid\u00e4 keitti\u00f6si siistin\u00e4 ja j\u00e4rjestyksess\u00e4 EMMA-sienipidikkeen avulla. Kuivaa sienesi nopeammin, v\u00e4henn\u00e4 hajuja ja s\u00e4\u00e4st\u00e4 tilaa t\u00e4m\u00e4n huomaamattoman, helposti kiinnitett\u00e4v\u00e4n ratkaisun avulla.\",\"breadcrumb\":{\"@id\":\"https:\\\/\\\/fenham.store\\\/fi\\\/product\\\/emma-sienikoukku\\\/#breadcrumb\"},\"inLanguage\":\"fi\",\"potentialAction\":[{\"@type\":\"ReadAction\",\"target\":[\"https:\\\/\\\/fenham.store\\\/fi\\\/product\\\/emma-sienikoukku\\\/\"]}]},{\"@type\":\"ImageObject\",\"inLanguage\":\"fi\",\"@id\":\"https:\\\/\\\/fenham.store\\\/fi\\\/product\\\/emma-sienikoukku\\\/#primaryimage\",\"url\":\"https:\\\/\\\/fenham.store\\\/wp-content\\\/uploads\\\/2025\\\/01\\\/EMMA_black_ruut.jpg\",\"contentUrl\":\"https:\\\/\\\/fenham.store\\\/wp-content\\\/uploads\\\/2025\\\/01\\\/EMMA_black_ruut.jpg\",\"width\":1500,\"height\":1500},{\"@type\":\"BreadcrumbList\",\"@id\":\"https:\\\/\\\/fenham.store\\\/fi\\\/product\\\/emma-sienikoukku\\\/#breadcrumb\",\"itemListElement\":[{\"@type\":\"ListItem\",\"position\":1,\"name\":\"Home\",\"item\":\"https:\\\/\\\/fenham.store\\\/fi\\\/\"},{\"@type\":\"ListItem\",\"position\":2,\"name\":\"Kauppa\",\"item\":\"https:\\\/\\\/fenham.store\\\/fi\\\/kauppa\\\/\"},{\"@type\":\"ListItem\",\"position\":3,\"name\":\"EMMA sienikoukku\"}]},{\"@type\":\"WebSite\",\"@id\":\"https:\\\/\\\/fenham.store\\\/fi\\\/#website\",\"url\":\"https:\\\/\\\/fenham.store\\\/fi\\\/\",\"name\":\"Fenham concept store\",\"description\":\"Concept store\",\"publisher\":{\"@id\":\"https:\\\/\\\/fenham.store\\\/fi\\\/#organization\"},\"alternateName\":\"Home and bathroom accessories\",\"potentialAction\":[{\"@type\":\"SearchAction\",\"target\":{\"@type\":\"EntryPoint\",\"urlTemplate\":\"https:\\\/\\\/fenham.store\\\/fi\\\/?s={search_term_string}\"},\"query-input\":{\"@type\":\"PropertyValueSpecification\",\"valueRequired\":true,\"valueName\":\"search_term_string\"}}],\"inLanguage\":\"fi\"},{\"@type\":\"Organization\",\"@id\":\"https:\\\/\\\/fenham.store\\\/fi\\\/#organization\",\"name\":\"Fenham concept store\",\"url\":\"https:\\\/\\\/fenham.store\\\/fi\\\/\",\"logo\":{\"@type\":\"ImageObject\",\"inLanguage\":\"fi\",\"@id\":\"https:\\\/\\\/fenham.store\\\/fi\\\/#\\\/schema\\\/logo\\\/image\\\/\",\"url\":\"https:\\\/\\\/fenham.store\\\/wp-content\\\/uploads\\\/2025\\\/01\\\/Fenham_logo_600.png\",\"contentUrl\":\"https:\\\/\\\/fenham.store\\\/wp-content\\\/uploads\\\/2025\\\/01\\\/Fenham_logo_600.png\",\"width\":600,\"height\":132,\"caption\":\"Fenham concept store\"},\"image\":{\"@id\":\"https:\\\/\\\/fenham.store\\\/fi\\\/#\\\/schema\\\/logo\\\/image\\\/\"}}]}<\/script>\n<!-- \/ Yoast SEO plugin. -->","yoast_head_json":{"title":"EMMA sienikoukku | Home Accessories","description":"Pid\u00e4 keitti\u00f6si siistin\u00e4 ja j\u00e4rjestyksess\u00e4 EMMA-sienipidikkeen avulla. Kuivaa sienesi nopeammin, v\u00e4henn\u00e4 hajuja ja s\u00e4\u00e4st\u00e4 tilaa t\u00e4m\u00e4n huomaamattoman, helposti kiinnitett\u00e4v\u00e4n ratkaisun avulla.","robots":{"index":"index","follow":"follow","max-snippet":"max-snippet:-1","max-image-preview":"max-image-preview:large","max-video-preview":"max-video-preview:-1"},"canonical":"https:\/\/fenham.store\/fi\/product\/emma-sienikoukku\/","og_locale":"fi_FI","og_type":"article","og_title":"EMMA sienikoukku | Home Accessories","og_description":"Pid\u00e4 keitti\u00f6si siistin\u00e4 ja j\u00e4rjestyksess\u00e4 EMMA-sienipidikkeen avulla. Kuivaa sienesi nopeammin, v\u00e4henn\u00e4 hajuja ja s\u00e4\u00e4st\u00e4 tilaa t\u00e4m\u00e4n huomaamattoman, helposti kiinnitett\u00e4v\u00e4n ratkaisun avulla.","og_url":"https:\/\/fenham.store\/fi\/product\/emma-sienikoukku\/","og_site_name":"Fenham concept store","article_modified_time":"2025-09-23T07:52:11+00:00","og_image":[{"width":1500,"height":1500,"url":"https:\/\/fenham.store\/wp-content\/uploads\/2025\/01\/EMMA_Black_logo.jpg","type":"image\/jpeg"}],"twitter_card":"summary_large_image","twitter_misc":{"Arvioitu lukuaika":"1 minuutti"},"schema":{"@context":"https:\/\/schema.org","@graph":[{"@type":"WebPage","@id":"https:\/\/fenham.store\/fi\/product\/emma-sienikoukku\/","url":"https:\/\/fenham.store\/fi\/product\/emma-sienikoukku\/","name":"EMMA sienikoukku | Home Accessories","isPartOf":{"@id":"https:\/\/fenham.store\/fi\/#website"},"primaryImageOfPage":{"@id":"https:\/\/fenham.store\/fi\/product\/emma-sienikoukku\/#primaryimage"},"image":{"@id":"https:\/\/fenham.store\/fi\/product\/emma-sienikoukku\/#primaryimage"},"thumbnailUrl":"https:\/\/fenham.store\/wp-content\/uploads\/2025\/01\/EMMA_black_ruut.jpg","datePublished":"2025-01-23T23:44:21+00:00","dateModified":"2025-09-23T07:52:11+00:00","description":"Pid\u00e4 keitti\u00f6si siistin\u00e4 ja j\u00e4rjestyksess\u00e4 EMMA-sienipidikkeen avulla. Kuivaa sienesi nopeammin, v\u00e4henn\u00e4 hajuja ja s\u00e4\u00e4st\u00e4 tilaa t\u00e4m\u00e4n huomaamattoman, helposti kiinnitett\u00e4v\u00e4n ratkaisun avulla.","breadcrumb":{"@id":"https:\/\/fenham.store\/fi\/product\/emma-sienikoukku\/#breadcrumb"},"inLanguage":"fi","potentialAction":[{"@type":"ReadAction","target":["https:\/\/fenham.store\/fi\/product\/emma-sienikoukku\/"]}]},{"@type":"ImageObject","inLanguage":"fi","@id":"https:\/\/fenham.store\/fi\/product\/emma-sienikoukku\/#primaryimage","url":"https:\/\/fenham.store\/wp-content\/uploads\/2025\/01\/EMMA_black_ruut.jpg","contentUrl":"https:\/\/fenham.store\/wp-content\/uploads\/2025\/01\/EMMA_black_ruut.jpg","width":1500,"height":1500},{"@type":"BreadcrumbList","@id":"https:\/\/fenham.store\/fi\/product\/emma-sienikoukku\/#breadcrumb","itemListElement":[{"@type":"ListItem","position":1,"name":"Home","item":"https:\/\/fenham.store\/fi\/"},{"@type":"ListItem","position":2,"name":"Kauppa","item":"https:\/\/fenham.store\/fi\/kauppa\/"},{"@type":"ListItem","position":3,"name":"EMMA sienikoukku"}]},{"@type":"WebSite","@id":"https:\/\/fenham.store\/fi\/#website","url":"https:\/\/fenham.store\/fi\/","name":"Fenham concept store","description":"Concept store","publisher":{"@id":"https:\/\/fenham.store\/fi\/#organization"},"alternateName":"Home and bathroom accessories","potentialAction":[{"@type":"SearchAction","target":{"@type":"EntryPoint","urlTemplate":"https:\/\/fenham.store\/fi\/?s={search_term_string}"},"query-input":{"@type":"PropertyValueSpecification","valueRequired":true,"valueName":"search_term_string"}}],"inLanguage":"fi"},{"@type":"Organization","@id":"https:\/\/fenham.store\/fi\/#organization","name":"Fenham concept store","url":"https:\/\/fenham.store\/fi\/","logo":{"@type":"ImageObject","inLanguage":"fi","@id":"https:\/\/fenham.store\/fi\/#\/schema\/logo\/image\/","url":"https:\/\/fenham.store\/wp-content\/uploads\/2025\/01\/Fenham_logo_600.png","contentUrl":"https:\/\/fenham.store\/wp-content\/uploads\/2025\/01\/Fenham_logo_600.png","width":600,"height":132,"caption":"Fenham concept store"},"image":{"@id":"https:\/\/fenham.store\/fi\/#\/schema\/logo\/image\/"}}]}},"_links":{"self":[{"href":"https:\/\/fenham.store\/fi\/wp-json\/wp\/v2\/product\/5150","targetHints":{"allow":["GET"]}}],"collection":[{"href":"https:\/\/fenham.store\/fi\/wp-json\/wp\/v2\/product"}],"about":[{"href":"https:\/\/fenham.store\/fi\/wp-json\/wp\/v2\/types\/product"}],"wp:featuredmedia":[{"embeddable":true,"href":"https:\/\/fenham.store\/fi\/wp-json\/wp\/v2\/media\/5152"}],"wp:attachment":[{"href":"https:\/\/fenham.store\/fi\/wp-json\/wp\/v2\/media?parent=5150"}],"wp:term":[{"taxonomy":"product_brand","embeddable":true,"href":"https:\/\/fenham.store\/fi\/wp-json\/wp\/v2\/product_brand?post=5150"},{"taxonomy":"product_cat","embeddable":true,"href":"https:\/\/fenham.store\/fi\/wp-json\/wp\/v2\/product_cat?post=5150"},{"taxonomy":"product_tag","embeddable":true,"href":"https:\/\/fenham.store\/fi\/wp-json\/wp\/v2\/product_tag?post=5150"}],"curies":[{"name":"wp","href":"https:\/\/api.w.org\/{rel}","templated":true}]}}