{"id":5107,"date":"2020-01-23T23:28:00","date_gmt":"2020-01-23T23:28:00","guid":{"rendered":"https:\/\/fenham.store\/product\/penelope-pyyhekiinnike\/"},"modified":"2025-09-23T07:58:57","modified_gmt":"2025-09-23T07:58:57","slug":"penelope-pyyhekiinnike","status":"publish","type":"product","link":"https:\/\/fenham.store\/fi\/product\/penelope-pyyhekiinnike\/","title":{"rendered":"PENELOPE pyyhekiinnike"},"content":{"rendered":"<p>Mitat: 400 \u00d7 50 \u00d7 55 mm<br data-start=\"52\" data-end=\"55\" \/>Paino: 175 g<br data-start=\"67\" data-end=\"70\" data-is-only-node=\"\" \/>Kiinnitys: tarralla<\/p>\n","protected":false},"excerpt":{"rendered":"<p>PENELOPE-pyyheteline on alumiinista valmistettu kylpyhuoneen lis\u00e4varuste, jonka muotoilu on minimalistinen ja selke\u00e4. Kosteissa olosuhteissa kest\u00e4v\u00e4 ja luotettavaa k\u00e4ytt\u00f6\u00e4 tarjoava PENELOPE on ihanteellisen kokoinen, jotta se mahtuu huomaamattomasti mihin tahansa kylpyhuoneeseen, mutta on samalla riitt\u00e4v\u00e4n tilava pit\u00e4m\u00e4\u00e4n pyyhkeet mukavasti ja j\u00e4rjestyksess\u00e4. Sen ajaton tyyli t\u00e4ydent\u00e4\u00e4 erilaisia sisustuksia ja tarjoaa sek\u00e4 k\u00e4yt\u00e4nn\u00f6llist\u00e4 ett\u00e4 esteettist\u00e4 arvoa.<\/p>\n<p><strong><a href=\"https:\/\/fenham.store\/fi\/penelope-pyyhekiinnike-asennusohjeet\/\">Asennusohjeet<\/a><\/strong><\/p>\n[fusion_checklist type=\"icons\" icon=\"fusion-prefix-icon-fenhamF\" iconcolor=\"\" hue=\"\" saturation=\"\" lightness=\"\" alpha=\"\" circle=\"\" circlecolor=\"\" textcolor=\"\" size=\"\" item_padding_top=\"\" item_padding_right=\"\" item_padding_bottom=\"\" item_padding_left=\"\" divider=\"\" divider_color=\"\" odd_row_bgcolor=\"\" even_row_bgcolor=\"\" margin_top=\"\" margin_right=\"\" margin_bottom=\"\" margin_left=\"\" hide_on_mobile=\"small-visibility,medium-visibility,large-visibility\" class=\"\" id=\"\" parent_dynamic_content=\"\"][fusion_li_item icon=\"\"]<span style=\"color: var(--awb-color7);\"><strong>Polyesterijauhemaalaus<\/strong><\/span> &#8211; Kest\u00e4v\u00e4 viimeistely, joka kest\u00e4\u00e4 naarmuja ja kulumista.[\/fusion_li_item][fusion_li_item icon=\"\"]<span style=\"color: var(--awb-color7);\"><strong>2mm alumiinia<\/strong><\/span> &#8211; Ruosteeton ja pitk\u00e4ik\u00e4inen, t\u00e4ydellinen jokap\u00e4iv\u00e4iseen k\u00e4ytt\u00f6\u00f6n.[\/fusion_li_item][fusion_li_item icon=\"\"]<span style=\"color: var(--awb-color7);\"><strong>Valmistettu EU:ssa<\/strong><\/span> &#8211; Valmistettu eurooppalaisten laatustandardien mukaisesti, joihin voit luottaa.[\/fusion_li_item][\/fusion_checklist]\n","protected":false},"featured_media":5109,"template":"","meta":[],"product_brand":[],"product_cat":[94,93],"product_tag":[],"class_list":{"0":"post-5107","1":"product","2":"type-product","3":"status-publish","4":"has-post-thumbnail","6":"product_cat-keittiotarvikkeet","7":"product_cat-kylpyhuonetarvikkeet","9":"first","10":"instock","11":"sale","12":"taxable","13":"shipping-taxable","14":"purchasable","15":"product-type-variable"},"yoast_head":"<!-- This site is optimized with the Yoast SEO plugin v27.6 - https:\/\/yoast.com\/product\/yoast-seo-wordpress\/ -->\n<title>PENELOPE pyyhekiinnike | Home Accessories<\/title>\n<meta name=\"description\" content=\"PENELOPE pyyhekiinnike. High-Quality home accessories made of powder-coated stainless steel and aluminium. Designed and made in Europe.\" \/>\n<meta name=\"robots\" content=\"index, follow, max-snippet:-1, max-image-preview:large, max-video-preview:-1\" \/>\n<link rel=\"canonical\" href=\"https:\/\/fenham.store\/fi\/product\/penelope-pyyhekiinnike\/\" \/>\n<meta property=\"og:locale\" content=\"fi_FI\" \/>\n<meta property=\"og:type\" content=\"article\" \/>\n<meta property=\"og:title\" content=\"PENELOPE pyyhekiinnike | Home Accessories\" \/>\n<meta property=\"og:description\" content=\"PENELOPE pyyhekiinnike. High-Quality home accessories made of powder-coated stainless steel and aluminium. Designed and made in Europe.\" \/>\n<meta property=\"og:url\" content=\"https:\/\/fenham.store\/fi\/product\/penelope-pyyhekiinnike\/\" \/>\n<meta property=\"og:site_name\" content=\"Fenham concept store\" \/>\n<meta property=\"article:modified_time\" content=\"2025-09-23T07:58:57+00:00\" \/>\n<meta property=\"og:image\" content=\"https:\/\/fenham.store\/wp-content\/uploads\/2025\/05\/PENELOPE_black3.jpg\" \/>\n\t<meta property=\"og:image:width\" content=\"1500\" \/>\n\t<meta property=\"og:image:height\" content=\"1500\" \/>\n\t<meta property=\"og:image:type\" content=\"image\/jpeg\" \/>\n<meta name=\"twitter:card\" content=\"summary_large_image\" \/>\n<meta name=\"twitter:label1\" content=\"Arvioitu lukuaika\" \/>\n\t<meta name=\"twitter:data1\" content=\"1 minuutti\" \/>\n<script type=\"application\/ld+json\" class=\"yoast-schema-graph\">{\"@context\":\"https:\\\/\\\/schema.org\",\"@graph\":[{\"@type\":\"WebPage\",\"@id\":\"https:\\\/\\\/fenham.store\\\/fi\\\/product\\\/penelope-pyyhekiinnike\\\/\",\"url\":\"https:\\\/\\\/fenham.store\\\/fi\\\/product\\\/penelope-pyyhekiinnike\\\/\",\"name\":\"PENELOPE pyyhekiinnike | Home Accessories\",\"isPartOf\":{\"@id\":\"https:\\\/\\\/fenham.store\\\/fi\\\/#website\"},\"primaryImageOfPage\":{\"@id\":\"https:\\\/\\\/fenham.store\\\/fi\\\/product\\\/penelope-pyyhekiinnike\\\/#primaryimage\"},\"image\":{\"@id\":\"https:\\\/\\\/fenham.store\\\/fi\\\/product\\\/penelope-pyyhekiinnike\\\/#primaryimage\"},\"thumbnailUrl\":\"https:\\\/\\\/fenham.store\\\/wp-content\\\/uploads\\\/2020\\\/01\\\/Penelope_must_ruut.jpg\",\"datePublished\":\"2020-01-23T23:28:00+00:00\",\"dateModified\":\"2025-09-23T07:58:57+00:00\",\"description\":\"PENELOPE pyyhekiinnike. High-Quality home accessories made of powder-coated stainless steel and aluminium. Designed and made in Europe.\",\"breadcrumb\":{\"@id\":\"https:\\\/\\\/fenham.store\\\/fi\\\/product\\\/penelope-pyyhekiinnike\\\/#breadcrumb\"},\"inLanguage\":\"fi\",\"potentialAction\":[{\"@type\":\"ReadAction\",\"target\":[\"https:\\\/\\\/fenham.store\\\/fi\\\/product\\\/penelope-pyyhekiinnike\\\/\"]}]},{\"@type\":\"ImageObject\",\"inLanguage\":\"fi\",\"@id\":\"https:\\\/\\\/fenham.store\\\/fi\\\/product\\\/penelope-pyyhekiinnike\\\/#primaryimage\",\"url\":\"https:\\\/\\\/fenham.store\\\/wp-content\\\/uploads\\\/2020\\\/01\\\/Penelope_must_ruut.jpg\",\"contentUrl\":\"https:\\\/\\\/fenham.store\\\/wp-content\\\/uploads\\\/2020\\\/01\\\/Penelope_must_ruut.jpg\",\"width\":1500,\"height\":1500},{\"@type\":\"BreadcrumbList\",\"@id\":\"https:\\\/\\\/fenham.store\\\/fi\\\/product\\\/penelope-pyyhekiinnike\\\/#breadcrumb\",\"itemListElement\":[{\"@type\":\"ListItem\",\"position\":1,\"name\":\"Home\",\"item\":\"https:\\\/\\\/fenham.store\\\/fi\\\/\"},{\"@type\":\"ListItem\",\"position\":2,\"name\":\"Kauppa\",\"item\":\"https:\\\/\\\/fenham.store\\\/fi\\\/kauppa\\\/\"},{\"@type\":\"ListItem\",\"position\":3,\"name\":\"PENELOPE pyyhekiinnike\"}]},{\"@type\":\"WebSite\",\"@id\":\"https:\\\/\\\/fenham.store\\\/fi\\\/#website\",\"url\":\"https:\\\/\\\/fenham.store\\\/fi\\\/\",\"name\":\"Fenham concept store\",\"description\":\"Concept store\",\"publisher\":{\"@id\":\"https:\\\/\\\/fenham.store\\\/fi\\\/#organization\"},\"alternateName\":\"Home and bathroom accessories\",\"potentialAction\":[{\"@type\":\"SearchAction\",\"target\":{\"@type\":\"EntryPoint\",\"urlTemplate\":\"https:\\\/\\\/fenham.store\\\/fi\\\/?s={search_term_string}\"},\"query-input\":{\"@type\":\"PropertyValueSpecification\",\"valueRequired\":true,\"valueName\":\"search_term_string\"}}],\"inLanguage\":\"fi\"},{\"@type\":\"Organization\",\"@id\":\"https:\\\/\\\/fenham.store\\\/fi\\\/#organization\",\"name\":\"Fenham concept store\",\"url\":\"https:\\\/\\\/fenham.store\\\/fi\\\/\",\"logo\":{\"@type\":\"ImageObject\",\"inLanguage\":\"fi\",\"@id\":\"https:\\\/\\\/fenham.store\\\/fi\\\/#\\\/schema\\\/logo\\\/image\\\/\",\"url\":\"https:\\\/\\\/fenham.store\\\/wp-content\\\/uploads\\\/2025\\\/01\\\/Fenham_logo_600.png\",\"contentUrl\":\"https:\\\/\\\/fenham.store\\\/wp-content\\\/uploads\\\/2025\\\/01\\\/Fenham_logo_600.png\",\"width\":600,\"height\":132,\"caption\":\"Fenham concept store\"},\"image\":{\"@id\":\"https:\\\/\\\/fenham.store\\\/fi\\\/#\\\/schema\\\/logo\\\/image\\\/\"}}]}<\/script>\n<!-- \/ Yoast SEO plugin. -->","yoast_head_json":{"title":"PENELOPE pyyhekiinnike | Home Accessories","description":"PENELOPE pyyhekiinnike. High-Quality home accessories made of powder-coated stainless steel and aluminium. Designed and made in Europe.","robots":{"index":"index","follow":"follow","max-snippet":"max-snippet:-1","max-image-preview":"max-image-preview:large","max-video-preview":"max-video-preview:-1"},"canonical":"https:\/\/fenham.store\/fi\/product\/penelope-pyyhekiinnike\/","og_locale":"fi_FI","og_type":"article","og_title":"PENELOPE pyyhekiinnike | Home Accessories","og_description":"PENELOPE pyyhekiinnike. High-Quality home accessories made of powder-coated stainless steel and aluminium. Designed and made in Europe.","og_url":"https:\/\/fenham.store\/fi\/product\/penelope-pyyhekiinnike\/","og_site_name":"Fenham concept store","article_modified_time":"2025-09-23T07:58:57+00:00","og_image":[{"width":1500,"height":1500,"url":"https:\/\/fenham.store\/wp-content\/uploads\/2025\/05\/PENELOPE_black3.jpg","type":"image\/jpeg"}],"twitter_card":"summary_large_image","twitter_misc":{"Arvioitu lukuaika":"1 minuutti"},"schema":{"@context":"https:\/\/schema.org","@graph":[{"@type":"WebPage","@id":"https:\/\/fenham.store\/fi\/product\/penelope-pyyhekiinnike\/","url":"https:\/\/fenham.store\/fi\/product\/penelope-pyyhekiinnike\/","name":"PENELOPE pyyhekiinnike | Home Accessories","isPartOf":{"@id":"https:\/\/fenham.store\/fi\/#website"},"primaryImageOfPage":{"@id":"https:\/\/fenham.store\/fi\/product\/penelope-pyyhekiinnike\/#primaryimage"},"image":{"@id":"https:\/\/fenham.store\/fi\/product\/penelope-pyyhekiinnike\/#primaryimage"},"thumbnailUrl":"https:\/\/fenham.store\/wp-content\/uploads\/2020\/01\/Penelope_must_ruut.jpg","datePublished":"2020-01-23T23:28:00+00:00","dateModified":"2025-09-23T07:58:57+00:00","description":"PENELOPE pyyhekiinnike. High-Quality home accessories made of powder-coated stainless steel and aluminium. Designed and made in Europe.","breadcrumb":{"@id":"https:\/\/fenham.store\/fi\/product\/penelope-pyyhekiinnike\/#breadcrumb"},"inLanguage":"fi","potentialAction":[{"@type":"ReadAction","target":["https:\/\/fenham.store\/fi\/product\/penelope-pyyhekiinnike\/"]}]},{"@type":"ImageObject","inLanguage":"fi","@id":"https:\/\/fenham.store\/fi\/product\/penelope-pyyhekiinnike\/#primaryimage","url":"https:\/\/fenham.store\/wp-content\/uploads\/2020\/01\/Penelope_must_ruut.jpg","contentUrl":"https:\/\/fenham.store\/wp-content\/uploads\/2020\/01\/Penelope_must_ruut.jpg","width":1500,"height":1500},{"@type":"BreadcrumbList","@id":"https:\/\/fenham.store\/fi\/product\/penelope-pyyhekiinnike\/#breadcrumb","itemListElement":[{"@type":"ListItem","position":1,"name":"Home","item":"https:\/\/fenham.store\/fi\/"},{"@type":"ListItem","position":2,"name":"Kauppa","item":"https:\/\/fenham.store\/fi\/kauppa\/"},{"@type":"ListItem","position":3,"name":"PENELOPE pyyhekiinnike"}]},{"@type":"WebSite","@id":"https:\/\/fenham.store\/fi\/#website","url":"https:\/\/fenham.store\/fi\/","name":"Fenham concept store","description":"Concept store","publisher":{"@id":"https:\/\/fenham.store\/fi\/#organization"},"alternateName":"Home and bathroom accessories","potentialAction":[{"@type":"SearchAction","target":{"@type":"EntryPoint","urlTemplate":"https:\/\/fenham.store\/fi\/?s={search_term_string}"},"query-input":{"@type":"PropertyValueSpecification","valueRequired":true,"valueName":"search_term_string"}}],"inLanguage":"fi"},{"@type":"Organization","@id":"https:\/\/fenham.store\/fi\/#organization","name":"Fenham concept store","url":"https:\/\/fenham.store\/fi\/","logo":{"@type":"ImageObject","inLanguage":"fi","@id":"https:\/\/fenham.store\/fi\/#\/schema\/logo\/image\/","url":"https:\/\/fenham.store\/wp-content\/uploads\/2025\/01\/Fenham_logo_600.png","contentUrl":"https:\/\/fenham.store\/wp-content\/uploads\/2025\/01\/Fenham_logo_600.png","width":600,"height":132,"caption":"Fenham concept store"},"image":{"@id":"https:\/\/fenham.store\/fi\/#\/schema\/logo\/image\/"}}]}},"_links":{"self":[{"href":"https:\/\/fenham.store\/fi\/wp-json\/wp\/v2\/product\/5107","targetHints":{"allow":["GET"]}}],"collection":[{"href":"https:\/\/fenham.store\/fi\/wp-json\/wp\/v2\/product"}],"about":[{"href":"https:\/\/fenham.store\/fi\/wp-json\/wp\/v2\/types\/product"}],"wp:featuredmedia":[{"embeddable":true,"href":"https:\/\/fenham.store\/fi\/wp-json\/wp\/v2\/media\/5109"}],"wp:attachment":[{"href":"https:\/\/fenham.store\/fi\/wp-json\/wp\/v2\/media?parent=5107"}],"wp:term":[{"taxonomy":"product_brand","embeddable":true,"href":"https:\/\/fenham.store\/fi\/wp-json\/wp\/v2\/product_brand?post=5107"},{"taxonomy":"product_cat","embeddable":true,"href":"https:\/\/fenham.store\/fi\/wp-json\/wp\/v2\/product_cat?post=5107"},{"taxonomy":"product_tag","embeddable":true,"href":"https:\/\/fenham.store\/fi\/wp-json\/wp\/v2\/product_tag?post=5107"}],"curies":[{"name":"wp","href":"https:\/\/api.w.org\/{rel}","templated":true}]}}