{"id":5098,"date":"2025-01-06T06:34:30","date_gmt":"2025-01-06T06:34:30","guid":{"rendered":"https:\/\/fenham.store\/product\/anna-liukumaki\/"},"modified":"2025-09-23T07:54:58","modified_gmt":"2025-09-23T07:54:58","slug":"anna-liukumaki","status":"publish","type":"product","link":"https:\/\/fenham.store\/fi\/product\/anna-liukumaki\/","title":{"rendered":"ANNA-liukum\u00e4ki"},"content":{"rendered":"<p>Mitat: 100 x 100mm<br \/>\nPaino: 50g.<\/p>\n","protected":false},"excerpt":{"rendered":"<div class=\"flex max-w-full flex-col flex-grow\">\n<div class=\"min-h-8 text-message flex w-full flex-col items-end gap-2 whitespace-normal break-words [.text-message+&amp;]:mt-5\" dir=\"auto\" data-message-author-role=\"assistant\" data-message-id=\"474061f8-24ef-46b7-b0cf-ac7cdf080e5c\" data-message-model-slug=\"gpt-4o\">\n<div class=\"flex w-full flex-col gap-1 empty:hidden first:pt-[3px]\">\n<div class=\"markdown prose w-full break-words dark:prose-invert light\">\n<p>ANNA-juomalautanen on tyylik\u00e4s ja k\u00e4yt\u00e4nn\u00f6llinen alumiinista valmistettu ratkaisu sek\u00e4 kuumien ett\u00e4 kylmien juomien asettamiseen p\u00f6yd\u00e4lle ja pintojen suojaamiseen vesitahroilta ja l\u00e4mp\u00f6vaurioilta. Pohja on p\u00e4\u00e4llystetty pehme\u00e4ll\u00e4 huovalla, joka est\u00e4\u00e4 naarmuja ja pit\u00e4\u00e4 lasinalustan liukastumasta. Jauhemaalattu viimeistely takaa l\u00e4mm\u00f6nkest\u00e4vyyden, ja minimalistinen muotoilu tekee t\u00e4st\u00e4 aluslautasesta silmiinpist\u00e4v\u00e4n yksityiskohdan. T\u00e4ydellinen lahja tai fiksu lis\u00e4 jokap\u00e4iv\u00e4iseen k\u00e4ytt\u00f6\u00f6n!<\/p>\n<\/div>\n<\/div>\n<\/div>\n<\/div>\n[fusion_checklist type=\"icons\" icon=\"fusion-prefix-icon-fenhamF\" iconcolor=\"\" hue=\"\" saturation=\"\" lightness=\"\" alpha=\"\" circle=\"\" circlecolor=\"\" textcolor=\"\" size=\"\" item_padding_top=\"\" item_padding_right=\"\" item_padding_bottom=\"\" item_padding_left=\"\" divider=\"\" divider_color=\"\" odd_row_bgcolor=\"\" even_row_bgcolor=\"\" margin_top=\"\" margin_right=\"\" margin_bottom=\"\" margin_left=\"\" hide_on_mobile=\"small-visibility,medium-visibility,large-visibility\" class=\"\" id=\"\" parent_dynamic_content=\"\"][fusion_li_item icon=\"\"]<span style=\"color: var(--awb-color7);\"><strong>Polyesterijauhemaalaus<\/strong><\/span> &#8211; Kest\u00e4v\u00e4 viimeistely, joka kest\u00e4\u00e4 naarmuja ja kulumista.[\/fusion_li_item][fusion_li_item icon=\"\"]<span style=\"color: var(--awb-color7);\"><strong>2mm alumiinia<\/strong><\/span> &#8211; Kevyt ja ruosteeton, t\u00e4ydellinen jokap\u00e4iv\u00e4iseen k\u00e4ytt\u00f6\u00f6n.[\/fusion_li_item][fusion_li_item icon=\"\"]<span style=\"color: var(--awb-color7);\"><strong>Valmistettu EU:ssa<\/strong><\/span> &#8211; Valmistettu eurooppalaisten laatustandardien mukaisesti, joihin voit luottaa.[\/fusion_li_item][\/fusion_checklist]\n","protected":false},"featured_media":5103,"template":"","meta":[],"product_brand":[],"product_cat":[94,92],"product_tag":[],"class_list":{"0":"post-5098","1":"product","2":"type-product","3":"status-publish","4":"has-post-thumbnail","6":"product_cat-keittiotarvikkeet","7":"product_cat-olohuoneen-tarvikkeet","9":"first","10":"instock","11":"sale","12":"taxable","13":"shipping-taxable","14":"purchasable","15":"product-type-variable"},"yoast_head":"<!-- This site is optimized with the Yoast SEO plugin v27.6 - https:\/\/yoast.com\/product\/yoast-seo-wordpress\/ -->\n<title>ANNA-liukum\u00e4ki | Home Accessories<\/title>\n<meta name=\"description\" content=\"ANNA-liukum\u00e4ki. High-Quality home accessories made of powder-coated stainless steel and aluminium. Designed and made in Europe.\" \/>\n<meta name=\"robots\" content=\"index, follow, max-snippet:-1, max-image-preview:large, max-video-preview:-1\" \/>\n<link rel=\"canonical\" href=\"https:\/\/fenham.store\/fi\/product\/anna-liukumaki\/\" \/>\n<meta property=\"og:locale\" content=\"fi_FI\" \/>\n<meta property=\"og:type\" content=\"article\" \/>\n<meta property=\"og:title\" content=\"ANNA-liukum\u00e4ki | Home Accessories\" \/>\n<meta property=\"og:description\" content=\"ANNA-liukum\u00e4ki. High-Quality home accessories made of powder-coated stainless steel and aluminium. Designed and made in Europe.\" \/>\n<meta property=\"og:url\" content=\"https:\/\/fenham.store\/fi\/product\/anna-liukumaki\/\" \/>\n<meta property=\"og:site_name\" content=\"Fenham concept store\" \/>\n<meta property=\"article:modified_time\" content=\"2025-09-23T07:54:58+00:00\" \/>\n<meta property=\"og:image\" content=\"https:\/\/fenham.store\/wp-content\/uploads\/2025\/05\/ANNA_black3.jpg\" \/>\n\t<meta property=\"og:image:width\" content=\"1500\" \/>\n\t<meta property=\"og:image:height\" content=\"1500\" \/>\n\t<meta property=\"og:image:type\" content=\"image\/jpeg\" \/>\n<meta name=\"twitter:card\" content=\"summary_large_image\" \/>\n<meta name=\"twitter:label1\" content=\"Arvioitu lukuaika\" \/>\n\t<meta name=\"twitter:data1\" content=\"1 minuutti\" \/>\n<script type=\"application\/ld+json\" class=\"yoast-schema-graph\">{\"@context\":\"https:\\\/\\\/schema.org\",\"@graph\":[{\"@type\":\"WebPage\",\"@id\":\"https:\\\/\\\/fenham.store\\\/fi\\\/product\\\/anna-liukumaki\\\/\",\"url\":\"https:\\\/\\\/fenham.store\\\/fi\\\/product\\\/anna-liukumaki\\\/\",\"name\":\"ANNA-liukum\u00e4ki | Home Accessories\",\"isPartOf\":{\"@id\":\"https:\\\/\\\/fenham.store\\\/fi\\\/#website\"},\"primaryImageOfPage\":{\"@id\":\"https:\\\/\\\/fenham.store\\\/fi\\\/product\\\/anna-liukumaki\\\/#primaryimage\"},\"image\":{\"@id\":\"https:\\\/\\\/fenham.store\\\/fi\\\/product\\\/anna-liukumaki\\\/#primaryimage\"},\"thumbnailUrl\":\"https:\\\/\\\/fenham.store\\\/wp-content\\\/uploads\\\/2025\\\/01\\\/Anna_drinks2.jpg\",\"datePublished\":\"2025-01-06T06:34:30+00:00\",\"dateModified\":\"2025-09-23T07:54:58+00:00\",\"description\":\"ANNA-liukum\u00e4ki. High-Quality home accessories made of powder-coated stainless steel and aluminium. Designed and made in Europe.\",\"breadcrumb\":{\"@id\":\"https:\\\/\\\/fenham.store\\\/fi\\\/product\\\/anna-liukumaki\\\/#breadcrumb\"},\"inLanguage\":\"fi\",\"potentialAction\":[{\"@type\":\"ReadAction\",\"target\":[\"https:\\\/\\\/fenham.store\\\/fi\\\/product\\\/anna-liukumaki\\\/\"]}]},{\"@type\":\"ImageObject\",\"inLanguage\":\"fi\",\"@id\":\"https:\\\/\\\/fenham.store\\\/fi\\\/product\\\/anna-liukumaki\\\/#primaryimage\",\"url\":\"https:\\\/\\\/fenham.store\\\/wp-content\\\/uploads\\\/2025\\\/01\\\/Anna_drinks2.jpg\",\"contentUrl\":\"https:\\\/\\\/fenham.store\\\/wp-content\\\/uploads\\\/2025\\\/01\\\/Anna_drinks2.jpg\",\"width\":1200,\"height\":1200},{\"@type\":\"BreadcrumbList\",\"@id\":\"https:\\\/\\\/fenham.store\\\/fi\\\/product\\\/anna-liukumaki\\\/#breadcrumb\",\"itemListElement\":[{\"@type\":\"ListItem\",\"position\":1,\"name\":\"Home\",\"item\":\"https:\\\/\\\/fenham.store\\\/fi\\\/\"},{\"@type\":\"ListItem\",\"position\":2,\"name\":\"Kauppa\",\"item\":\"https:\\\/\\\/fenham.store\\\/fi\\\/kauppa\\\/\"},{\"@type\":\"ListItem\",\"position\":3,\"name\":\"ANNA-liukum\u00e4ki\"}]},{\"@type\":\"WebSite\",\"@id\":\"https:\\\/\\\/fenham.store\\\/fi\\\/#website\",\"url\":\"https:\\\/\\\/fenham.store\\\/fi\\\/\",\"name\":\"Fenham concept store\",\"description\":\"Concept store\",\"publisher\":{\"@id\":\"https:\\\/\\\/fenham.store\\\/fi\\\/#organization\"},\"alternateName\":\"Home and bathroom accessories\",\"potentialAction\":[{\"@type\":\"SearchAction\",\"target\":{\"@type\":\"EntryPoint\",\"urlTemplate\":\"https:\\\/\\\/fenham.store\\\/fi\\\/?s={search_term_string}\"},\"query-input\":{\"@type\":\"PropertyValueSpecification\",\"valueRequired\":true,\"valueName\":\"search_term_string\"}}],\"inLanguage\":\"fi\"},{\"@type\":\"Organization\",\"@id\":\"https:\\\/\\\/fenham.store\\\/fi\\\/#organization\",\"name\":\"Fenham concept store\",\"url\":\"https:\\\/\\\/fenham.store\\\/fi\\\/\",\"logo\":{\"@type\":\"ImageObject\",\"inLanguage\":\"fi\",\"@id\":\"https:\\\/\\\/fenham.store\\\/fi\\\/#\\\/schema\\\/logo\\\/image\\\/\",\"url\":\"https:\\\/\\\/fenham.store\\\/wp-content\\\/uploads\\\/2025\\\/01\\\/Fenham_logo_600.png\",\"contentUrl\":\"https:\\\/\\\/fenham.store\\\/wp-content\\\/uploads\\\/2025\\\/01\\\/Fenham_logo_600.png\",\"width\":600,\"height\":132,\"caption\":\"Fenham concept store\"},\"image\":{\"@id\":\"https:\\\/\\\/fenham.store\\\/fi\\\/#\\\/schema\\\/logo\\\/image\\\/\"}}]}<\/script>\n<!-- \/ Yoast SEO plugin. -->","yoast_head_json":{"title":"ANNA-liukum\u00e4ki | Home Accessories","description":"ANNA-liukum\u00e4ki. High-Quality home accessories made of powder-coated stainless steel and aluminium. Designed and made in Europe.","robots":{"index":"index","follow":"follow","max-snippet":"max-snippet:-1","max-image-preview":"max-image-preview:large","max-video-preview":"max-video-preview:-1"},"canonical":"https:\/\/fenham.store\/fi\/product\/anna-liukumaki\/","og_locale":"fi_FI","og_type":"article","og_title":"ANNA-liukum\u00e4ki | Home Accessories","og_description":"ANNA-liukum\u00e4ki. High-Quality home accessories made of powder-coated stainless steel and aluminium. Designed and made in Europe.","og_url":"https:\/\/fenham.store\/fi\/product\/anna-liukumaki\/","og_site_name":"Fenham concept store","article_modified_time":"2025-09-23T07:54:58+00:00","og_image":[{"width":1500,"height":1500,"url":"https:\/\/fenham.store\/wp-content\/uploads\/2025\/05\/ANNA_black3.jpg","type":"image\/jpeg"}],"twitter_card":"summary_large_image","twitter_misc":{"Arvioitu lukuaika":"1 minuutti"},"schema":{"@context":"https:\/\/schema.org","@graph":[{"@type":"WebPage","@id":"https:\/\/fenham.store\/fi\/product\/anna-liukumaki\/","url":"https:\/\/fenham.store\/fi\/product\/anna-liukumaki\/","name":"ANNA-liukum\u00e4ki | Home Accessories","isPartOf":{"@id":"https:\/\/fenham.store\/fi\/#website"},"primaryImageOfPage":{"@id":"https:\/\/fenham.store\/fi\/product\/anna-liukumaki\/#primaryimage"},"image":{"@id":"https:\/\/fenham.store\/fi\/product\/anna-liukumaki\/#primaryimage"},"thumbnailUrl":"https:\/\/fenham.store\/wp-content\/uploads\/2025\/01\/Anna_drinks2.jpg","datePublished":"2025-01-06T06:34:30+00:00","dateModified":"2025-09-23T07:54:58+00:00","description":"ANNA-liukum\u00e4ki. High-Quality home accessories made of powder-coated stainless steel and aluminium. Designed and made in Europe.","breadcrumb":{"@id":"https:\/\/fenham.store\/fi\/product\/anna-liukumaki\/#breadcrumb"},"inLanguage":"fi","potentialAction":[{"@type":"ReadAction","target":["https:\/\/fenham.store\/fi\/product\/anna-liukumaki\/"]}]},{"@type":"ImageObject","inLanguage":"fi","@id":"https:\/\/fenham.store\/fi\/product\/anna-liukumaki\/#primaryimage","url":"https:\/\/fenham.store\/wp-content\/uploads\/2025\/01\/Anna_drinks2.jpg","contentUrl":"https:\/\/fenham.store\/wp-content\/uploads\/2025\/01\/Anna_drinks2.jpg","width":1200,"height":1200},{"@type":"BreadcrumbList","@id":"https:\/\/fenham.store\/fi\/product\/anna-liukumaki\/#breadcrumb","itemListElement":[{"@type":"ListItem","position":1,"name":"Home","item":"https:\/\/fenham.store\/fi\/"},{"@type":"ListItem","position":2,"name":"Kauppa","item":"https:\/\/fenham.store\/fi\/kauppa\/"},{"@type":"ListItem","position":3,"name":"ANNA-liukum\u00e4ki"}]},{"@type":"WebSite","@id":"https:\/\/fenham.store\/fi\/#website","url":"https:\/\/fenham.store\/fi\/","name":"Fenham concept store","description":"Concept store","publisher":{"@id":"https:\/\/fenham.store\/fi\/#organization"},"alternateName":"Home and bathroom accessories","potentialAction":[{"@type":"SearchAction","target":{"@type":"EntryPoint","urlTemplate":"https:\/\/fenham.store\/fi\/?s={search_term_string}"},"query-input":{"@type":"PropertyValueSpecification","valueRequired":true,"valueName":"search_term_string"}}],"inLanguage":"fi"},{"@type":"Organization","@id":"https:\/\/fenham.store\/fi\/#organization","name":"Fenham concept store","url":"https:\/\/fenham.store\/fi\/","logo":{"@type":"ImageObject","inLanguage":"fi","@id":"https:\/\/fenham.store\/fi\/#\/schema\/logo\/image\/","url":"https:\/\/fenham.store\/wp-content\/uploads\/2025\/01\/Fenham_logo_600.png","contentUrl":"https:\/\/fenham.store\/wp-content\/uploads\/2025\/01\/Fenham_logo_600.png","width":600,"height":132,"caption":"Fenham concept store"},"image":{"@id":"https:\/\/fenham.store\/fi\/#\/schema\/logo\/image\/"}}]}},"_links":{"self":[{"href":"https:\/\/fenham.store\/fi\/wp-json\/wp\/v2\/product\/5098","targetHints":{"allow":["GET"]}}],"collection":[{"href":"https:\/\/fenham.store\/fi\/wp-json\/wp\/v2\/product"}],"about":[{"href":"https:\/\/fenham.store\/fi\/wp-json\/wp\/v2\/types\/product"}],"wp:featuredmedia":[{"embeddable":true,"href":"https:\/\/fenham.store\/fi\/wp-json\/wp\/v2\/media\/5103"}],"wp:attachment":[{"href":"https:\/\/fenham.store\/fi\/wp-json\/wp\/v2\/media?parent=5098"}],"wp:term":[{"taxonomy":"product_brand","embeddable":true,"href":"https:\/\/fenham.store\/fi\/wp-json\/wp\/v2\/product_brand?post=5098"},{"taxonomy":"product_cat","embeddable":true,"href":"https:\/\/fenham.store\/fi\/wp-json\/wp\/v2\/product_cat?post=5098"},{"taxonomy":"product_tag","embeddable":true,"href":"https:\/\/fenham.store\/fi\/wp-json\/wp\/v2\/product_tag?post=5098"}],"curies":[{"name":"wp","href":"https:\/\/api.w.org\/{rel}","templated":true}]}}