{"id":5031,"date":"2025-01-23T23:47:26","date_gmt":"2025-01-23T23:47:26","guid":{"rendered":"https:\/\/fenham.store\/product\/sienna-suihkuhylly\/"},"modified":"2026-02-03T02:07:32","modified_gmt":"2026-02-03T02:07:32","slug":"sienna-suihkuhylly","status":"publish","type":"product","link":"https:\/\/fenham.store\/fi\/product\/sienna-suihkuhylly\/","title":{"rendered":"SIENNA suihkuhylly"},"content":{"rendered":"<p data-start=\"62\" data-end=\"111\"><strong data-start=\"62\" data-end=\"67\">S<\/strong><br data-start=\"67\" data-end=\"70\" \/>Mitat: 110 \u00d7 55 \u00d7 300 mm<br data-start=\"94\" data-end=\"97\" \/>Paino: 270 g<\/p>\n<p data-start=\"113\" data-end=\"162\"><strong data-start=\"113\" data-end=\"118\">M<\/strong><br data-start=\"118\" data-end=\"121\" \/>Mitat: 110 \u00d7 55 \u00d7 600 mm<br data-start=\"145\" data-end=\"148\" \/>Paino: 530 g<\/p>\n<p data-start=\"164\" data-end=\"189\">Kiinnitys: tarralla<\/p>\n","protected":false},"excerpt":{"rendered":"<p>SIENNA-suihkuhylly sopii modernin muotoilunsa ansiosta kaikkiin kylpyhuoneisiin. Se on valmistettu korkealaatuisesta alumiinista, mik\u00e4 takaa kest\u00e4vyyden. Integroidun vedenpoistoj\u00e4rjestelm\u00e4n ansiosta vesi ei j\u00e4\u00e4 hyllylle. Hyllyn korotettu reuna varmistaa, ett\u00e4 esineet pysyv\u00e4t tukevasti paikoillaan, ja est\u00e4\u00e4 niiden putoamisen. T\u00e4m\u00e4 k\u00e4yt\u00e4nn\u00f6llinen ja esteettisesti kaunis hylly tekee kylpyhuoneen j\u00e4rjest\u00e4misest\u00e4 helpompaa ja k\u00e4tev\u00e4mp\u00e4\u00e4.<\/p>\n<p><a href=\"https:\/\/fenham.store\/fi\/sienna-suihkuhylly-asennusohjeet\/\"><strong>Asennusohjeet<\/strong><\/a><\/p>\n[fusion_checklist type=\"icons\" icon=\"fusion-prefix-icon-fenhamF\" iconcolor=\"\" hue=\"\" saturation=\"\" lightness=\"\" alpha=\"\" circle=\"\" circlecolor=\"\" textcolor=\"\" size=\"\" item_padding_top=\"\" item_padding_right=\"\" item_padding_bottom=\"\" item_padding_left=\"\" divider=\"\" divider_color=\"\" odd_row_bgcolor=\"\" even_row_bgcolor=\"\" margin_top=\"\" margin_right=\"\" margin_bottom=\"\" margin_left=\"\" hide_on_mobile=\"small-visibility,medium-visibility,large-visibility\" class=\"\" id=\"\" parent_dynamic_content=\"\"][fusion_li_item icon=\"\"]<span style=\"color: var(--awb-color7);\"><strong>Polyesterijauhemaalaus<\/strong><\/span> &#8211; Kest\u00e4v\u00e4 viimeistely, joka kest\u00e4\u00e4 naarmuja ja kulumista.[\/fusion_li_item][fusion_li_item icon=\"\"]<span style=\"color: var(--awb-color7);\"><strong>2mm alumiinia<\/strong><\/span> &#8211; Ruosteeton ja kevyt, t\u00e4ydellinen jokap\u00e4iv\u00e4iseen k\u00e4ytt\u00f6\u00f6n.[\/fusion_li_item][fusion_li_item icon=\"\"]<span style=\"color: var(--awb-color7);\"><strong>Valmistettu EU:ssa<\/strong><\/span> &#8211; Valmistettu eurooppalaisten laatustandardien mukaisesti, joihin voit luottaa.[\/fusion_li_item][\/fusion_checklist]\n","protected":false},"featured_media":5034,"template":"","meta":[],"product_brand":[],"product_cat":[93],"product_tag":[],"class_list":{"0":"post-5031","1":"product","2":"type-product","3":"status-publish","4":"has-post-thumbnail","6":"product_cat-kylpyhuonetarvikkeet","8":"first","9":"instock","10":"sale","11":"taxable","12":"shipping-taxable","13":"purchasable","14":"product-type-variable"},"yoast_head":"<!-- This site is optimized with the Yoast SEO plugin v27.6 - https:\/\/yoast.com\/product\/yoast-seo-wordpress\/ -->\n<title>SIENNA suihkuhylly | Home Accessories<\/title>\n<meta name=\"description\" content=\"Pid\u00e4 kylpyhuoneesi tyylikk\u00e4\u00e4n\u00e4 ja j\u00e4rjestyksess\u00e4 SIENNA-suihkuhyllyll\u00e4. Ruostumattomasta ter\u00e4ksest\u00e4 valmistettu, kest\u00e4v\u00e4 ja turvallinen, vedenpoistoon soveltuva muotoilu.\" \/>\n<meta name=\"robots\" content=\"index, follow, max-snippet:-1, max-image-preview:large, max-video-preview:-1\" \/>\n<link rel=\"canonical\" href=\"https:\/\/fenham.store\/fi\/product\/sienna-suihkuhylly\/\" \/>\n<meta property=\"og:locale\" content=\"fi_FI\" \/>\n<meta property=\"og:type\" content=\"article\" \/>\n<meta property=\"og:title\" content=\"SIENNA suihkuhylly | Home Accessories\" \/>\n<meta property=\"og:description\" content=\"Pid\u00e4 kylpyhuoneesi tyylikk\u00e4\u00e4n\u00e4 ja j\u00e4rjestyksess\u00e4 SIENNA-suihkuhyllyll\u00e4. Ruostumattomasta ter\u00e4ksest\u00e4 valmistettu, kest\u00e4v\u00e4 ja turvallinen, vedenpoistoon soveltuva muotoilu.\" \/>\n<meta property=\"og:url\" content=\"https:\/\/fenham.store\/fi\/product\/sienna-suihkuhylly\/\" \/>\n<meta property=\"og:site_name\" content=\"Fenham concept store\" \/>\n<meta property=\"article:modified_time\" content=\"2026-02-03T02:07:32+00:00\" \/>\n<meta property=\"og:image\" content=\"https:\/\/fenham.store\/wp-content\/uploads\/2025\/05\/SIENNA_Black3.jpg\" \/>\n\t<meta property=\"og:image:width\" content=\"1500\" \/>\n\t<meta property=\"og:image:height\" content=\"1500\" \/>\n\t<meta property=\"og:image:type\" content=\"image\/jpeg\" \/>\n<meta name=\"twitter:card\" content=\"summary_large_image\" \/>\n<meta name=\"twitter:label1\" content=\"Arvioitu lukuaika\" \/>\n\t<meta name=\"twitter:data1\" content=\"1 minuutti\" \/>\n<script type=\"application\/ld+json\" class=\"yoast-schema-graph\">{\"@context\":\"https:\\\/\\\/schema.org\",\"@graph\":[{\"@type\":\"WebPage\",\"@id\":\"https:\\\/\\\/fenham.store\\\/fi\\\/product\\\/sienna-suihkuhylly\\\/\",\"url\":\"https:\\\/\\\/fenham.store\\\/fi\\\/product\\\/sienna-suihkuhylly\\\/\",\"name\":\"SIENNA suihkuhylly | Home Accessories\",\"isPartOf\":{\"@id\":\"https:\\\/\\\/fenham.store\\\/fi\\\/#website\"},\"primaryImageOfPage\":{\"@id\":\"https:\\\/\\\/fenham.store\\\/fi\\\/product\\\/sienna-suihkuhylly\\\/#primaryimage\"},\"image\":{\"@id\":\"https:\\\/\\\/fenham.store\\\/fi\\\/product\\\/sienna-suihkuhylly\\\/#primaryimage\"},\"thumbnailUrl\":\"https:\\\/\\\/fenham.store\\\/wp-content\\\/uploads\\\/2025\\\/01\\\/Sienna_S_M.jpg\",\"datePublished\":\"2025-01-23T23:47:26+00:00\",\"dateModified\":\"2026-02-03T02:07:32+00:00\",\"description\":\"Pid\u00e4 kylpyhuoneesi tyylikk\u00e4\u00e4n\u00e4 ja j\u00e4rjestyksess\u00e4 SIENNA-suihkuhyllyll\u00e4. Ruostumattomasta ter\u00e4ksest\u00e4 valmistettu, kest\u00e4v\u00e4 ja turvallinen, vedenpoistoon soveltuva muotoilu.\",\"breadcrumb\":{\"@id\":\"https:\\\/\\\/fenham.store\\\/fi\\\/product\\\/sienna-suihkuhylly\\\/#breadcrumb\"},\"inLanguage\":\"fi\",\"potentialAction\":[{\"@type\":\"ReadAction\",\"target\":[\"https:\\\/\\\/fenham.store\\\/fi\\\/product\\\/sienna-suihkuhylly\\\/\"]}]},{\"@type\":\"ImageObject\",\"inLanguage\":\"fi\",\"@id\":\"https:\\\/\\\/fenham.store\\\/fi\\\/product\\\/sienna-suihkuhylly\\\/#primaryimage\",\"url\":\"https:\\\/\\\/fenham.store\\\/wp-content\\\/uploads\\\/2025\\\/01\\\/Sienna_S_M.jpg\",\"contentUrl\":\"https:\\\/\\\/fenham.store\\\/wp-content\\\/uploads\\\/2025\\\/01\\\/Sienna_S_M.jpg\",\"width\":1500,\"height\":1500},{\"@type\":\"BreadcrumbList\",\"@id\":\"https:\\\/\\\/fenham.store\\\/fi\\\/product\\\/sienna-suihkuhylly\\\/#breadcrumb\",\"itemListElement\":[{\"@type\":\"ListItem\",\"position\":1,\"name\":\"Home\",\"item\":\"https:\\\/\\\/fenham.store\\\/fi\\\/\"},{\"@type\":\"ListItem\",\"position\":2,\"name\":\"Kauppa\",\"item\":\"https:\\\/\\\/fenham.store\\\/fi\\\/kauppa\\\/\"},{\"@type\":\"ListItem\",\"position\":3,\"name\":\"SIENNA suihkuhylly\"}]},{\"@type\":\"WebSite\",\"@id\":\"https:\\\/\\\/fenham.store\\\/fi\\\/#website\",\"url\":\"https:\\\/\\\/fenham.store\\\/fi\\\/\",\"name\":\"Fenham concept store\",\"description\":\"Concept store\",\"publisher\":{\"@id\":\"https:\\\/\\\/fenham.store\\\/fi\\\/#organization\"},\"alternateName\":\"Home and bathroom accessories\",\"potentialAction\":[{\"@type\":\"SearchAction\",\"target\":{\"@type\":\"EntryPoint\",\"urlTemplate\":\"https:\\\/\\\/fenham.store\\\/fi\\\/?s={search_term_string}\"},\"query-input\":{\"@type\":\"PropertyValueSpecification\",\"valueRequired\":true,\"valueName\":\"search_term_string\"}}],\"inLanguage\":\"fi\"},{\"@type\":\"Organization\",\"@id\":\"https:\\\/\\\/fenham.store\\\/fi\\\/#organization\",\"name\":\"Fenham concept store\",\"url\":\"https:\\\/\\\/fenham.store\\\/fi\\\/\",\"logo\":{\"@type\":\"ImageObject\",\"inLanguage\":\"fi\",\"@id\":\"https:\\\/\\\/fenham.store\\\/fi\\\/#\\\/schema\\\/logo\\\/image\\\/\",\"url\":\"https:\\\/\\\/fenham.store\\\/wp-content\\\/uploads\\\/2025\\\/01\\\/Fenham_logo_600.png\",\"contentUrl\":\"https:\\\/\\\/fenham.store\\\/wp-content\\\/uploads\\\/2025\\\/01\\\/Fenham_logo_600.png\",\"width\":600,\"height\":132,\"caption\":\"Fenham concept store\"},\"image\":{\"@id\":\"https:\\\/\\\/fenham.store\\\/fi\\\/#\\\/schema\\\/logo\\\/image\\\/\"}}]}<\/script>\n<!-- \/ Yoast SEO plugin. -->","yoast_head_json":{"title":"SIENNA suihkuhylly | Home Accessories","description":"Pid\u00e4 kylpyhuoneesi tyylikk\u00e4\u00e4n\u00e4 ja j\u00e4rjestyksess\u00e4 SIENNA-suihkuhyllyll\u00e4. Ruostumattomasta ter\u00e4ksest\u00e4 valmistettu, kest\u00e4v\u00e4 ja turvallinen, vedenpoistoon soveltuva muotoilu.","robots":{"index":"index","follow":"follow","max-snippet":"max-snippet:-1","max-image-preview":"max-image-preview:large","max-video-preview":"max-video-preview:-1"},"canonical":"https:\/\/fenham.store\/fi\/product\/sienna-suihkuhylly\/","og_locale":"fi_FI","og_type":"article","og_title":"SIENNA suihkuhylly | Home Accessories","og_description":"Pid\u00e4 kylpyhuoneesi tyylikk\u00e4\u00e4n\u00e4 ja j\u00e4rjestyksess\u00e4 SIENNA-suihkuhyllyll\u00e4. Ruostumattomasta ter\u00e4ksest\u00e4 valmistettu, kest\u00e4v\u00e4 ja turvallinen, vedenpoistoon soveltuva muotoilu.","og_url":"https:\/\/fenham.store\/fi\/product\/sienna-suihkuhylly\/","og_site_name":"Fenham concept store","article_modified_time":"2026-02-03T02:07:32+00:00","og_image":[{"width":1500,"height":1500,"url":"https:\/\/fenham.store\/wp-content\/uploads\/2025\/05\/SIENNA_Black3.jpg","type":"image\/jpeg"}],"twitter_card":"summary_large_image","twitter_misc":{"Arvioitu lukuaika":"1 minuutti"},"schema":{"@context":"https:\/\/schema.org","@graph":[{"@type":"WebPage","@id":"https:\/\/fenham.store\/fi\/product\/sienna-suihkuhylly\/","url":"https:\/\/fenham.store\/fi\/product\/sienna-suihkuhylly\/","name":"SIENNA suihkuhylly | Home Accessories","isPartOf":{"@id":"https:\/\/fenham.store\/fi\/#website"},"primaryImageOfPage":{"@id":"https:\/\/fenham.store\/fi\/product\/sienna-suihkuhylly\/#primaryimage"},"image":{"@id":"https:\/\/fenham.store\/fi\/product\/sienna-suihkuhylly\/#primaryimage"},"thumbnailUrl":"https:\/\/fenham.store\/wp-content\/uploads\/2025\/01\/Sienna_S_M.jpg","datePublished":"2025-01-23T23:47:26+00:00","dateModified":"2026-02-03T02:07:32+00:00","description":"Pid\u00e4 kylpyhuoneesi tyylikk\u00e4\u00e4n\u00e4 ja j\u00e4rjestyksess\u00e4 SIENNA-suihkuhyllyll\u00e4. Ruostumattomasta ter\u00e4ksest\u00e4 valmistettu, kest\u00e4v\u00e4 ja turvallinen, vedenpoistoon soveltuva muotoilu.","breadcrumb":{"@id":"https:\/\/fenham.store\/fi\/product\/sienna-suihkuhylly\/#breadcrumb"},"inLanguage":"fi","potentialAction":[{"@type":"ReadAction","target":["https:\/\/fenham.store\/fi\/product\/sienna-suihkuhylly\/"]}]},{"@type":"ImageObject","inLanguage":"fi","@id":"https:\/\/fenham.store\/fi\/product\/sienna-suihkuhylly\/#primaryimage","url":"https:\/\/fenham.store\/wp-content\/uploads\/2025\/01\/Sienna_S_M.jpg","contentUrl":"https:\/\/fenham.store\/wp-content\/uploads\/2025\/01\/Sienna_S_M.jpg","width":1500,"height":1500},{"@type":"BreadcrumbList","@id":"https:\/\/fenham.store\/fi\/product\/sienna-suihkuhylly\/#breadcrumb","itemListElement":[{"@type":"ListItem","position":1,"name":"Home","item":"https:\/\/fenham.store\/fi\/"},{"@type":"ListItem","position":2,"name":"Kauppa","item":"https:\/\/fenham.store\/fi\/kauppa\/"},{"@type":"ListItem","position":3,"name":"SIENNA suihkuhylly"}]},{"@type":"WebSite","@id":"https:\/\/fenham.store\/fi\/#website","url":"https:\/\/fenham.store\/fi\/","name":"Fenham concept store","description":"Concept store","publisher":{"@id":"https:\/\/fenham.store\/fi\/#organization"},"alternateName":"Home and bathroom accessories","potentialAction":[{"@type":"SearchAction","target":{"@type":"EntryPoint","urlTemplate":"https:\/\/fenham.store\/fi\/?s={search_term_string}"},"query-input":{"@type":"PropertyValueSpecification","valueRequired":true,"valueName":"search_term_string"}}],"inLanguage":"fi"},{"@type":"Organization","@id":"https:\/\/fenham.store\/fi\/#organization","name":"Fenham concept store","url":"https:\/\/fenham.store\/fi\/","logo":{"@type":"ImageObject","inLanguage":"fi","@id":"https:\/\/fenham.store\/fi\/#\/schema\/logo\/image\/","url":"https:\/\/fenham.store\/wp-content\/uploads\/2025\/01\/Fenham_logo_600.png","contentUrl":"https:\/\/fenham.store\/wp-content\/uploads\/2025\/01\/Fenham_logo_600.png","width":600,"height":132,"caption":"Fenham concept store"},"image":{"@id":"https:\/\/fenham.store\/fi\/#\/schema\/logo\/image\/"}}]}},"_links":{"self":[{"href":"https:\/\/fenham.store\/fi\/wp-json\/wp\/v2\/product\/5031","targetHints":{"allow":["GET"]}}],"collection":[{"href":"https:\/\/fenham.store\/fi\/wp-json\/wp\/v2\/product"}],"about":[{"href":"https:\/\/fenham.store\/fi\/wp-json\/wp\/v2\/types\/product"}],"wp:featuredmedia":[{"embeddable":true,"href":"https:\/\/fenham.store\/fi\/wp-json\/wp\/v2\/media\/5034"}],"wp:attachment":[{"href":"https:\/\/fenham.store\/fi\/wp-json\/wp\/v2\/media?parent=5031"}],"wp:term":[{"taxonomy":"product_brand","embeddable":true,"href":"https:\/\/fenham.store\/fi\/wp-json\/wp\/v2\/product_brand?post=5031"},{"taxonomy":"product_cat","embeddable":true,"href":"https:\/\/fenham.store\/fi\/wp-json\/wp\/v2\/product_cat?post=5031"},{"taxonomy":"product_tag","embeddable":true,"href":"https:\/\/fenham.store\/fi\/wp-json\/wp\/v2\/product_tag?post=5031"}],"curies":[{"name":"wp","href":"https:\/\/api.w.org\/{rel}","templated":true}]}}