{"id":5012,"date":"2025-01-23T23:50:48","date_gmt":"2025-01-23T23:50:48","guid":{"rendered":"https:\/\/fenham.store\/product\/eva-tarjotin\/"},"modified":"2025-09-23T07:52:55","modified_gmt":"2025-09-23T07:52:55","slug":"eva-tarjotin","status":"publish","type":"product","link":"https:\/\/fenham.store\/fi\/product\/eva-tarjotin\/","title":{"rendered":"EVA-tarjotin"},"content":{"rendered":"<p>Mitat: 408 \u00d7 210 \u00d7 38 mm<br data-start=\"57\" data-end=\"60\" \/>Paino: 470 g<\/p>\n","protected":false},"excerpt":{"rendered":"<div class=\"flex max-w-full flex-col flex-grow\">\n<div class=\"min-h-8 text-message flex w-full flex-col items-end gap-2 whitespace-normal break-words [.text-message+&amp;]:mt-5\" dir=\"auto\" data-message-author-role=\"assistant\" data-message-id=\"24dd9b42-eed7-451a-be73-e6f2f42a6737\" data-message-model-slug=\"gpt-4o\">\n<div class=\"flex w-full flex-col gap-1 empty:hidden first:pt-[3px]\">\n<div class=\"markdown prose w-full break-words dark:prose-invert light\">\n<p>EVA-tarjotin on monipuolinen ja tyylikk\u00e4\u00e4n yksinkertainen, ja se on hy\u00f6dyllinen sek\u00e4 ruoan ja juomien tarjoiluun ett\u00e4 koristeena. Kahvojen ansiosta tarjotin on helppo ja turvallinen pit\u00e4\u00e4 k\u00e4dess\u00e4, mik\u00e4 tekee tarjoilusta sujuvaa ja nautinnollista. EVA-tarjotin tarjoaa my\u00f6s tyylikk\u00e4\u00e4n ratkaisun kynttil\u00f6iden, maljakoiden ja muiden koriste-esineiden j\u00e4rjest\u00e4miseen ja esillepanoon kodissasi. Lis\u00e4ksi sit\u00e4 voidaan k\u00e4ytt\u00e4\u00e4 tarjottimena ruoan esitt\u00e4miseen, mik\u00e4 tarjoaa kauniin ja toimivan tavan tarjoiluun. EVA yhdist\u00e4\u00e4 k\u00e4yt\u00e4nn\u00f6llisyyden ja muotoilun, joten se on ihanteellinen lis\u00e4 mihin tahansa kotiin.<\/p>\n<\/div>\n<\/div>\n<\/div>\n<\/div>\n[fusion_checklist type=\"icons\" icon=\"fusion-prefix-icon-fenhamF\" iconcolor=\"\" hue=\"\" saturation=\"\" lightness=\"\" alpha=\"\" circle=\"\" circlecolor=\"\" textcolor=\"\" size=\"\" item_padding_top=\"\" item_padding_right=\"\" item_padding_bottom=\"\" item_padding_left=\"\" divider=\"\" divider_color=\"\" odd_row_bgcolor=\"\" even_row_bgcolor=\"\" margin_top=\"\" margin_right=\"\" margin_bottom=\"\" margin_left=\"\" hide_on_mobile=\"small-visibility,medium-visibility,large-visibility\" class=\"\" id=\"\" parent_dynamic_content=\"\"][fusion_li_item icon=\"\"]<span style=\"color: var(--awb-color7);\"><strong>Polyesterijauhemaalaus<\/strong><\/span> &#8211; Kest\u00e4v\u00e4 viimeistely, joka kest\u00e4\u00e4 naarmuja ja kulumista.[\/fusion_li_item][fusion_li_item icon=\"\"]<span style=\"color: var(--awb-color7);\"><strong>2mm alumiinia<\/strong><\/span> &#8211; Kevyt ja pitk\u00e4ik\u00e4inen, t\u00e4ydellinen jokap\u00e4iv\u00e4iseen k\u00e4ytt\u00f6\u00f6n.[\/fusion_li_item][fusion_li_item icon=\"\"]<span style=\"color: var(--awb-color7);\"><strong>Valmistettu EU:ssa<\/strong><\/span> &#8211; Valmistettu eurooppalaisten laatustandardien mukaisesti, joihin voit luottaa.[\/fusion_li_item][\/fusion_checklist]\n","protected":false},"featured_media":5014,"template":"","meta":[],"product_brand":[],"product_cat":[94,92],"product_tag":[],"class_list":{"0":"post-5012","1":"product","2":"type-product","3":"status-publish","4":"has-post-thumbnail","6":"product_cat-keittiotarvikkeet","7":"product_cat-olohuoneen-tarvikkeet","9":"first","10":"instock","11":"sale","12":"taxable","13":"shipping-taxable","14":"purchasable","15":"product-type-variable"},"yoast_head":"<!-- This site is optimized with the Yoast SEO plugin v27.6 - https:\/\/yoast.com\/product\/yoast-seo-wordpress\/ -->\n<title>EVA-tarjotin | Home Accessories<\/title>\n<meta name=\"description\" content=\"EVA-tarjotin on monipuolinen ja tyylikk\u00e4\u00e4n yksinkertainen, ja se on hy\u00f6dyllinen sek\u00e4 ruoan ja juomien tarjoiluun ett\u00e4 koristeena. Tekee tarjoilusta sujuvaa ja nautinnollista\" \/>\n<meta name=\"robots\" content=\"index, follow, max-snippet:-1, max-image-preview:large, max-video-preview:-1\" \/>\n<link rel=\"canonical\" href=\"https:\/\/fenham.store\/fi\/product\/eva-tarjotin\/\" \/>\n<meta property=\"og:locale\" content=\"fi_FI\" \/>\n<meta property=\"og:type\" content=\"article\" \/>\n<meta property=\"og:title\" content=\"EVA-tarjotin | Home Accessories\" \/>\n<meta property=\"og:description\" content=\"EVA-tarjotin on monipuolinen ja tyylikk\u00e4\u00e4n yksinkertainen, ja se on hy\u00f6dyllinen sek\u00e4 ruoan ja juomien tarjoiluun ett\u00e4 koristeena. Tekee tarjoilusta sujuvaa ja nautinnollista\" \/>\n<meta property=\"og:url\" content=\"https:\/\/fenham.store\/fi\/product\/eva-tarjotin\/\" \/>\n<meta property=\"og:site_name\" content=\"Fenham concept store\" \/>\n<meta property=\"article:modified_time\" content=\"2025-09-23T07:52:55+00:00\" \/>\n<meta property=\"og:image\" content=\"https:\/\/fenham.store\/wp-content\/uploads\/2025\/05\/EVA_Black3.jpg\" \/>\n\t<meta property=\"og:image:width\" content=\"1500\" \/>\n\t<meta property=\"og:image:height\" content=\"1500\" \/>\n\t<meta property=\"og:image:type\" content=\"image\/jpeg\" \/>\n<meta name=\"twitter:card\" content=\"summary_large_image\" \/>\n<meta name=\"twitter:label1\" content=\"Arvioitu lukuaika\" \/>\n\t<meta name=\"twitter:data1\" content=\"1 minuutti\" \/>\n<script type=\"application\/ld+json\" class=\"yoast-schema-graph\">{\"@context\":\"https:\\\/\\\/schema.org\",\"@graph\":[{\"@type\":\"WebPage\",\"@id\":\"https:\\\/\\\/fenham.store\\\/fi\\\/product\\\/eva-tarjotin\\\/\",\"url\":\"https:\\\/\\\/fenham.store\\\/fi\\\/product\\\/eva-tarjotin\\\/\",\"name\":\"EVA-tarjotin | Home Accessories\",\"isPartOf\":{\"@id\":\"https:\\\/\\\/fenham.store\\\/fi\\\/#website\"},\"primaryImageOfPage\":{\"@id\":\"https:\\\/\\\/fenham.store\\\/fi\\\/product\\\/eva-tarjotin\\\/#primaryimage\"},\"image\":{\"@id\":\"https:\\\/\\\/fenham.store\\\/fi\\\/product\\\/eva-tarjotin\\\/#primaryimage\"},\"thumbnailUrl\":\"https:\\\/\\\/fenham.store\\\/wp-content\\\/uploads\\\/2025\\\/01\\\/Eva_white_ruut.jpg\",\"datePublished\":\"2025-01-23T23:50:48+00:00\",\"dateModified\":\"2025-09-23T07:52:55+00:00\",\"description\":\"EVA-tarjotin on monipuolinen ja tyylikk\u00e4\u00e4n yksinkertainen, ja se on hy\u00f6dyllinen sek\u00e4 ruoan ja juomien tarjoiluun ett\u00e4 koristeena. Tekee tarjoilusta sujuvaa ja nautinnollista\",\"breadcrumb\":{\"@id\":\"https:\\\/\\\/fenham.store\\\/fi\\\/product\\\/eva-tarjotin\\\/#breadcrumb\"},\"inLanguage\":\"fi\",\"potentialAction\":[{\"@type\":\"ReadAction\",\"target\":[\"https:\\\/\\\/fenham.store\\\/fi\\\/product\\\/eva-tarjotin\\\/\"]}]},{\"@type\":\"ImageObject\",\"inLanguage\":\"fi\",\"@id\":\"https:\\\/\\\/fenham.store\\\/fi\\\/product\\\/eva-tarjotin\\\/#primaryimage\",\"url\":\"https:\\\/\\\/fenham.store\\\/wp-content\\\/uploads\\\/2025\\\/01\\\/Eva_white_ruut.jpg\",\"contentUrl\":\"https:\\\/\\\/fenham.store\\\/wp-content\\\/uploads\\\/2025\\\/01\\\/Eva_white_ruut.jpg\",\"width\":1500,\"height\":1500},{\"@type\":\"BreadcrumbList\",\"@id\":\"https:\\\/\\\/fenham.store\\\/fi\\\/product\\\/eva-tarjotin\\\/#breadcrumb\",\"itemListElement\":[{\"@type\":\"ListItem\",\"position\":1,\"name\":\"Home\",\"item\":\"https:\\\/\\\/fenham.store\\\/fi\\\/\"},{\"@type\":\"ListItem\",\"position\":2,\"name\":\"Kauppa\",\"item\":\"https:\\\/\\\/fenham.store\\\/fi\\\/kauppa\\\/\"},{\"@type\":\"ListItem\",\"position\":3,\"name\":\"EVA-tarjotin\"}]},{\"@type\":\"WebSite\",\"@id\":\"https:\\\/\\\/fenham.store\\\/fi\\\/#website\",\"url\":\"https:\\\/\\\/fenham.store\\\/fi\\\/\",\"name\":\"Fenham concept store\",\"description\":\"Concept store\",\"publisher\":{\"@id\":\"https:\\\/\\\/fenham.store\\\/fi\\\/#organization\"},\"alternateName\":\"Home and bathroom accessories\",\"potentialAction\":[{\"@type\":\"SearchAction\",\"target\":{\"@type\":\"EntryPoint\",\"urlTemplate\":\"https:\\\/\\\/fenham.store\\\/fi\\\/?s={search_term_string}\"},\"query-input\":{\"@type\":\"PropertyValueSpecification\",\"valueRequired\":true,\"valueName\":\"search_term_string\"}}],\"inLanguage\":\"fi\"},{\"@type\":\"Organization\",\"@id\":\"https:\\\/\\\/fenham.store\\\/fi\\\/#organization\",\"name\":\"Fenham concept store\",\"url\":\"https:\\\/\\\/fenham.store\\\/fi\\\/\",\"logo\":{\"@type\":\"ImageObject\",\"inLanguage\":\"fi\",\"@id\":\"https:\\\/\\\/fenham.store\\\/fi\\\/#\\\/schema\\\/logo\\\/image\\\/\",\"url\":\"https:\\\/\\\/fenham.store\\\/wp-content\\\/uploads\\\/2025\\\/01\\\/Fenham_logo_600.png\",\"contentUrl\":\"https:\\\/\\\/fenham.store\\\/wp-content\\\/uploads\\\/2025\\\/01\\\/Fenham_logo_600.png\",\"width\":600,\"height\":132,\"caption\":\"Fenham concept store\"},\"image\":{\"@id\":\"https:\\\/\\\/fenham.store\\\/fi\\\/#\\\/schema\\\/logo\\\/image\\\/\"}}]}<\/script>\n<!-- \/ Yoast SEO plugin. -->","yoast_head_json":{"title":"EVA-tarjotin | Home Accessories","description":"EVA-tarjotin on monipuolinen ja tyylikk\u00e4\u00e4n yksinkertainen, ja se on hy\u00f6dyllinen sek\u00e4 ruoan ja juomien tarjoiluun ett\u00e4 koristeena. Tekee tarjoilusta sujuvaa ja nautinnollista","robots":{"index":"index","follow":"follow","max-snippet":"max-snippet:-1","max-image-preview":"max-image-preview:large","max-video-preview":"max-video-preview:-1"},"canonical":"https:\/\/fenham.store\/fi\/product\/eva-tarjotin\/","og_locale":"fi_FI","og_type":"article","og_title":"EVA-tarjotin | Home Accessories","og_description":"EVA-tarjotin on monipuolinen ja tyylikk\u00e4\u00e4n yksinkertainen, ja se on hy\u00f6dyllinen sek\u00e4 ruoan ja juomien tarjoiluun ett\u00e4 koristeena. Tekee tarjoilusta sujuvaa ja nautinnollista","og_url":"https:\/\/fenham.store\/fi\/product\/eva-tarjotin\/","og_site_name":"Fenham concept store","article_modified_time":"2025-09-23T07:52:55+00:00","og_image":[{"width":1500,"height":1500,"url":"https:\/\/fenham.store\/wp-content\/uploads\/2025\/05\/EVA_Black3.jpg","type":"image\/jpeg"}],"twitter_card":"summary_large_image","twitter_misc":{"Arvioitu lukuaika":"1 minuutti"},"schema":{"@context":"https:\/\/schema.org","@graph":[{"@type":"WebPage","@id":"https:\/\/fenham.store\/fi\/product\/eva-tarjotin\/","url":"https:\/\/fenham.store\/fi\/product\/eva-tarjotin\/","name":"EVA-tarjotin | Home Accessories","isPartOf":{"@id":"https:\/\/fenham.store\/fi\/#website"},"primaryImageOfPage":{"@id":"https:\/\/fenham.store\/fi\/product\/eva-tarjotin\/#primaryimage"},"image":{"@id":"https:\/\/fenham.store\/fi\/product\/eva-tarjotin\/#primaryimage"},"thumbnailUrl":"https:\/\/fenham.store\/wp-content\/uploads\/2025\/01\/Eva_white_ruut.jpg","datePublished":"2025-01-23T23:50:48+00:00","dateModified":"2025-09-23T07:52:55+00:00","description":"EVA-tarjotin on monipuolinen ja tyylikk\u00e4\u00e4n yksinkertainen, ja se on hy\u00f6dyllinen sek\u00e4 ruoan ja juomien tarjoiluun ett\u00e4 koristeena. Tekee tarjoilusta sujuvaa ja nautinnollista","breadcrumb":{"@id":"https:\/\/fenham.store\/fi\/product\/eva-tarjotin\/#breadcrumb"},"inLanguage":"fi","potentialAction":[{"@type":"ReadAction","target":["https:\/\/fenham.store\/fi\/product\/eva-tarjotin\/"]}]},{"@type":"ImageObject","inLanguage":"fi","@id":"https:\/\/fenham.store\/fi\/product\/eva-tarjotin\/#primaryimage","url":"https:\/\/fenham.store\/wp-content\/uploads\/2025\/01\/Eva_white_ruut.jpg","contentUrl":"https:\/\/fenham.store\/wp-content\/uploads\/2025\/01\/Eva_white_ruut.jpg","width":1500,"height":1500},{"@type":"BreadcrumbList","@id":"https:\/\/fenham.store\/fi\/product\/eva-tarjotin\/#breadcrumb","itemListElement":[{"@type":"ListItem","position":1,"name":"Home","item":"https:\/\/fenham.store\/fi\/"},{"@type":"ListItem","position":2,"name":"Kauppa","item":"https:\/\/fenham.store\/fi\/kauppa\/"},{"@type":"ListItem","position":3,"name":"EVA-tarjotin"}]},{"@type":"WebSite","@id":"https:\/\/fenham.store\/fi\/#website","url":"https:\/\/fenham.store\/fi\/","name":"Fenham concept store","description":"Concept store","publisher":{"@id":"https:\/\/fenham.store\/fi\/#organization"},"alternateName":"Home and bathroom accessories","potentialAction":[{"@type":"SearchAction","target":{"@type":"EntryPoint","urlTemplate":"https:\/\/fenham.store\/fi\/?s={search_term_string}"},"query-input":{"@type":"PropertyValueSpecification","valueRequired":true,"valueName":"search_term_string"}}],"inLanguage":"fi"},{"@type":"Organization","@id":"https:\/\/fenham.store\/fi\/#organization","name":"Fenham concept store","url":"https:\/\/fenham.store\/fi\/","logo":{"@type":"ImageObject","inLanguage":"fi","@id":"https:\/\/fenham.store\/fi\/#\/schema\/logo\/image\/","url":"https:\/\/fenham.store\/wp-content\/uploads\/2025\/01\/Fenham_logo_600.png","contentUrl":"https:\/\/fenham.store\/wp-content\/uploads\/2025\/01\/Fenham_logo_600.png","width":600,"height":132,"caption":"Fenham concept store"},"image":{"@id":"https:\/\/fenham.store\/fi\/#\/schema\/logo\/image\/"}}]}},"_links":{"self":[{"href":"https:\/\/fenham.store\/fi\/wp-json\/wp\/v2\/product\/5012","targetHints":{"allow":["GET"]}}],"collection":[{"href":"https:\/\/fenham.store\/fi\/wp-json\/wp\/v2\/product"}],"about":[{"href":"https:\/\/fenham.store\/fi\/wp-json\/wp\/v2\/types\/product"}],"wp:featuredmedia":[{"embeddable":true,"href":"https:\/\/fenham.store\/fi\/wp-json\/wp\/v2\/media\/5014"}],"wp:attachment":[{"href":"https:\/\/fenham.store\/fi\/wp-json\/wp\/v2\/media?parent=5012"}],"wp:term":[{"taxonomy":"product_brand","embeddable":true,"href":"https:\/\/fenham.store\/fi\/wp-json\/wp\/v2\/product_brand?post=5012"},{"taxonomy":"product_cat","embeddable":true,"href":"https:\/\/fenham.store\/fi\/wp-json\/wp\/v2\/product_cat?post=5012"},{"taxonomy":"product_tag","embeddable":true,"href":"https:\/\/fenham.store\/fi\/wp-json\/wp\/v2\/product_tag?post=5012"}],"curies":[{"name":"wp","href":"https:\/\/api.w.org\/{rel}","templated":true}]}}