{"id":4987,"date":"2019-10-21T09:05:42","date_gmt":"2019-10-21T09:05:42","guid":{"rendered":"https:\/\/fenham.store\/product\/lily-nenaliinarasia\/"},"modified":"2019-10-21T09:05:42","modified_gmt":"2019-10-21T09:05:42","slug":"lily-nenaliinarasia","status":"publish","type":"product","link":"https:\/\/fenham.store\/fi\/product\/lily-nenaliinarasia\/","title":{"rendered":"LILY-nen\u00e4liinarasia"},"content":{"rendered":"<p>Mitat: 110 \u00d7 55 \u00d7 300 mm<br \/>\nPaino: 570 g<\/p>\n","protected":false},"excerpt":{"rendered":"<p>LILY lautasliinarasia pit\u00e4\u00e4 lautasliinat j\u00e4rjestyksess\u00e4 ja toimii samalla kauniina sisustuselementtin\u00e4 kotonasi. Se on helppo siirt\u00e4\u00e4 paikasta toiseen, tuoden k\u00e4yt\u00e4nn\u00f6llisyytt\u00e4 arkeen. Sopii lautasliinoille, joiden pituus on enint\u00e4\u00e4n 24 cm.  <\/p>\n[fusion_checklist type=\"icons\" icon=\"fusion-prefix-icon-fenhamF\" iconcolor=\"\" hue=\"\" saturation=\"\" lightness=\"\" alpha=\"\" circle=\"\" circlecolor=\"\" textcolor=\"\" size=\"\" item_padding_top=\"\" item_padding_right=\"\" item_padding_bottom=\"\" item_padding_left=\"\" divider=\"\" divider_color=\"\" odd_row_bgcolor=\"\" even_row_bgcolor=\"\" margin_top=\"\" margin_right=\"\" margin_bottom=\"\" margin_left=\"\" hide_on_mobile=\"small-visibility,medium-visibility,large-visibility\" class=\"\" id=\"\" parent_dynamic_content=\"\"][fusion_li_item icon=\"\"]<span style=\"color: var(--awb-color7);\"><strong>Polyesterijauhemaalaus<\/strong><\/span> &#8211; Kest\u00e4v\u00e4 viimeistely, joka kest\u00e4\u00e4 naarmuja ja kulumista.[\/fusion_li_item][fusion_li_item icon=\"\"]<span style=\"color: var(--awb-color7);\"><strong>2mm alumiinia<\/strong><\/span> &#8211; Ruosteeton ja kevyt, t\u00e4ydellinen jokap\u00e4iv\u00e4iseen k\u00e4ytt\u00f6\u00f6n.[\/fusion_li_item][fusion_li_item icon=\"\"]<span style=\"color: var(--awb-color7);\"><strong>Valmistettu EU:ssa<\/strong><\/span> &#8211; Valmistettu eurooppalaisten laatustandardien mukaisesti, joihin voit luottaa.[\/fusion_li_item][\/fusion_checklist]\n","protected":false},"featured_media":4989,"template":"","meta":[],"product_brand":[],"product_cat":[94,93,95,92],"product_tag":[],"class_list":{"0":"post-4987","1":"product","2":"type-product","3":"status-publish","4":"has-post-thumbnail","6":"product_cat-keittiotarvikkeet","7":"product_cat-kylpyhuonetarvikkeet","8":"product_cat-makuuhuone","9":"product_cat-olohuoneen-tarvikkeet","11":"first","12":"outofstock","13":"taxable","14":"shipping-taxable","15":"purchasable","16":"product-type-variable"},"yoast_head":"<!-- This site is optimized with the Yoast SEO plugin v27.6 - https:\/\/yoast.com\/product\/yoast-seo-wordpress\/ -->\n<title>LILY-nen\u00e4liinarasia | Home Accessories<\/title>\n<meta name=\"description\" content=\"LILY-nen\u00e4liinarasia. High-Quality home accessories made of powder-coated stainless steel and aluminium. Designed and made in Europe.\" \/>\n<meta name=\"robots\" content=\"index, follow, max-snippet:-1, max-image-preview:large, max-video-preview:-1\" \/>\n<link rel=\"canonical\" href=\"https:\/\/fenham.store\/fi\/product\/lily-nenaliinarasia\/\" \/>\n<meta property=\"og:locale\" content=\"fi_FI\" \/>\n<meta property=\"og:type\" content=\"article\" \/>\n<meta property=\"og:title\" content=\"LILY-nen\u00e4liinarasia | Home Accessories\" \/>\n<meta property=\"og:description\" content=\"LILY-nen\u00e4liinarasia. High-Quality home accessories made of powder-coated stainless steel and aluminium. Designed and made in Europe.\" \/>\n<meta property=\"og:url\" content=\"https:\/\/fenham.store\/fi\/product\/lily-nenaliinarasia\/\" \/>\n<meta property=\"og:site_name\" content=\"Fenham concept store\" \/>\n<meta property=\"og:image\" content=\"https:\/\/fenham.store\/wp-content\/uploads\/2019\/10\/LILY_black.jpg\" \/>\n\t<meta property=\"og:image:width\" content=\"1500\" \/>\n\t<meta property=\"og:image:height\" content=\"1500\" \/>\n\t<meta property=\"og:image:type\" content=\"image\/jpeg\" \/>\n<meta name=\"twitter:card\" content=\"summary_large_image\" \/>\n<script type=\"application\/ld+json\" class=\"yoast-schema-graph\">{\"@context\":\"https:\\\/\\\/schema.org\",\"@graph\":[{\"@type\":\"WebPage\",\"@id\":\"https:\\\/\\\/fenham.store\\\/fi\\\/product\\\/lily-nenaliinarasia\\\/\",\"url\":\"https:\\\/\\\/fenham.store\\\/fi\\\/product\\\/lily-nenaliinarasia\\\/\",\"name\":\"LILY-nen\u00e4liinarasia | Home Accessories\",\"isPartOf\":{\"@id\":\"https:\\\/\\\/fenham.store\\\/fi\\\/#website\"},\"primaryImageOfPage\":{\"@id\":\"https:\\\/\\\/fenham.store\\\/fi\\\/product\\\/lily-nenaliinarasia\\\/#primaryimage\"},\"image\":{\"@id\":\"https:\\\/\\\/fenham.store\\\/fi\\\/product\\\/lily-nenaliinarasia\\\/#primaryimage\"},\"thumbnailUrl\":\"https:\\\/\\\/fenham.store\\\/wp-content\\\/uploads\\\/2019\\\/10\\\/LILY_black.jpg\",\"datePublished\":\"2019-10-21T09:05:42+00:00\",\"description\":\"LILY-nen\u00e4liinarasia. High-Quality home accessories made of powder-coated stainless steel and aluminium. Designed and made in Europe.\",\"breadcrumb\":{\"@id\":\"https:\\\/\\\/fenham.store\\\/fi\\\/product\\\/lily-nenaliinarasia\\\/#breadcrumb\"},\"inLanguage\":\"fi\",\"potentialAction\":[{\"@type\":\"ReadAction\",\"target\":[\"https:\\\/\\\/fenham.store\\\/fi\\\/product\\\/lily-nenaliinarasia\\\/\"]}]},{\"@type\":\"ImageObject\",\"inLanguage\":\"fi\",\"@id\":\"https:\\\/\\\/fenham.store\\\/fi\\\/product\\\/lily-nenaliinarasia\\\/#primaryimage\",\"url\":\"https:\\\/\\\/fenham.store\\\/wp-content\\\/uploads\\\/2019\\\/10\\\/LILY_black.jpg\",\"contentUrl\":\"https:\\\/\\\/fenham.store\\\/wp-content\\\/uploads\\\/2019\\\/10\\\/LILY_black.jpg\",\"width\":1500,\"height\":1500},{\"@type\":\"BreadcrumbList\",\"@id\":\"https:\\\/\\\/fenham.store\\\/fi\\\/product\\\/lily-nenaliinarasia\\\/#breadcrumb\",\"itemListElement\":[{\"@type\":\"ListItem\",\"position\":1,\"name\":\"Home\",\"item\":\"https:\\\/\\\/fenham.store\\\/fi\\\/\"},{\"@type\":\"ListItem\",\"position\":2,\"name\":\"Kauppa\",\"item\":\"https:\\\/\\\/fenham.store\\\/fi\\\/kauppa\\\/\"},{\"@type\":\"ListItem\",\"position\":3,\"name\":\"LILY-nen\u00e4liinarasia\"}]},{\"@type\":\"WebSite\",\"@id\":\"https:\\\/\\\/fenham.store\\\/fi\\\/#website\",\"url\":\"https:\\\/\\\/fenham.store\\\/fi\\\/\",\"name\":\"Fenham concept store\",\"description\":\"Concept store\",\"publisher\":{\"@id\":\"https:\\\/\\\/fenham.store\\\/fi\\\/#organization\"},\"alternateName\":\"Home and bathroom accessories\",\"potentialAction\":[{\"@type\":\"SearchAction\",\"target\":{\"@type\":\"EntryPoint\",\"urlTemplate\":\"https:\\\/\\\/fenham.store\\\/fi\\\/?s={search_term_string}\"},\"query-input\":{\"@type\":\"PropertyValueSpecification\",\"valueRequired\":true,\"valueName\":\"search_term_string\"}}],\"inLanguage\":\"fi\"},{\"@type\":\"Organization\",\"@id\":\"https:\\\/\\\/fenham.store\\\/fi\\\/#organization\",\"name\":\"Fenham concept store\",\"url\":\"https:\\\/\\\/fenham.store\\\/fi\\\/\",\"logo\":{\"@type\":\"ImageObject\",\"inLanguage\":\"fi\",\"@id\":\"https:\\\/\\\/fenham.store\\\/fi\\\/#\\\/schema\\\/logo\\\/image\\\/\",\"url\":\"https:\\\/\\\/fenham.store\\\/wp-content\\\/uploads\\\/2025\\\/01\\\/Fenham_logo_600.png\",\"contentUrl\":\"https:\\\/\\\/fenham.store\\\/wp-content\\\/uploads\\\/2025\\\/01\\\/Fenham_logo_600.png\",\"width\":600,\"height\":132,\"caption\":\"Fenham concept store\"},\"image\":{\"@id\":\"https:\\\/\\\/fenham.store\\\/fi\\\/#\\\/schema\\\/logo\\\/image\\\/\"}}]}<\/script>\n<!-- \/ Yoast SEO plugin. -->","yoast_head_json":{"title":"LILY-nen\u00e4liinarasia | Home Accessories","description":"LILY-nen\u00e4liinarasia. High-Quality home accessories made of powder-coated stainless steel and aluminium. Designed and made in Europe.","robots":{"index":"index","follow":"follow","max-snippet":"max-snippet:-1","max-image-preview":"max-image-preview:large","max-video-preview":"max-video-preview:-1"},"canonical":"https:\/\/fenham.store\/fi\/product\/lily-nenaliinarasia\/","og_locale":"fi_FI","og_type":"article","og_title":"LILY-nen\u00e4liinarasia | Home Accessories","og_description":"LILY-nen\u00e4liinarasia. High-Quality home accessories made of powder-coated stainless steel and aluminium. Designed and made in Europe.","og_url":"https:\/\/fenham.store\/fi\/product\/lily-nenaliinarasia\/","og_site_name":"Fenham concept store","og_image":[{"width":1500,"height":1500,"url":"https:\/\/fenham.store\/wp-content\/uploads\/2019\/10\/LILY_black.jpg","type":"image\/jpeg"}],"twitter_card":"summary_large_image","schema":{"@context":"https:\/\/schema.org","@graph":[{"@type":"WebPage","@id":"https:\/\/fenham.store\/fi\/product\/lily-nenaliinarasia\/","url":"https:\/\/fenham.store\/fi\/product\/lily-nenaliinarasia\/","name":"LILY-nen\u00e4liinarasia | Home Accessories","isPartOf":{"@id":"https:\/\/fenham.store\/fi\/#website"},"primaryImageOfPage":{"@id":"https:\/\/fenham.store\/fi\/product\/lily-nenaliinarasia\/#primaryimage"},"image":{"@id":"https:\/\/fenham.store\/fi\/product\/lily-nenaliinarasia\/#primaryimage"},"thumbnailUrl":"https:\/\/fenham.store\/wp-content\/uploads\/2019\/10\/LILY_black.jpg","datePublished":"2019-10-21T09:05:42+00:00","description":"LILY-nen\u00e4liinarasia. High-Quality home accessories made of powder-coated stainless steel and aluminium. Designed and made in Europe.","breadcrumb":{"@id":"https:\/\/fenham.store\/fi\/product\/lily-nenaliinarasia\/#breadcrumb"},"inLanguage":"fi","potentialAction":[{"@type":"ReadAction","target":["https:\/\/fenham.store\/fi\/product\/lily-nenaliinarasia\/"]}]},{"@type":"ImageObject","inLanguage":"fi","@id":"https:\/\/fenham.store\/fi\/product\/lily-nenaliinarasia\/#primaryimage","url":"https:\/\/fenham.store\/wp-content\/uploads\/2019\/10\/LILY_black.jpg","contentUrl":"https:\/\/fenham.store\/wp-content\/uploads\/2019\/10\/LILY_black.jpg","width":1500,"height":1500},{"@type":"BreadcrumbList","@id":"https:\/\/fenham.store\/fi\/product\/lily-nenaliinarasia\/#breadcrumb","itemListElement":[{"@type":"ListItem","position":1,"name":"Home","item":"https:\/\/fenham.store\/fi\/"},{"@type":"ListItem","position":2,"name":"Kauppa","item":"https:\/\/fenham.store\/fi\/kauppa\/"},{"@type":"ListItem","position":3,"name":"LILY-nen\u00e4liinarasia"}]},{"@type":"WebSite","@id":"https:\/\/fenham.store\/fi\/#website","url":"https:\/\/fenham.store\/fi\/","name":"Fenham concept store","description":"Concept store","publisher":{"@id":"https:\/\/fenham.store\/fi\/#organization"},"alternateName":"Home and bathroom accessories","potentialAction":[{"@type":"SearchAction","target":{"@type":"EntryPoint","urlTemplate":"https:\/\/fenham.store\/fi\/?s={search_term_string}"},"query-input":{"@type":"PropertyValueSpecification","valueRequired":true,"valueName":"search_term_string"}}],"inLanguage":"fi"},{"@type":"Organization","@id":"https:\/\/fenham.store\/fi\/#organization","name":"Fenham concept store","url":"https:\/\/fenham.store\/fi\/","logo":{"@type":"ImageObject","inLanguage":"fi","@id":"https:\/\/fenham.store\/fi\/#\/schema\/logo\/image\/","url":"https:\/\/fenham.store\/wp-content\/uploads\/2025\/01\/Fenham_logo_600.png","contentUrl":"https:\/\/fenham.store\/wp-content\/uploads\/2025\/01\/Fenham_logo_600.png","width":600,"height":132,"caption":"Fenham concept store"},"image":{"@id":"https:\/\/fenham.store\/fi\/#\/schema\/logo\/image\/"}}]}},"_links":{"self":[{"href":"https:\/\/fenham.store\/fi\/wp-json\/wp\/v2\/product\/4987","targetHints":{"allow":["GET"]}}],"collection":[{"href":"https:\/\/fenham.store\/fi\/wp-json\/wp\/v2\/product"}],"about":[{"href":"https:\/\/fenham.store\/fi\/wp-json\/wp\/v2\/types\/product"}],"wp:featuredmedia":[{"embeddable":true,"href":"https:\/\/fenham.store\/fi\/wp-json\/wp\/v2\/media\/4989"}],"wp:attachment":[{"href":"https:\/\/fenham.store\/fi\/wp-json\/wp\/v2\/media?parent=4987"}],"wp:term":[{"taxonomy":"product_brand","embeddable":true,"href":"https:\/\/fenham.store\/fi\/wp-json\/wp\/v2\/product_brand?post=4987"},{"taxonomy":"product_cat","embeddable":true,"href":"https:\/\/fenham.store\/fi\/wp-json\/wp\/v2\/product_cat?post=4987"},{"taxonomy":"product_tag","embeddable":true,"href":"https:\/\/fenham.store\/fi\/wp-json\/wp\/v2\/product_tag?post=4987"}],"curies":[{"name":"wp","href":"https:\/\/api.w.org\/{rel}","templated":true}]}}