{"id":5093,"date":"2024-11-07T11:36:38","date_gmt":"2024-11-07T11:36:38","guid":{"rendered":"https:\/\/fenham.store\/ehdot-ja-edellytykset\/"},"modified":"2025-09-15T08:44:53","modified_gmt":"2025-09-15T08:44:53","slug":"ehdot-ja-edellytykset","status":"publish","type":"page","link":"https:\/\/fenham.store\/fi\/ehdot-ja-edellytykset\/","title":{"rendered":"Ehdot ja edellytykset"},"content":{"rendered":"<div class=\"fusion-fullwidth fullwidth-box fusion-builder-row-1 fusion-flex-container has-pattern-background has-mask-background nonhundred-percent-fullwidth non-hundred-percent-height-scrolling\" style=\"--awb-border-radius-top-left:0px;--awb-border-radius-top-right:0px;--awb-border-radius-bottom-right:0px;--awb-border-radius-bottom-left:0px;--awb-padding-top:20px;--awb-flex-wrap:wrap;\" ><div class=\"fusion-builder-row fusion-row fusion-flex-align-items-flex-start fusion-flex-content-wrap\" style=\"max-width:1320.8px;margin-left: calc(-4% \/ 2 );margin-right: calc(-4% \/ 2 );\"><div class=\"fusion-layout-column fusion_builder_column fusion-builder-column-0 fusion_builder_column_1_1 1_1 fusion-flex-column\" style=\"--awb-bg-size:cover;--awb-width-large:100%;--awb-margin-top-large:25px;--awb-spacing-right-large:1.92%;--awb-margin-bottom-large:25px;--awb-spacing-left-large:1.92%;--awb-width-medium:100%;--awb-order-medium:0;--awb-spacing-right-medium:1.92%;--awb-spacing-left-medium:1.92%;--awb-width-small:100%;--awb-order-small:0;--awb-spacing-right-small:1.92%;--awb-spacing-left-small:1.92%;\"><div class=\"fusion-column-wrapper fusion-column-has-shadow fusion-flex-justify-content-flex-start fusion-content-layout-column\"><div class=\"fusion-text fusion-text-1\"><p><strong>Ehdot ja edellytykset<\/strong><\/p>\n<p>Verkkokaupan www.fenham.store (j\u00e4ljemp\u00e4n\u00e4 verkkokauppa) omistaja (j\u00e4ljemp\u00e4n\u00e4 my\u00f6s Myyj\u00e4) on Fenham O\u00dc (rekisteritunnus 17092331), joka sijaitsee osoitteessa Maidla str 2, Rakvere, L\u00e4\u00e4ne-Virumaa 44314, Viro.<\/p>\n<p><strong>Myyntisopimuksen, tuote- ja hintatietojen voimassaolo<\/strong><\/p>\n<p>Myyntiehdot koskevat tavaroiden ostamista verkkokaupasta.<\/p>\n<p>Verkkokaupassa myyt\u00e4vien tuotteiden hinnat ilmoitetaan tuotteiden vieress\u00e4. Hintaan lis\u00e4t\u00e4\u00e4n toimituskulut. <\/p>\n<p>Toimituskulut riippuvat ostajan sijainnista ja toimitustavasta. Toimituskulut n\u00e4ytet\u00e4\u00e4n, kun ostaja tekee tilauksen. <\/p>\n<p>Tuotetiedot ovat verkkokaupassa v\u00e4litt\u00f6m\u00e4sti tuotteen vieress\u00e4.<\/p>\n<p>Kaikki verkkokaupan ostosten hinnat on ilmoitettu EUR-valuutassa.<\/p>\n<p><strong>Tilauksen tekeminen<\/strong><\/p>\n<p>Lis\u00e4\u00e4 haluamasi tuotteet ostoskoriin tilataksesi ne. T\u00e4yt\u00e4 kaikki vaaditut kent\u00e4t ja valitse sopivin toimitustapa tilauksen loppuunsaattamiseksi. Kokonaiskustannukset n\u00e4kyv\u00e4t t\u00e4m\u00e4n j\u00e4lkeen n\u00e4yt\u00f6ll\u00e4. T\u00e4m\u00e4 voidaan maksaa verkkopankkisiirrolla tai muulla maksutavalla.   <\/p>\n<p>Sopimus tulee voimaan, kun maksettava summa on siirretty verkkokaupan pankkitilille.<\/p>\n<p>Jos emme voi toimittaa tilattuja tavaroita varastojen loppumisen tai muun syyn vuoksi, ostajalle ilmoitetaan asiasta mahdollisimman pian ja maksetut rahat (mukaan lukien toimituskulut) palautetaan viipym\u00e4tt\u00e4 mahdollisimman pian.<\/p>\n<p><strong>Maksut<\/strong><\/p>\n<p>Fenham.storessa maksut k\u00e4sitell\u00e4\u00e4n <strong>Maksekeskus.ee:n<\/strong> palveluiden avulla:<\/p>\n<ul>\n<li>Pankkilinkkimaksut:<\/li>\n<li><strong>Viron<\/strong> pankkilinkit: Swedbank, SEB, Luminor, LHV, Coop jne.<\/li>\n<li><strong>Suomen, Liettuan ja Latvian<\/strong> pankkilinkit<\/li>\n<li>VISA-, MasterCard- ja Maestro-korttimaksut hyv\u00e4ksyt\u00e4\u00e4n maailmanlaajuisesti.<\/li>\n<\/ul>\n<p>Maksekeskus AS on Viron finanssivalvonnan valvonnassa.<\/p>\n<p><strong>L\u00e4hetys<\/strong><\/p>\n<p>Ostaja vastaa toimituskuluista, ja vastaava hintatieto n\u00e4kyy toimitustavan vieress\u00e4.<\/p>\n<p>Kotimaan tilaukset l\u00e4hetet\u00e4\u00e4n <a href=\"https:\/\/www.omniva.ee\/\">Omnivan<\/a> tai <a href=\"https:\/\/uus.smartpost.ee\/\">Smartpostin<\/a> pakettipalvelun kautta.<\/p>\n<p>Eurooppalaiset tilaukset l\u00e4hetet\u00e4\u00e4n Omniva-postipalvelun kautta, jossa on seuranta ja toimitusvahvistus.<\/p>\n<p>Kaikki Viron sis\u00e4iset l\u00e4hetykset saapuvat yleens\u00e4 ostajan ilmoittamaan m\u00e4\u00e4r\u00e4np\u00e4\u00e4h\u00e4n 3-7 arkip\u00e4iv\u00e4n kuluessa myyntisopimuksen voimaantulop\u00e4iv\u00e4st\u00e4. Osoitteesta www.fenham.store tilattujen tuotteiden toimitus voi kest\u00e4\u00e4 5 ty\u00f6p\u00e4iv\u00e4st\u00e4 3-4 viikkoon. <\/p>\n<p>Meill\u00e4 on oikeus poikkeustapauksissa l\u00e4hett\u00e4\u00e4 tavarat jopa 45 kalenterip\u00e4iv\u00e4n kuluessa.<\/p>\n<p><strong>Peruuttamisoikeus<\/strong><\/p>\n<p>Tilauksen vastaanottamisen j\u00e4lkeen ostajalla on oikeus peruuttaa verkkokaupan kanssa tehty sopimus 14 p\u00e4iv\u00e4n kuluessa.<\/p>\n<p>Peruuttamisoikeutta ei sovelleta, jos ostaja on oikeushenkil\u00f6.<\/p>\n<p>Jotta voit k\u00e4ytt\u00e4\u00e4 14 p\u00e4iv\u00e4n peruuttamisoikeutta, et saa k\u00e4ytt\u00e4\u00e4 tilattuja tavaroita mill\u00e4\u00e4n muulla tavalla kuin on tarpeen tavaroiden luonteen, ominaisuuksien ja toiminnan varmistamiseksi samalla tavalla kuin jos voisit testata tavaroita todellisessa myym\u00e4l\u00e4ss\u00e4.<\/p>\n<p>Tavaroita ei saa k\u00e4ytt\u00e4\u00e4 ja niiden tulee olla<strong> alkuper\u00e4ispakkauksessa<\/strong>.<\/p>\n<p><strong>NB! Saniteettitilaan asennettu tuote ei sovellu palautettavaksi terveys- ja hygieniasyist\u00e4. <\/strong><\/p>\n<p>Jos tavaroita on k\u00e4ytetty muuhun tarkoitukseen kuin on tarpeen tavaroiden luonteen, ominaisuuksien ja toiminnan varmistamiseksi tai jos niiss\u00e4 on merkkej\u00e4 k\u00e4yt\u00f6st\u00e4 tai kulumisesta, verkkokaupalla on oikeus alentaa palautettavaa summaa tavaroiden arvon alenemisen mukaisesti.<\/p>\n<p>Palauttaaksesi tavarat sinun on l\u00e4hetett\u00e4v\u00e4 peruutusilmoitus (lomake l\u00f6ytyy <a href=\"https:\/\/www.riigiteataja.ee\/aktilisa\/1030\/1201\/4001\/JM_m41_lisa1.pdf#\">t\u00e4\u00e4lt\u00e4<\/a>) s\u00e4hk\u00f6postiosoitteeseen osoitteeseen <a href=\"mailto:info@talidesign.eu\"><strong>info@fenham.store<\/strong><\/a> 14 p\u00e4iv\u00e4n kuluessa tavaroiden vastaanottamisesta.<\/p>\n<p><strong>Ostaja vastaa tavaroiden palauttamisesta aiheutuvista kustannuksista. Palauta tavarat Smartpost-pakettipalvelun kautta. M\u00e4\u00e4r\u00e4np\u00e4\u00e4 &#8221;Rakvere P\u00f5hjakeskus&#8221;. Puhelin: +372 5574150 FENHAM O\u00dc.   <\/strong><\/p>\n<p>Ostaja vastaa tavaroiden palautuskustannuksista, paitsi jos palautuksen syyn\u00e4 on se, ett\u00e4 palautettava tuote ei ole tilauksen mukainen (esim. v\u00e4\u00e4r\u00e4 tai viallinen tuote).<\/p>\n<p>Ostajan on palautettava tavarat 14 p\u00e4iv\u00e4n kuluessa peruuttamisilmoituksen j\u00e4tt\u00e4misest\u00e4 tai esitett\u00e4v\u00e4 todisteet siit\u00e4, ett\u00e4 h\u00e4n on luovuttanut tavarat rahdinkuljettajalle edell\u00e4 mainitun ajan kuluessa.<\/p>\n<p>Vastaanotettuaan palautetut tavarat verkkokauppa palauttaa ostajalle v\u00e4litt\u00f6m\u00e4sti, mutta viimeist\u00e4\u00e4n 14 p\u00e4iv\u00e4n kuluttua, kaikki ostajalta sopimuksen perusteella saamansa maksut.<\/p>\n<p>Verkkokaupalla on oikeus kielt\u00e4yty\u00e4 palautuksesta, kunnes palautettavat tavarat on vastaanotettu tai kunnes ostaja on toimittanut todisteen tuotteiden palauttamisesta, riippuen siit\u00e4, kumpi tapahtuu ensin.<\/p>\n<p>Jos ostaja on selv\u00e4sti valinnut muun l\u00e4hetysmuodon kuin verkkokaupan tarjoaman halvimman tavanomaisen l\u00e4hetysmuodon, verkkokaupan ei tarvitse korvata tavanomaisen l\u00e4hetysmaksun ylitt\u00e4vi\u00e4 kustannuksia.<\/p>\n<p>Verkkokaupalla on oikeus peruuttaa kauppa ja vaatia ostajaa palauttamaan tavarat, jos verkkokaupassa merkitty hinta on virheen vuoksi huomattavasti alhaisempi kuin tavaroiden markkinahinta.<\/p>\n<p><strong>Vialliset tavarat<\/strong><\/p>\n<p>Verkkokauppa on vastuussa siit\u00e4, ett\u00e4 ostajalle myydyt tavarat eiv\u00e4t ole sopimusehtojen mukaisia tai ett\u00e4 puutteet, jotka olivat olemassa jo toimitushetkell\u00e4 ja jotka ilmenev\u00e4t kahden vuoden kuluessa siit\u00e4, kun tavarat on toimitettu ostajalle. Kuuden ensimm\u00e4isen kuukauden kuluessa toimituksesta oletetaan, ett\u00e4 virhe oli olemassa jo toimitushetkell\u00e4. Verkkokaupan vastuulla on todistaa toisin.  <\/p>\n<p>Ostajalla on oikeus k\u00e4\u00e4nty\u00e4 verkkokaupan puoleen kahden kuukauden kuluessa vian ilmenemisest\u00e4 l\u00e4hett\u00e4m\u00e4ll\u00e4 s\u00e4hk\u00f6postia osoitteeseen <a href=\"mailto:info@talidesign.eu\"><strong>info@fenham.store<\/strong><\/a>.<\/p>\n<p>Verkkokauppa ei ole vastuussa virheist\u00e4, jotka ilmenev\u00e4t sen j\u00e4lkeen, kun tavarat on toimitettu ostajalle.<\/p>\n<p>Jos verkkokaupasta ostetuissa tavaroissa on virheit\u00e4, joista verkkokauppa on vastuussa, verkkokauppa korjaa tai vaihtaa vialliset tavarat. Jos tavaroita ei voida korjata tai korvata, verkkokauppa palauttaa ostajalle kaikki kauppasopimukseen liittyv\u00e4t maksut. <\/p>\n<p>Verkkokaupan on vastattava kuluttajan valitukseen kirjallisesti tai sellaisessa muodossa, ett\u00e4 se voidaan j\u00e4ljent\u00e4\u00e4 kirjallisesti 15 p\u00e4iv\u00e4n kuluessa.<\/p>\n<p><strong>Suoramarkkinointi ja henkil\u00f6tietojen k\u00e4sittely<\/strong><\/p>\n<p>Verkkokauppa k\u00e4ytt\u00e4\u00e4 ostajan antamia henkil\u00f6tietoja (mukaan lukien nimi, puhelinnumero, osoite, s\u00e4hk\u00f6postiosoite ja pankkitiedot) ainoastaan tilauksen k\u00e4sittelyyn ja tavaroiden l\u00e4hett\u00e4miseen ostajalle. Verkkokauppa v\u00e4litt\u00e4\u00e4 henkil\u00f6tiedot kuljetuspalvelujen tarjoajalle tavaroiden toimittamista varten. <\/p>\n<p>Verkkokauppa l\u00e4hett\u00e4\u00e4 uutiskirjeit\u00e4 ja tarjouksia ostajan s\u00e4hk\u00f6postiosoitteeseen vain, jos ostaja on ilmaissut halunsa saada niit\u00e4 sy\u00f6tt\u00e4m\u00e4ll\u00e4 s\u00e4hk\u00f6postiosoitteensa verkkosivustolla ja ilmoittamalla haluavansa vastaanottaa suoraa postia.<\/p>\n<p>Ostaja voi milloin tahansa kielt\u00e4yty\u00e4 s\u00e4hk\u00f6postiosoitteeseensa l\u00e4hetetyist\u00e4 tarjouksista ja uutiskirjeist\u00e4 ilmoittamalla siit\u00e4 meille s\u00e4hk\u00f6postitse tai noudattamalla tarjouksen sis\u00e4lt\u00e4v\u00e4ss\u00e4 s\u00e4hk\u00f6postiviestiss\u00e4 annettuja ohjeita.<\/p>\n<p><strong>Riitojen ratkaiseminen<\/strong><\/p>\n<p>Kaikki ostajan verkkokauppaa koskevat valitukset on l\u00e4hetett\u00e4v\u00e4 s\u00e4hk\u00f6postitse osoitteeseen <a href=\"mailto:info@talidesign.eu\"><strong>info@fenham.store<\/strong><\/a>.<\/p>\n<p>Jos ostaja ja verkkokauppa eiv\u00e4t pysty ratkaisemaan riitaa yhteisymm\u00e4rryksess\u00e4, ostaja voi ottaa yhteytt\u00e4 kuluttajariitalautakuntaan. Voit tutustua menettelys\u00e4\u00e4nt\u00f6ihin ja tehd\u00e4 valituksen. <a href=\"https:\/\/komisjon.ee\/et\"><strong>t\u00e4\u00e4ll\u00e4<\/strong><\/a>. Kuluttajariitalautakunta on toimivaltainen ratkaisemaan ostajan ja verkkokaupan v\u00e4lisest\u00e4 sopimuksesta johtuvat riidat. Riitojen ratkaiseminen kuluttajariitalautakunnassa on ostajalle maksutonta.   <\/p>\n<p>Ostaja voi my\u00f6s k\u00e4\u00e4nty\u00e4 riidanratkaisumenettelyn puoleen. <a href=\"https:\/\/ec.europa.eu\/consumers\/odr\/main\/index.cfm?event=main.home.chooseLanguage\"><strong>elimet<\/strong><\/a> Euroopan unionin riitojenratkaisuelinten puoleen.<\/p>\n<\/div><\/div><\/div><\/div><\/div>\n","protected":false},"excerpt":{"rendered":"","protected":false},"author":1,"featured_media":0,"parent":0,"menu_order":0,"comment_status":"closed","ping_status":"closed","template":"100-width.php","meta":{"footnotes":""},"class_list":["post-5093","page","type-page","status-publish","hentry"],"yoast_head":"<!-- This site is optimized with the Yoast SEO plugin v27.6 - https:\/\/yoast.com\/product\/yoast-seo-wordpress\/ -->\n<title>Ehdot ja edellytykset | Home Accessories<\/title>\n<meta name=\"robots\" content=\"index, follow, max-snippet:-1, max-image-preview:large, max-video-preview:-1\" \/>\n<link rel=\"canonical\" href=\"https:\/\/fenham.store\/fi\/ehdot-ja-edellytykset\/\" \/>\n<meta property=\"og:locale\" content=\"fi_FI\" \/>\n<meta property=\"og:type\" content=\"article\" \/>\n<meta property=\"og:title\" content=\"Ehdot ja edellytykset | Home Accessories\" \/>\n<meta property=\"og:url\" content=\"https:\/\/fenham.store\/fi\/ehdot-ja-edellytykset\/\" \/>\n<meta property=\"og:site_name\" content=\"Fenham concept store\" \/>\n<meta property=\"article:modified_time\" content=\"2025-09-15T08:44:53+00:00\" \/>\n<meta property=\"og:image\" content=\"https:\/\/fenham.store\/wp-content\/uploads\/2025\/01\/Fenham_avaleht_light.jpg\" \/>\n\t<meta property=\"og:image:width\" content=\"2000\" \/>\n\t<meta property=\"og:image:height\" content=\"1333\" \/>\n\t<meta property=\"og:image:type\" content=\"image\/jpeg\" \/>\n<meta name=\"twitter:card\" content=\"summary_large_image\" \/>\n<meta name=\"twitter:label1\" content=\"Arvioitu lukuaika\" \/>\n\t<meta name=\"twitter:data1\" content=\"10 minuuttia\" \/>\n<script type=\"application\/ld+json\" class=\"yoast-schema-graph\">{\"@context\":\"https:\\\/\\\/schema.org\",\"@graph\":[{\"@type\":\"WebPage\",\"@id\":\"https:\\\/\\\/fenham.store\\\/fi\\\/ehdot-ja-edellytykset\\\/\",\"url\":\"https:\\\/\\\/fenham.store\\\/fi\\\/ehdot-ja-edellytykset\\\/\",\"name\":\"Ehdot ja edellytykset | Home Accessories\",\"isPartOf\":{\"@id\":\"https:\\\/\\\/fenham.store\\\/fi\\\/#website\"},\"datePublished\":\"2024-11-07T11:36:38+00:00\",\"dateModified\":\"2025-09-15T08:44:53+00:00\",\"breadcrumb\":{\"@id\":\"https:\\\/\\\/fenham.store\\\/fi\\\/ehdot-ja-edellytykset\\\/#breadcrumb\"},\"inLanguage\":\"fi\",\"potentialAction\":[{\"@type\":\"ReadAction\",\"target\":[\"https:\\\/\\\/fenham.store\\\/fi\\\/ehdot-ja-edellytykset\\\/\"]}]},{\"@type\":\"BreadcrumbList\",\"@id\":\"https:\\\/\\\/fenham.store\\\/fi\\\/ehdot-ja-edellytykset\\\/#breadcrumb\",\"itemListElement\":[{\"@type\":\"ListItem\",\"position\":1,\"name\":\"Home\",\"item\":\"https:\\\/\\\/fenham.store\\\/fi\\\/\"},{\"@type\":\"ListItem\",\"position\":2,\"name\":\"Ehdot ja edellytykset\"}]},{\"@type\":\"WebSite\",\"@id\":\"https:\\\/\\\/fenham.store\\\/fi\\\/#website\",\"url\":\"https:\\\/\\\/fenham.store\\\/fi\\\/\",\"name\":\"Fenham concept store\",\"description\":\"Concept store\",\"publisher\":{\"@id\":\"https:\\\/\\\/fenham.store\\\/fi\\\/#organization\"},\"alternateName\":\"Home and bathroom accessories\",\"potentialAction\":[{\"@type\":\"SearchAction\",\"target\":{\"@type\":\"EntryPoint\",\"urlTemplate\":\"https:\\\/\\\/fenham.store\\\/fi\\\/?s={search_term_string}\"},\"query-input\":{\"@type\":\"PropertyValueSpecification\",\"valueRequired\":true,\"valueName\":\"search_term_string\"}}],\"inLanguage\":\"fi\"},{\"@type\":\"Organization\",\"@id\":\"https:\\\/\\\/fenham.store\\\/fi\\\/#organization\",\"name\":\"Fenham concept store\",\"url\":\"https:\\\/\\\/fenham.store\\\/fi\\\/\",\"logo\":{\"@type\":\"ImageObject\",\"inLanguage\":\"fi\",\"@id\":\"https:\\\/\\\/fenham.store\\\/fi\\\/#\\\/schema\\\/logo\\\/image\\\/\",\"url\":\"https:\\\/\\\/fenham.store\\\/wp-content\\\/uploads\\\/2025\\\/01\\\/Fenham_logo_600.png\",\"contentUrl\":\"https:\\\/\\\/fenham.store\\\/wp-content\\\/uploads\\\/2025\\\/01\\\/Fenham_logo_600.png\",\"width\":600,\"height\":132,\"caption\":\"Fenham concept store\"},\"image\":{\"@id\":\"https:\\\/\\\/fenham.store\\\/fi\\\/#\\\/schema\\\/logo\\\/image\\\/\"}}]}<\/script>\n<!-- \/ Yoast SEO plugin. -->","yoast_head_json":{"title":"Ehdot ja edellytykset | Home Accessories","robots":{"index":"index","follow":"follow","max-snippet":"max-snippet:-1","max-image-preview":"max-image-preview:large","max-video-preview":"max-video-preview:-1"},"canonical":"https:\/\/fenham.store\/fi\/ehdot-ja-edellytykset\/","og_locale":"fi_FI","og_type":"article","og_title":"Ehdot ja edellytykset | Home Accessories","og_url":"https:\/\/fenham.store\/fi\/ehdot-ja-edellytykset\/","og_site_name":"Fenham concept store","article_modified_time":"2025-09-15T08:44:53+00:00","og_image":[{"width":2000,"height":1333,"url":"https:\/\/fenham.store\/wp-content\/uploads\/2025\/01\/Fenham_avaleht_light.jpg","type":"image\/jpeg"}],"twitter_card":"summary_large_image","twitter_misc":{"Arvioitu lukuaika":"10 minuuttia"},"schema":{"@context":"https:\/\/schema.org","@graph":[{"@type":"WebPage","@id":"https:\/\/fenham.store\/fi\/ehdot-ja-edellytykset\/","url":"https:\/\/fenham.store\/fi\/ehdot-ja-edellytykset\/","name":"Ehdot ja edellytykset | Home Accessories","isPartOf":{"@id":"https:\/\/fenham.store\/fi\/#website"},"datePublished":"2024-11-07T11:36:38+00:00","dateModified":"2025-09-15T08:44:53+00:00","breadcrumb":{"@id":"https:\/\/fenham.store\/fi\/ehdot-ja-edellytykset\/#breadcrumb"},"inLanguage":"fi","potentialAction":[{"@type":"ReadAction","target":["https:\/\/fenham.store\/fi\/ehdot-ja-edellytykset\/"]}]},{"@type":"BreadcrumbList","@id":"https:\/\/fenham.store\/fi\/ehdot-ja-edellytykset\/#breadcrumb","itemListElement":[{"@type":"ListItem","position":1,"name":"Home","item":"https:\/\/fenham.store\/fi\/"},{"@type":"ListItem","position":2,"name":"Ehdot ja edellytykset"}]},{"@type":"WebSite","@id":"https:\/\/fenham.store\/fi\/#website","url":"https:\/\/fenham.store\/fi\/","name":"Fenham concept store","description":"Concept store","publisher":{"@id":"https:\/\/fenham.store\/fi\/#organization"},"alternateName":"Home and bathroom accessories","potentialAction":[{"@type":"SearchAction","target":{"@type":"EntryPoint","urlTemplate":"https:\/\/fenham.store\/fi\/?s={search_term_string}"},"query-input":{"@type":"PropertyValueSpecification","valueRequired":true,"valueName":"search_term_string"}}],"inLanguage":"fi"},{"@type":"Organization","@id":"https:\/\/fenham.store\/fi\/#organization","name":"Fenham concept store","url":"https:\/\/fenham.store\/fi\/","logo":{"@type":"ImageObject","inLanguage":"fi","@id":"https:\/\/fenham.store\/fi\/#\/schema\/logo\/image\/","url":"https:\/\/fenham.store\/wp-content\/uploads\/2025\/01\/Fenham_logo_600.png","contentUrl":"https:\/\/fenham.store\/wp-content\/uploads\/2025\/01\/Fenham_logo_600.png","width":600,"height":132,"caption":"Fenham concept store"},"image":{"@id":"https:\/\/fenham.store\/fi\/#\/schema\/logo\/image\/"}}]}},"_links":{"self":[{"href":"https:\/\/fenham.store\/fi\/wp-json\/wp\/v2\/pages\/5093","targetHints":{"allow":["GET"]}}],"collection":[{"href":"https:\/\/fenham.store\/fi\/wp-json\/wp\/v2\/pages"}],"about":[{"href":"https:\/\/fenham.store\/fi\/wp-json\/wp\/v2\/types\/page"}],"author":[{"embeddable":true,"href":"https:\/\/fenham.store\/fi\/wp-json\/wp\/v2\/users\/1"}],"replies":[{"embeddable":true,"href":"https:\/\/fenham.store\/fi\/wp-json\/wp\/v2\/comments?post=5093"}],"version-history":[{"count":2,"href":"https:\/\/fenham.store\/fi\/wp-json\/wp\/v2\/pages\/5093\/revisions"}],"predecessor-version":[{"id":5095,"href":"https:\/\/fenham.store\/fi\/wp-json\/wp\/v2\/pages\/5093\/revisions\/5095"}],"wp:attachment":[{"href":"https:\/\/fenham.store\/fi\/wp-json\/wp\/v2\/media?parent=5093"}],"curies":[{"name":"wp","href":"https:\/\/api.w.org\/{rel}","templated":true}]}}