{"id":5092,"date":"2024-10-07T10:43:27","date_gmt":"2024-10-07T10:43:27","guid":{"rendered":"https:\/\/fenham.store\/tietosuojakaytanto\/"},"modified":"2024-10-07T10:43:27","modified_gmt":"2024-10-07T10:43:27","slug":"tietosuojakaytanto","status":"publish","type":"page","link":"https:\/\/fenham.store\/fi\/tietosuojakaytanto\/","title":{"rendered":"Tietosuojak\u00e4yt\u00e4nt\u00f6"},"content":{"rendered":"<p><strong>Tietosuojak\u00e4yt\u00e4nt\u00f6<\/strong><\/p>\n<p><strong> <\/strong><\/p>\n<p>Verkkokaupan henkil\u00f6tietojen rekisterinpit\u00e4j\u00e4 on Fenham O\u00dc (rekisteritunnus 17092331).<\/p>\n<p><strong>Mit\u00e4 henkil\u00f6tietoja k\u00e4sitell\u00e4\u00e4n<\/strong><\/p>\n<p>nimi, puhelinnumero ja s\u00e4hk\u00f6postiosoite;<\/p>\n<p>toimitusosoite;<\/p>\n<p>tavaroiden ja palveluiden kustannukset ja maksuihin liittyv\u00e4t tiedot (ostohistoria);<\/p>\n<p>asiakastukitiedot.<\/p>\n<p><strong>Miksi henkil\u00f6tietoja k\u00e4sitell\u00e4\u00e4n<\/strong><\/p>\n<p>Henkil\u00f6tietoja k\u00e4ytet\u00e4\u00e4n asiakkaan tilausten hallinnointiin ja tavaroiden toimittamiseen.<\/p>\n<p>Ostohistoriatietoja (ostop\u00e4iv\u00e4m\u00e4\u00e4r\u00e4, tavarat, m\u00e4\u00e4r\u00e4, asiakkaan tiedot) k\u00e4ytet\u00e4\u00e4n ostettujen tavaroiden ja palvelujen yhteenvetojen laatimiseen ja asiakkaiden mieltymysten analysointiin.<\/p>\n<p>Pankkitilin numeroa k\u00e4ytet\u00e4\u00e4n maksujen palauttamiseen asiakkaalle.<\/p>\n<p>Henkil\u00f6tietoja, kuten s\u00e4hk\u00f6postiosoitetta, puhelinnumeroa ja asiakkaan nime\u00e4, k\u00e4sitell\u00e4\u00e4n tavaroiden ja palvelujen toimittamiseen liittyvien ongelmien k\u00e4sittelemiseksi (asiakastuki).<\/p>\n<p>Verkkokaupan k\u00e4ytt\u00e4j\u00e4n IP-osoitetta tai muita verkkotunnisteita k\u00e4sitell\u00e4\u00e4n verkkokaupan tarjoamiseksi tietoyhteiskunnan palveluna ja verkkok\u00e4ytt\u00f6tilastoja varten.<\/p>\n<p><strong>Oikeudelliset perusteet<\/strong><\/p>\n<p>Henkil\u00f6tietoja k\u00e4sitell\u00e4\u00e4n asiakkaan kanssa tehdyn sopimuksen t\u00e4ytt\u00e4miseksi.<\/p>\n<p>Henkil\u00f6tietoja k\u00e4sitell\u00e4\u00e4n lakis\u00e4\u00e4teisten velvoitteiden t\u00e4ytt\u00e4miseksi (kuten kirjanpito ja kuluttajavalitusten k\u00e4sittely).<\/p>\n<p><strong>Henkil\u00f6tietojen vastaanottajat<\/strong><\/p>\n<p>Henkil\u00f6tiedot v\u00e4litet\u00e4\u00e4n verkkokaupan asiakastukeen ostojen ja ostohistorian hallintaa sek\u00e4 asiakkaiden mahdollisten ongelmien ratkaisemista varten.<\/p>\n<p>Nimi, puhelinnumero ja s\u00e4hk\u00f6postiosoite v\u00e4litet\u00e4\u00e4n asiakkaan valitsemalle kuljetuspalvelujen tarjoajalle. Kun tavarat toimitetaan kuriirin toimesta, my\u00f6s asiakkaan osoite ja yhteystiedot v\u00e4litet\u00e4\u00e4n. <\/p>\n<p>Jos verkkokaupan tilej\u00e4 pit\u00e4\u00e4 palveluntarjoaja, henkil\u00f6tiedot siirret\u00e4\u00e4n palveluntarjoajalle kirjanpitotoimien suorittamista varten.<\/p>\n<p>Henkil\u00f6tietoja voidaan siirt\u00e4\u00e4 tietotekniikkapalvelujen tarjoajille, jos se on tarpeen verkkokaupan toimivuuden varmistamiseksi tai tietojen s\u00e4ilytt\u00e4miseksi.<\/p>\n<p><strong>Tietoturva ja p\u00e4\u00e4sy tietoihin<\/strong><\/p>\n<p>Henkil\u00f6tietoja tallennetaan Zone Media O\u00dc:n palvelimille, jotka sijaitsevat Euroopan unionin j\u00e4senvaltion tai Euroopan talousalueen valtioiden alueella. Tietoja voidaan siirt\u00e4\u00e4 maihin, joiden tietosuojan tason Euroopan komissio on arvioinut riitt\u00e4v\u00e4ksi, sek\u00e4 Yhdysvalloissa sijaitseviin yrityksiin, jotka ovat liittyneet Privacy Shield -j\u00e4rjestelm\u00e4\u00e4n. <\/p>\n<p>Verkkokaupan henkil\u00f6kunnalla on p\u00e4\u00e4sy henkil\u00f6tietoihin verkkokaupan k\u00e4ytt\u00f6\u00f6n liittyvien teknisten kysymysten ratkaisemiseksi ja asiakastuen tarjoamiseksi.<\/p>\n<p>Verkkokauppa toteuttaa asianmukaisia fyysisi\u00e4, organisatorisia ja tietoteknisi\u00e4 turvatoimia henkil\u00f6tietojen suojaamiseksi vahingossa tapahtuvalta tai laittomalta tuhoamiselta, h\u00e4vi\u00e4miselt\u00e4, muuttamiselta tai luvattomalta k\u00e4yt\u00f6lt\u00e4 ja paljastamiselta.<\/p>\n<p>Henkil\u00f6tiedot siirret\u00e4\u00e4n verkkokaupan henkil\u00f6tietojen k\u00e4sittelij\u00f6ille (kuten kuljetus-, maksupalvelujen (Maksekeskus AS) ja datahosting-palvelujen tarjoajille) ja niit\u00e4 k\u00e4sitell\u00e4\u00e4n verkkokaupan ja henkil\u00f6tietojen k\u00e4sittelij\u00f6iden v\u00e4lill\u00e4 tehtyjen sopimusten mukaisesti. Henkil\u00f6tietojen k\u00e4sittelij\u00f6iden on varmistettava asianmukaiset suojatoimet henkil\u00f6tietoja k\u00e4sitelless\u00e4\u00e4n. <\/p>\n<p><strong>Henkil\u00f6tietojen saanti ja oikaisu<\/strong><\/p>\n<p>Henkil\u00f6tietoja voi tarkastella ja korjata verkkokaupan k\u00e4ytt\u00e4j\u00e4profiilissa. Kun ostos on tehty ilman k\u00e4ytt\u00e4j\u00e4tili\u00e4, henkil\u00f6tietoja voi tarkastella asiakastuen kautta. <\/p>\n<p><strong>Suostumuksen peruuttaminen<\/strong><\/p>\n<p>Jos henkil\u00f6tietoja k\u00e4sitell\u00e4\u00e4n asiakkaan suostumuksen perusteella, asiakkaalla on oikeus peruuttaa suostumuksensa ilmoittamalla siit\u00e4 asiakastukeen s\u00e4hk\u00f6postitse.<\/p>\n<p><strong>Varastointi<\/strong><\/p>\n<p>Henkil\u00f6tiedot poistetaan, kun verkkokaupan asiakastili suljetaan, paitsi jos tietojen s\u00e4ilytt\u00e4minen on tarpeen kirjanpitotarkoituksiin tai kuluttajariitojen ratkaisemiseksi.<\/p>\n<p>Maksuja ja kuluttajariitoja koskevissa riitatapauksissa henkil\u00f6tietoja s\u00e4ilytet\u00e4\u00e4n, kunnes saatava on t\u00e4ytetty tai vanhentumisaika on p\u00e4\u00e4ttynyt.<\/p>\n<p>Kirjanpitoa varten tarvittavia henkil\u00f6tietoja s\u00e4ilytet\u00e4\u00e4n seitsem\u00e4n vuotta.<\/p>\n<p><strong>Erasure<\/strong><\/p>\n<p>Henkil\u00f6tietojen poistamista varten on otettava yhteytt\u00e4 asiakastukeen s\u00e4hk\u00f6postitse. Poistopyynt\u00f6ihin vastataan viimeist\u00e4\u00e4n kuukauden kuluessa, ja poistamisaika on ilmoitettava. <\/p>\n<p><strong>Vaihteisto<\/strong><\/p>\n<p>S\u00e4hk\u00f6postitse l\u00e4hetettyihin henkil\u00f6tietojen siirtopyynt\u00f6ihin vastataan kuukauden kuluessa. Asiakaspalvelussa tunnistetaan henkil\u00f6 ja ilmoitetaan, mit\u00e4 henkil\u00f6tietoja on tarkoitus siirt\u00e4\u00e4. <\/p>\n<p><strong>Suoramarkkinointiviestit<\/strong><\/p>\n<p>S\u00e4hk\u00f6postiosoitetta ja puhelinnumeroa k\u00e4ytet\u00e4\u00e4n suoramarkkinointiviestien l\u00e4hett\u00e4miseen, jos asiakas on antanut siihen suostumuksensa. Jos asiakas ei halua vastaanottaa suoramarkkinointiviestej\u00e4, h\u00e4nen on valittava s\u00e4hk\u00f6postin alalaidassa oleva linkki tai otettava yhteytt\u00e4 asiakaspalveluun. <\/p>\n<p><strong>Ev\u00e4steet<\/strong><\/p>\n<p>Jos j\u00e4t\u00e4t kommentin sivustollemme, voit suostua siihen, ett\u00e4 nimesi, s\u00e4hk\u00f6postiosoitteesi ja verkkosivustosi tallennetaan ev\u00e4steisiin. N\u00e4m\u00e4 ovat sinulle k\u00e4tevi\u00e4, jotta sinun ei tarvitse t\u00e4ytt\u00e4\u00e4 tietojasi uudelleen, kun j\u00e4t\u00e4t toisen kommentin. N\u00e4m\u00e4 ev\u00e4steet s\u00e4ilyv\u00e4t yhden vuoden ajan.  <\/p>\n<p>Jos sinulla on tili ja kirjaudut t\u00e4lle sivustolle, asetamme v\u00e4liaikaisen ev\u00e4steen m\u00e4\u00e4ritt\u00e4\u00e4ksemme, hyv\u00e4ksyyk\u00f6 selaimesi ev\u00e4steet. T\u00e4m\u00e4 ev\u00e4ste ei sis\u00e4ll\u00e4 henkil\u00f6tietoja, ja se h\u00e4vitet\u00e4\u00e4n, kun suljet selaimesi. <\/p>\n<p>Kun kirjaudut sis\u00e4\u00e4n, asetamme my\u00f6s useita ev\u00e4steit\u00e4 tallentaaksemme kirjautumistietosi ja n\u00e4yt\u00f6n n\u00e4ytt\u00f6valintasi. Sis\u00e4\u00e4nkirjautumisev\u00e4steet s\u00e4ilyv\u00e4t kaksi p\u00e4iv\u00e4\u00e4, ja n\u00e4ytt\u00f6asetusten ev\u00e4steet s\u00e4ilyv\u00e4t vuoden. Jos valitset &#8221;Muista minut&#8221;, kirjautumisesi s\u00e4ilyy kaksi viikkoa. Jos kirjaudut ulos tililt\u00e4si, kirjautumisev\u00e4steet poistetaan.   <\/p>\n<p><strong>Riitojen ratkaiseminen<\/strong><\/p>\n<p>Henkil\u00f6tietojen k\u00e4sittely\u00e4 koskevat riidat ratkaistaan asiakastuen kautta <a href=\"mailto:info@fenham.store\">info@fenham.store.<\/a> Valvontaviranomaisena toimii Viron tietosuojavaltuutettu<a href=\"mailto:info@aki.ee\">(info@aki.ee<\/a>). <\/p>\n<p>&nbsp;<\/p>\n","protected":false},"excerpt":{"rendered":"<p>Tietosuojak\u00e4yt\u00e4nt\u00f6 Verkkokaupan henkil\u00f6tietojen rekisterinpit\u00e4j\u00e4 on Fenham O\u00dc (rekisteritunnus 17092331). Mit\u00e4 henkil\u00f6tietoja k\u00e4sitell\u00e4\u00e4n &#8230;<\/p>\n","protected":false},"author":1,"featured_media":0,"parent":0,"menu_order":0,"comment_status":"closed","ping_status":"open","template":"","meta":{"footnotes":""},"class_list":["post-5092","page","type-page","status-publish","hentry"],"yoast_head":"<!-- This site is optimized with the Yoast SEO plugin v27.6 - https:\/\/yoast.com\/product\/yoast-seo-wordpress\/ -->\n<title>Tietosuojak\u00e4yt\u00e4nt\u00f6 | Home Accessories<\/title>\n<meta name=\"robots\" content=\"index, follow, max-snippet:-1, max-image-preview:large, max-video-preview:-1\" \/>\n<link rel=\"canonical\" href=\"https:\/\/fenham.store\/fi\/tietosuojakaytanto\/\" \/>\n<meta property=\"og:locale\" content=\"fi_FI\" \/>\n<meta property=\"og:type\" content=\"article\" \/>\n<meta property=\"og:title\" content=\"Tietosuojak\u00e4yt\u00e4nt\u00f6 | Home Accessories\" \/>\n<meta property=\"og:description\" content=\"Tietosuojak\u00e4yt\u00e4nt\u00f6 Verkkokaupan henkil\u00f6tietojen rekisterinpit\u00e4j\u00e4 on Fenham O\u00dc (rekisteritunnus 17092331). Mit\u00e4 henkil\u00f6tietoja k\u00e4sitell\u00e4\u00e4n ...\" \/>\n<meta property=\"og:url\" content=\"https:\/\/fenham.store\/fi\/tietosuojakaytanto\/\" \/>\n<meta property=\"og:site_name\" content=\"Fenham concept store\" \/>\n<meta property=\"og:image\" content=\"https:\/\/fenham.store\/wp-content\/uploads\/2025\/01\/Fenham_avaleht_light.jpg\" \/>\n\t<meta property=\"og:image:width\" content=\"2000\" \/>\n\t<meta property=\"og:image:height\" content=\"1333\" \/>\n\t<meta property=\"og:image:type\" content=\"image\/jpeg\" \/>\n<meta name=\"twitter:card\" content=\"summary_large_image\" \/>\n<meta name=\"twitter:label1\" content=\"Arvioitu lukuaika\" \/>\n\t<meta name=\"twitter:data1\" content=\"4 minuuttia\" \/>\n<script type=\"application\/ld+json\" class=\"yoast-schema-graph\">{\"@context\":\"https:\\\/\\\/schema.org\",\"@graph\":[{\"@type\":\"WebPage\",\"@id\":\"https:\\\/\\\/fenham.store\\\/fi\\\/tietosuojakaytanto\\\/\",\"url\":\"https:\\\/\\\/fenham.store\\\/fi\\\/tietosuojakaytanto\\\/\",\"name\":\"Tietosuojak\u00e4yt\u00e4nt\u00f6 | Home Accessories\",\"isPartOf\":{\"@id\":\"https:\\\/\\\/fenham.store\\\/fi\\\/#website\"},\"datePublished\":\"2024-10-07T10:43:27+00:00\",\"breadcrumb\":{\"@id\":\"https:\\\/\\\/fenham.store\\\/fi\\\/tietosuojakaytanto\\\/#breadcrumb\"},\"inLanguage\":\"fi\",\"potentialAction\":[{\"@type\":\"ReadAction\",\"target\":[\"https:\\\/\\\/fenham.store\\\/fi\\\/tietosuojakaytanto\\\/\"]}]},{\"@type\":\"BreadcrumbList\",\"@id\":\"https:\\\/\\\/fenham.store\\\/fi\\\/tietosuojakaytanto\\\/#breadcrumb\",\"itemListElement\":[{\"@type\":\"ListItem\",\"position\":1,\"name\":\"Home\",\"item\":\"https:\\\/\\\/fenham.store\\\/fi\\\/\"},{\"@type\":\"ListItem\",\"position\":2,\"name\":\"Tietosuojak\u00e4yt\u00e4nt\u00f6\"}]},{\"@type\":\"WebSite\",\"@id\":\"https:\\\/\\\/fenham.store\\\/fi\\\/#website\",\"url\":\"https:\\\/\\\/fenham.store\\\/fi\\\/\",\"name\":\"Fenham concept store\",\"description\":\"Concept store\",\"publisher\":{\"@id\":\"https:\\\/\\\/fenham.store\\\/fi\\\/#organization\"},\"alternateName\":\"Home and bathroom accessories\",\"potentialAction\":[{\"@type\":\"SearchAction\",\"target\":{\"@type\":\"EntryPoint\",\"urlTemplate\":\"https:\\\/\\\/fenham.store\\\/fi\\\/?s={search_term_string}\"},\"query-input\":{\"@type\":\"PropertyValueSpecification\",\"valueRequired\":true,\"valueName\":\"search_term_string\"}}],\"inLanguage\":\"fi\"},{\"@type\":\"Organization\",\"@id\":\"https:\\\/\\\/fenham.store\\\/fi\\\/#organization\",\"name\":\"Fenham concept store\",\"url\":\"https:\\\/\\\/fenham.store\\\/fi\\\/\",\"logo\":{\"@type\":\"ImageObject\",\"inLanguage\":\"fi\",\"@id\":\"https:\\\/\\\/fenham.store\\\/fi\\\/#\\\/schema\\\/logo\\\/image\\\/\",\"url\":\"https:\\\/\\\/fenham.store\\\/wp-content\\\/uploads\\\/2025\\\/01\\\/Fenham_logo_600.png\",\"contentUrl\":\"https:\\\/\\\/fenham.store\\\/wp-content\\\/uploads\\\/2025\\\/01\\\/Fenham_logo_600.png\",\"width\":600,\"height\":132,\"caption\":\"Fenham concept store\"},\"image\":{\"@id\":\"https:\\\/\\\/fenham.store\\\/fi\\\/#\\\/schema\\\/logo\\\/image\\\/\"}}]}<\/script>\n<!-- \/ Yoast SEO plugin. -->","yoast_head_json":{"title":"Tietosuojak\u00e4yt\u00e4nt\u00f6 | Home Accessories","robots":{"index":"index","follow":"follow","max-snippet":"max-snippet:-1","max-image-preview":"max-image-preview:large","max-video-preview":"max-video-preview:-1"},"canonical":"https:\/\/fenham.store\/fi\/tietosuojakaytanto\/","og_locale":"fi_FI","og_type":"article","og_title":"Tietosuojak\u00e4yt\u00e4nt\u00f6 | Home Accessories","og_description":"Tietosuojak\u00e4yt\u00e4nt\u00f6 Verkkokaupan henkil\u00f6tietojen rekisterinpit\u00e4j\u00e4 on Fenham O\u00dc (rekisteritunnus 17092331). Mit\u00e4 henkil\u00f6tietoja k\u00e4sitell\u00e4\u00e4n ...","og_url":"https:\/\/fenham.store\/fi\/tietosuojakaytanto\/","og_site_name":"Fenham concept store","og_image":[{"width":2000,"height":1333,"url":"https:\/\/fenham.store\/wp-content\/uploads\/2025\/01\/Fenham_avaleht_light.jpg","type":"image\/jpeg"}],"twitter_card":"summary_large_image","twitter_misc":{"Arvioitu lukuaika":"4 minuuttia"},"schema":{"@context":"https:\/\/schema.org","@graph":[{"@type":"WebPage","@id":"https:\/\/fenham.store\/fi\/tietosuojakaytanto\/","url":"https:\/\/fenham.store\/fi\/tietosuojakaytanto\/","name":"Tietosuojak\u00e4yt\u00e4nt\u00f6 | Home Accessories","isPartOf":{"@id":"https:\/\/fenham.store\/fi\/#website"},"datePublished":"2024-10-07T10:43:27+00:00","breadcrumb":{"@id":"https:\/\/fenham.store\/fi\/tietosuojakaytanto\/#breadcrumb"},"inLanguage":"fi","potentialAction":[{"@type":"ReadAction","target":["https:\/\/fenham.store\/fi\/tietosuojakaytanto\/"]}]},{"@type":"BreadcrumbList","@id":"https:\/\/fenham.store\/fi\/tietosuojakaytanto\/#breadcrumb","itemListElement":[{"@type":"ListItem","position":1,"name":"Home","item":"https:\/\/fenham.store\/fi\/"},{"@type":"ListItem","position":2,"name":"Tietosuojak\u00e4yt\u00e4nt\u00f6"}]},{"@type":"WebSite","@id":"https:\/\/fenham.store\/fi\/#website","url":"https:\/\/fenham.store\/fi\/","name":"Fenham concept store","description":"Concept store","publisher":{"@id":"https:\/\/fenham.store\/fi\/#organization"},"alternateName":"Home and bathroom accessories","potentialAction":[{"@type":"SearchAction","target":{"@type":"EntryPoint","urlTemplate":"https:\/\/fenham.store\/fi\/?s={search_term_string}"},"query-input":{"@type":"PropertyValueSpecification","valueRequired":true,"valueName":"search_term_string"}}],"inLanguage":"fi"},{"@type":"Organization","@id":"https:\/\/fenham.store\/fi\/#organization","name":"Fenham concept store","url":"https:\/\/fenham.store\/fi\/","logo":{"@type":"ImageObject","inLanguage":"fi","@id":"https:\/\/fenham.store\/fi\/#\/schema\/logo\/image\/","url":"https:\/\/fenham.store\/wp-content\/uploads\/2025\/01\/Fenham_logo_600.png","contentUrl":"https:\/\/fenham.store\/wp-content\/uploads\/2025\/01\/Fenham_logo_600.png","width":600,"height":132,"caption":"Fenham concept store"},"image":{"@id":"https:\/\/fenham.store\/fi\/#\/schema\/logo\/image\/"}}]}},"_links":{"self":[{"href":"https:\/\/fenham.store\/fi\/wp-json\/wp\/v2\/pages\/5092","targetHints":{"allow":["GET"]}}],"collection":[{"href":"https:\/\/fenham.store\/fi\/wp-json\/wp\/v2\/pages"}],"about":[{"href":"https:\/\/fenham.store\/fi\/wp-json\/wp\/v2\/types\/page"}],"author":[{"embeddable":true,"href":"https:\/\/fenham.store\/fi\/wp-json\/wp\/v2\/users\/1"}],"replies":[{"embeddable":true,"href":"https:\/\/fenham.store\/fi\/wp-json\/wp\/v2\/comments?post=5092"}],"version-history":[{"count":0,"href":"https:\/\/fenham.store\/fi\/wp-json\/wp\/v2\/pages\/5092\/revisions"}],"wp:attachment":[{"href":"https:\/\/fenham.store\/fi\/wp-json\/wp\/v2\/media?parent=5092"}],"curies":[{"name":"wp","href":"https:\/\/api.w.org\/{rel}","templated":true}]}}