{"id":4619,"date":"2020-01-23T23:31:42","date_gmt":"2020-01-23T23:31:42","guid":{"rendered":"https:\/\/fenham.store\/product\/charlotte-shelf\/"},"modified":"2025-08-19T09:57:34","modified_gmt":"2025-08-19T09:57:34","slug":"charlotte-riiul","status":"publish","type":"product","link":"https:\/\/fenham.store\/et\/product\/charlotte-riiul\/","title":{"rendered":"Riiul CHARLOTTE"},"content":{"rendered":"<p>S \u2013 110 x 55 x 300 mm. Kaal 280g<br \/>\nM \u2013 110 x 55 x 600 mm. Kaal 560g<\/p>\n","protected":false},"excerpt":{"rendered":"<p>Riiul CHARLOTTE on minimalistliku disainiga riiul, sobitudes ideaalselt kaasaegsesse interj\u00f6\u00f6ri. See on loodud aksessuaaride, ajakirjade ja muude esemete mugavaks hoiustamiseks. Riiul on saadaval erinevates suurustes, sobitudes h\u00e4sti nii v\u00e4iksematesse kui ka avaramatesse ruumidesse. Lisaks on v\u00f5imalik riiulit kasutada kahte pidi, pakkudes v\u00f5imalust kohandada riiuli paigutust vastavalt maitsele. Valmistatud vastupidavast lehtmetalist, et pakkuda pikaajalist kasutusmugavust ja kvaliteeti.<\/p>\n<p><strong><a href=\"https:\/\/fenham.store\/et\/riiul-charlotte-paigaldusjuhend\/\">Paigaldusjuhend<\/a><\/strong><\/p>\n[fusion_checklist type=\"icons\" icon=\"fusion-prefix-icon-fenhamF\" iconcolor=\"\" hue=\"\" saturation=\"\" lightness=\"\" alpha=\"\" circle=\"\" circlecolor=\"\" textcolor=\"\" size=\"\" item_padding_top=\"\" item_padding_right=\"\" item_padding_bottom=\"\" item_padding_left=\"\" divider=\"\" divider_color=\"\" odd_row_bgcolor=\"\" even_row_bgcolor=\"\" margin_top=\"\" margin_right=\"\" margin_bottom=\"\" margin_left=\"\" hide_on_mobile=\"small-visibility,medium-visibility,large-visibility\" class=\"\" id=\"\" parent_dynamic_content=\"\"][fusion_li_item icon=\"\"]<span style=\"color: var(--awb-color7);\"><strong>Pol\u00fcester pulberv\u00e4rvimine<\/strong><\/span> &#8211; Vastupidav viimistlus, mis talub kriimustusi ja kulumist.[\/fusion_li_item][fusion_li_item icon=\"\"]<span style=\"color: var(--awb-color7);\"><strong>2mm alumiinium<\/strong><\/span> &#8211; Kerge ja kauakestev, sobib ideaalselt igap\u00e4evaseks kasutamiseks.[\/fusion_li_item][fusion_li_item icon=\"\"]<span style=\"color: var(--awb-color7);\"><strong>Valmistatud ELis<\/strong><\/span> &#8211; Valmistatud Euroopa kvaliteedistandardite j\u00e4rgi, mida v\u00f5ite usaldada.[\/fusion_li_item][\/fusion_checklist]\n","protected":false},"featured_media":5326,"template":"","meta":[],"product_brand":[],"product_cat":[57,58,60],"product_tag":[],"class_list":{"0":"post-4619","1":"product","2":"type-product","3":"status-publish","4":"has-post-thumbnail","6":"product_cat-elutuba","7":"product_cat-kook","8":"product_cat-magamistuba","10":"first","11":"instock","12":"sale","13":"taxable","14":"shipping-taxable","15":"purchasable","16":"product-type-variable"},"yoast_head":"<!-- This site is optimized with the Yoast SEO plugin v27.6 - https:\/\/yoast.com\/product\/yoast-seo-wordpress\/ -->\n<title>Riiul CHARLOTTE | Sisustustooted ja tarvikud<\/title>\n<meta name=\"description\" content=\"Riiul CHARLOTTE. High-Quality home accessories made of powder-coated stainless steel and aluminium. Designed and made in Europe.\" \/>\n<meta name=\"robots\" content=\"index, follow, max-snippet:-1, max-image-preview:large, max-video-preview:-1\" \/>\n<link rel=\"canonical\" href=\"https:\/\/fenham.store\/et\/product\/charlotte-riiul\/\" \/>\n<meta property=\"og:locale\" content=\"et_EE\" \/>\n<meta property=\"og:type\" content=\"article\" \/>\n<meta property=\"og:title\" content=\"Riiul CHARLOTTE | Sisustustooted ja tarvikud\" \/>\n<meta property=\"og:description\" content=\"Riiul CHARLOTTE. High-Quality home accessories made of powder-coated stainless steel and aluminium. Designed and made in Europe.\" \/>\n<meta property=\"og:url\" content=\"https:\/\/fenham.store\/et\/product\/charlotte-riiul\/\" \/>\n<meta property=\"og:site_name\" content=\"Fenham concept store\" \/>\n<meta property=\"article:modified_time\" content=\"2025-08-19T09:57:34+00:00\" \/>\n<meta property=\"og:image\" content=\"https:\/\/fenham.store\/wp-content\/uploads\/2020\/01\/CHARLOTTE_black.jpg\" \/>\n\t<meta property=\"og:image:width\" content=\"1500\" \/>\n\t<meta property=\"og:image:height\" content=\"1500\" \/>\n\t<meta property=\"og:image:type\" content=\"image\/jpeg\" \/>\n<meta name=\"twitter:card\" content=\"summary_large_image\" \/>\n<meta name=\"twitter:label1\" content=\"Est. reading time\" \/>\n\t<meta name=\"twitter:data1\" content=\"1 minut\" \/>\n<script type=\"application\/ld+json\" class=\"yoast-schema-graph\">{\"@context\":\"https:\\\/\\\/schema.org\",\"@graph\":[{\"@type\":\"WebPage\",\"@id\":\"https:\\\/\\\/fenham.store\\\/et\\\/product\\\/charlotte-riiul\\\/\",\"url\":\"https:\\\/\\\/fenham.store\\\/et\\\/product\\\/charlotte-riiul\\\/\",\"name\":\"Riiul CHARLOTTE | Sisustustooted ja tarvikud\",\"isPartOf\":{\"@id\":\"https:\\\/\\\/fenham.store\\\/et\\\/#website\"},\"primaryImageOfPage\":{\"@id\":\"https:\\\/\\\/fenham.store\\\/et\\\/product\\\/charlotte-riiul\\\/#primaryimage\"},\"image\":{\"@id\":\"https:\\\/\\\/fenham.store\\\/et\\\/product\\\/charlotte-riiul\\\/#primaryimage\"},\"thumbnailUrl\":\"https:\\\/\\\/fenham.store\\\/wp-content\\\/uploads\\\/2020\\\/01\\\/Charlotte_ruut3.jpg\",\"datePublished\":\"2020-01-23T23:31:42+00:00\",\"dateModified\":\"2025-08-19T09:57:34+00:00\",\"description\":\"Riiul CHARLOTTE. High-Quality home accessories made of powder-coated stainless steel and aluminium. Designed and made in Europe.\",\"breadcrumb\":{\"@id\":\"https:\\\/\\\/fenham.store\\\/et\\\/product\\\/charlotte-riiul\\\/#breadcrumb\"},\"inLanguage\":\"et\",\"potentialAction\":[{\"@type\":\"ReadAction\",\"target\":[\"https:\\\/\\\/fenham.store\\\/et\\\/product\\\/charlotte-riiul\\\/\"]}]},{\"@type\":\"ImageObject\",\"inLanguage\":\"et\",\"@id\":\"https:\\\/\\\/fenham.store\\\/et\\\/product\\\/charlotte-riiul\\\/#primaryimage\",\"url\":\"https:\\\/\\\/fenham.store\\\/wp-content\\\/uploads\\\/2020\\\/01\\\/Charlotte_ruut3.jpg\",\"contentUrl\":\"https:\\\/\\\/fenham.store\\\/wp-content\\\/uploads\\\/2020\\\/01\\\/Charlotte_ruut3.jpg\",\"width\":1500,\"height\":1500},{\"@type\":\"BreadcrumbList\",\"@id\":\"https:\\\/\\\/fenham.store\\\/et\\\/product\\\/charlotte-riiul\\\/#breadcrumb\",\"itemListElement\":[{\"@type\":\"ListItem\",\"position\":1,\"name\":\"Home\",\"item\":\"https:\\\/\\\/fenham.store\\\/et\\\/\"},{\"@type\":\"ListItem\",\"position\":2,\"name\":\"Pood\",\"item\":\"https:\\\/\\\/fenham.store\\\/et\\\/shop\\\/\"},{\"@type\":\"ListItem\",\"position\":3,\"name\":\"Riiul CHARLOTTE\"}]},{\"@type\":\"WebSite\",\"@id\":\"https:\\\/\\\/fenham.store\\\/et\\\/#website\",\"url\":\"https:\\\/\\\/fenham.store\\\/et\\\/\",\"name\":\"Fenham concept store\",\"description\":\"Concept store\",\"publisher\":{\"@id\":\"https:\\\/\\\/fenham.store\\\/et\\\/#organization\"},\"alternateName\":\"Home and bathroom accessories\",\"potentialAction\":[{\"@type\":\"SearchAction\",\"target\":{\"@type\":\"EntryPoint\",\"urlTemplate\":\"https:\\\/\\\/fenham.store\\\/et\\\/?s={search_term_string}\"},\"query-input\":{\"@type\":\"PropertyValueSpecification\",\"valueRequired\":true,\"valueName\":\"search_term_string\"}}],\"inLanguage\":\"et\"},{\"@type\":\"Organization\",\"@id\":\"https:\\\/\\\/fenham.store\\\/et\\\/#organization\",\"name\":\"Fenham concept store\",\"url\":\"https:\\\/\\\/fenham.store\\\/et\\\/\",\"logo\":{\"@type\":\"ImageObject\",\"inLanguage\":\"et\",\"@id\":\"https:\\\/\\\/fenham.store\\\/et\\\/#\\\/schema\\\/logo\\\/image\\\/\",\"url\":\"https:\\\/\\\/fenham.store\\\/wp-content\\\/uploads\\\/2025\\\/01\\\/Fenham_logo_600.png\",\"contentUrl\":\"https:\\\/\\\/fenham.store\\\/wp-content\\\/uploads\\\/2025\\\/01\\\/Fenham_logo_600.png\",\"width\":600,\"height\":132,\"caption\":\"Fenham concept store\"},\"image\":{\"@id\":\"https:\\\/\\\/fenham.store\\\/et\\\/#\\\/schema\\\/logo\\\/image\\\/\"}}]}<\/script>\n<!-- \/ Yoast SEO plugin. -->","yoast_head_json":{"title":"Riiul CHARLOTTE | Sisustustooted ja tarvikud","description":"Riiul CHARLOTTE. High-Quality home accessories made of powder-coated stainless steel and aluminium. Designed and made in Europe.","robots":{"index":"index","follow":"follow","max-snippet":"max-snippet:-1","max-image-preview":"max-image-preview:large","max-video-preview":"max-video-preview:-1"},"canonical":"https:\/\/fenham.store\/et\/product\/charlotte-riiul\/","og_locale":"et_EE","og_type":"article","og_title":"Riiul CHARLOTTE | Sisustustooted ja tarvikud","og_description":"Riiul CHARLOTTE. High-Quality home accessories made of powder-coated stainless steel and aluminium. Designed and made in Europe.","og_url":"https:\/\/fenham.store\/et\/product\/charlotte-riiul\/","og_site_name":"Fenham concept store","article_modified_time":"2025-08-19T09:57:34+00:00","og_image":[{"width":1500,"height":1500,"url":"https:\/\/fenham.store\/wp-content\/uploads\/2020\/01\/CHARLOTTE_black.jpg","type":"image\/jpeg"}],"twitter_card":"summary_large_image","twitter_misc":{"Est. reading time":"1 minut"},"schema":{"@context":"https:\/\/schema.org","@graph":[{"@type":"WebPage","@id":"https:\/\/fenham.store\/et\/product\/charlotte-riiul\/","url":"https:\/\/fenham.store\/et\/product\/charlotte-riiul\/","name":"Riiul CHARLOTTE | Sisustustooted ja tarvikud","isPartOf":{"@id":"https:\/\/fenham.store\/et\/#website"},"primaryImageOfPage":{"@id":"https:\/\/fenham.store\/et\/product\/charlotte-riiul\/#primaryimage"},"image":{"@id":"https:\/\/fenham.store\/et\/product\/charlotte-riiul\/#primaryimage"},"thumbnailUrl":"https:\/\/fenham.store\/wp-content\/uploads\/2020\/01\/Charlotte_ruut3.jpg","datePublished":"2020-01-23T23:31:42+00:00","dateModified":"2025-08-19T09:57:34+00:00","description":"Riiul CHARLOTTE. High-Quality home accessories made of powder-coated stainless steel and aluminium. Designed and made in Europe.","breadcrumb":{"@id":"https:\/\/fenham.store\/et\/product\/charlotte-riiul\/#breadcrumb"},"inLanguage":"et","potentialAction":[{"@type":"ReadAction","target":["https:\/\/fenham.store\/et\/product\/charlotte-riiul\/"]}]},{"@type":"ImageObject","inLanguage":"et","@id":"https:\/\/fenham.store\/et\/product\/charlotte-riiul\/#primaryimage","url":"https:\/\/fenham.store\/wp-content\/uploads\/2020\/01\/Charlotte_ruut3.jpg","contentUrl":"https:\/\/fenham.store\/wp-content\/uploads\/2020\/01\/Charlotte_ruut3.jpg","width":1500,"height":1500},{"@type":"BreadcrumbList","@id":"https:\/\/fenham.store\/et\/product\/charlotte-riiul\/#breadcrumb","itemListElement":[{"@type":"ListItem","position":1,"name":"Home","item":"https:\/\/fenham.store\/et\/"},{"@type":"ListItem","position":2,"name":"Pood","item":"https:\/\/fenham.store\/et\/shop\/"},{"@type":"ListItem","position":3,"name":"Riiul CHARLOTTE"}]},{"@type":"WebSite","@id":"https:\/\/fenham.store\/et\/#website","url":"https:\/\/fenham.store\/et\/","name":"Fenham concept store","description":"Concept store","publisher":{"@id":"https:\/\/fenham.store\/et\/#organization"},"alternateName":"Home and bathroom accessories","potentialAction":[{"@type":"SearchAction","target":{"@type":"EntryPoint","urlTemplate":"https:\/\/fenham.store\/et\/?s={search_term_string}"},"query-input":{"@type":"PropertyValueSpecification","valueRequired":true,"valueName":"search_term_string"}}],"inLanguage":"et"},{"@type":"Organization","@id":"https:\/\/fenham.store\/et\/#organization","name":"Fenham concept store","url":"https:\/\/fenham.store\/et\/","logo":{"@type":"ImageObject","inLanguage":"et","@id":"https:\/\/fenham.store\/et\/#\/schema\/logo\/image\/","url":"https:\/\/fenham.store\/wp-content\/uploads\/2025\/01\/Fenham_logo_600.png","contentUrl":"https:\/\/fenham.store\/wp-content\/uploads\/2025\/01\/Fenham_logo_600.png","width":600,"height":132,"caption":"Fenham concept store"},"image":{"@id":"https:\/\/fenham.store\/et\/#\/schema\/logo\/image\/"}}]}},"_links":{"self":[{"href":"https:\/\/fenham.store\/et\/wp-json\/wp\/v2\/product\/4619","targetHints":{"allow":["GET"]}}],"collection":[{"href":"https:\/\/fenham.store\/et\/wp-json\/wp\/v2\/product"}],"about":[{"href":"https:\/\/fenham.store\/et\/wp-json\/wp\/v2\/types\/product"}],"wp:featuredmedia":[{"embeddable":true,"href":"https:\/\/fenham.store\/et\/wp-json\/wp\/v2\/media\/5326"}],"wp:attachment":[{"href":"https:\/\/fenham.store\/et\/wp-json\/wp\/v2\/media?parent=4619"}],"wp:term":[{"taxonomy":"product_brand","embeddable":true,"href":"https:\/\/fenham.store\/et\/wp-json\/wp\/v2\/product_brand?post=4619"},{"taxonomy":"product_cat","embeddable":true,"href":"https:\/\/fenham.store\/et\/wp-json\/wp\/v2\/product_cat?post=4619"},{"taxonomy":"product_tag","embeddable":true,"href":"https:\/\/fenham.store\/et\/wp-json\/wp\/v2\/product_tag?post=4619"}],"curies":[{"name":"wp","href":"https:\/\/api.w.org\/{rel}","templated":true}]}}