{"id":4448,"date":"2022-01-23T23:38:29","date_gmt":"2022-01-23T23:38:29","guid":{"rendered":"https:\/\/fenham.store\/product\/alice-hook\/"},"modified":"2026-02-11T08:02:14","modified_gmt":"2026-02-11T08:02:14","slug":"nagi-alice","status":"publish","type":"product","link":"https:\/\/fenham.store\/et\/product\/nagi-alice\/","title":{"rendered":"Nagi ALICE"},"content":{"rendered":"<p>S &#8211; 20 x 23 x 50mm 12g<br \/>\nM &#8211; 20 x 23 x 70mm 14g<br \/>\nL &#8211; 20 x 23 x 90mm 17g<\/p>\n","protected":false},"excerpt":{"rendered":"<div class=\"flex max-w-full flex-col flex-grow\">\n<div class=\"min-h-8 text-message flex w-full flex-col items-end gap-2 whitespace-normal break-words [.text-message+&amp;]:mt-5\" dir=\"auto\" data-message-author-role=\"assistant\" data-message-id=\"474061f8-24ef-46b7-b0cf-ac7cdf080e5c\" data-message-model-slug=\"gpt-4o\">\n<div class=\"flex w-full flex-col gap-1 empty:hidden first:pt-[3px]\">\n<div class=\"markdown prose w-full break-words dark:prose-invert light\">\n<p>Nagi ALICE on praktiline ja stiilne ning sobib h\u00e4sti erinevatesse ruumidesse \u2013 vannituppa, magamistuppa v\u00f5i esikusse. Selle lihtne ja minimalistlik disain sulandub sujuvalt igasuguse interj\u00f6\u00f6riga, pakkudes samas mugavat v\u00f5imalust r\u00e4tikute, hommikumantlite v\u00f5i muude esemete riputamiseks. Nagi on kahepoolse teibiga paigaldatav, mis tagab kindla ja stabiilse kinnituse. Sobib h\u00e4sti meie teiste vannitoatarvikutega.<\/p>\n<p><a href=\"https:\/\/fenham.store\/et\/nagi-alice-paigaldusjuhend\/\"><strong>Paigaldusjuhend<\/strong><\/a><\/p>\n<\/div>\n<\/div>\n<\/div>\n<\/div>\n[fusion_checklist type=\"icons\" icon=\"fusion-prefix-icon-fenhamF\" iconcolor=\"\" hue=\"\" saturation=\"\" lightness=\"\" alpha=\"\" circle=\"\" circlecolor=\"\" textcolor=\"\" size=\"\" item_padding_top=\"\" item_padding_right=\"\" item_padding_bottom=\"\" item_padding_left=\"\" divider=\"\" divider_color=\"\" odd_row_bgcolor=\"\" even_row_bgcolor=\"\" margin_top=\"\" margin_right=\"\" margin_bottom=\"\" margin_left=\"\" hide_on_mobile=\"small-visibility,medium-visibility,large-visibility\" class=\"\" id=\"\" parent_dynamic_content=\"\"][fusion_li_item icon=\"\"]<span style=\"color: var(--awb-color7);\"><strong>Pol\u00fcester pulberv\u00e4rvimine<\/strong><\/span> &#8211; Vastupidav viimistlus, mis talub kriimustusi ja kulumist.[\/fusion_li_item][fusion_li_item icon=\"\"]<span style=\"color: var(--awb-color7);\"><strong>2mm alumiinium<\/strong><\/span> &#8211; Kerge ja kauakestev, sobib ideaalselt igap\u00e4evaseks kasutamiseks.[\/fusion_li_item][fusion_li_item icon=\"\"]<span style=\"color: var(--awb-color7);\"><strong>Valmistatud ELis<\/strong><\/span> &#8211; Valmistatud Euroopa kvaliteedistandardite j\u00e4rgi, mida v\u00f5ite usaldada.[\/fusion_li_item][\/fusion_checklist]\n","protected":false},"featured_media":5313,"template":"","meta":[],"product_brand":[],"product_cat":[57,58,60,59],"product_tag":[],"class_list":{"0":"post-4448","1":"product","2":"type-product","3":"status-publish","4":"has-post-thumbnail","6":"product_cat-elutuba","7":"product_cat-kook","8":"product_cat-magamistuba","9":"product_cat-vannituba","11":"first","12":"instock","13":"sale","14":"taxable","15":"shipping-taxable","16":"purchasable","17":"product-type-variable"},"yoast_head":"<!-- This site is optimized with the Yoast SEO plugin v27.6 - https:\/\/yoast.com\/product\/yoast-seo-wordpress\/ -->\n<title>Nagi ALICE | Sisustustooted ja tarvikud<\/title>\n<meta name=\"description\" content=\"Nagi ALICE. High-Quality home accessories made of powder-coated stainless steel and aluminium. Designed and made in Europe.\" \/>\n<meta name=\"robots\" content=\"index, follow, max-snippet:-1, max-image-preview:large, max-video-preview:-1\" \/>\n<link rel=\"canonical\" href=\"https:\/\/fenham.store\/et\/product\/nagi-alice\/\" \/>\n<meta property=\"og:locale\" content=\"et_EE\" \/>\n<meta property=\"og:type\" content=\"article\" \/>\n<meta property=\"og:title\" content=\"Nagi ALICE | Sisustustooted ja tarvikud\" \/>\n<meta property=\"og:description\" content=\"Nagi ALICE. High-Quality home accessories made of powder-coated stainless steel and aluminium. Designed and made in Europe.\" \/>\n<meta property=\"og:url\" content=\"https:\/\/fenham.store\/et\/product\/nagi-alice\/\" \/>\n<meta property=\"og:site_name\" content=\"Fenham concept store\" \/>\n<meta property=\"article:modified_time\" content=\"2026-02-11T08:02:14+00:00\" \/>\n<meta property=\"og:image\" content=\"https:\/\/fenham.store\/wp-content\/uploads\/2025\/05\/ALICE_black3.jpg\" \/>\n\t<meta property=\"og:image:width\" content=\"1500\" \/>\n\t<meta property=\"og:image:height\" content=\"1500\" \/>\n\t<meta property=\"og:image:type\" content=\"image\/jpeg\" \/>\n<meta name=\"twitter:card\" content=\"summary_large_image\" \/>\n<meta name=\"twitter:label1\" content=\"Est. reading time\" \/>\n\t<meta name=\"twitter:data1\" content=\"1 minut\" \/>\n<script type=\"application\/ld+json\" class=\"yoast-schema-graph\">{\"@context\":\"https:\\\/\\\/schema.org\",\"@graph\":[{\"@type\":\"WebPage\",\"@id\":\"https:\\\/\\\/fenham.store\\\/et\\\/product\\\/nagi-alice\\\/\",\"url\":\"https:\\\/\\\/fenham.store\\\/et\\\/product\\\/nagi-alice\\\/\",\"name\":\"Nagi ALICE | Sisustustooted ja tarvikud\",\"isPartOf\":{\"@id\":\"https:\\\/\\\/fenham.store\\\/et\\\/#website\"},\"primaryImageOfPage\":{\"@id\":\"https:\\\/\\\/fenham.store\\\/et\\\/product\\\/nagi-alice\\\/#primaryimage\"},\"image\":{\"@id\":\"https:\\\/\\\/fenham.store\\\/et\\\/product\\\/nagi-alice\\\/#primaryimage\"},\"thumbnailUrl\":\"https:\\\/\\\/fenham.store\\\/wp-content\\\/uploads\\\/2022\\\/01\\\/Alice_white_sqaure.jpg\",\"datePublished\":\"2022-01-23T23:38:29+00:00\",\"dateModified\":\"2026-02-11T08:02:14+00:00\",\"description\":\"Nagi ALICE. High-Quality home accessories made of powder-coated stainless steel and aluminium. Designed and made in Europe.\",\"breadcrumb\":{\"@id\":\"https:\\\/\\\/fenham.store\\\/et\\\/product\\\/nagi-alice\\\/#breadcrumb\"},\"inLanguage\":\"et\",\"potentialAction\":[{\"@type\":\"ReadAction\",\"target\":[\"https:\\\/\\\/fenham.store\\\/et\\\/product\\\/nagi-alice\\\/\"]}]},{\"@type\":\"ImageObject\",\"inLanguage\":\"et\",\"@id\":\"https:\\\/\\\/fenham.store\\\/et\\\/product\\\/nagi-alice\\\/#primaryimage\",\"url\":\"https:\\\/\\\/fenham.store\\\/wp-content\\\/uploads\\\/2022\\\/01\\\/Alice_white_sqaure.jpg\",\"contentUrl\":\"https:\\\/\\\/fenham.store\\\/wp-content\\\/uploads\\\/2022\\\/01\\\/Alice_white_sqaure.jpg\",\"width\":1500,\"height\":1500},{\"@type\":\"BreadcrumbList\",\"@id\":\"https:\\\/\\\/fenham.store\\\/et\\\/product\\\/nagi-alice\\\/#breadcrumb\",\"itemListElement\":[{\"@type\":\"ListItem\",\"position\":1,\"name\":\"Home\",\"item\":\"https:\\\/\\\/fenham.store\\\/et\\\/\"},{\"@type\":\"ListItem\",\"position\":2,\"name\":\"Pood\",\"item\":\"https:\\\/\\\/fenham.store\\\/et\\\/shop\\\/\"},{\"@type\":\"ListItem\",\"position\":3,\"name\":\"Nagi ALICE\"}]},{\"@type\":\"WebSite\",\"@id\":\"https:\\\/\\\/fenham.store\\\/et\\\/#website\",\"url\":\"https:\\\/\\\/fenham.store\\\/et\\\/\",\"name\":\"Fenham concept store\",\"description\":\"Concept store\",\"publisher\":{\"@id\":\"https:\\\/\\\/fenham.store\\\/et\\\/#organization\"},\"alternateName\":\"Home and bathroom accessories\",\"potentialAction\":[{\"@type\":\"SearchAction\",\"target\":{\"@type\":\"EntryPoint\",\"urlTemplate\":\"https:\\\/\\\/fenham.store\\\/et\\\/?s={search_term_string}\"},\"query-input\":{\"@type\":\"PropertyValueSpecification\",\"valueRequired\":true,\"valueName\":\"search_term_string\"}}],\"inLanguage\":\"et\"},{\"@type\":\"Organization\",\"@id\":\"https:\\\/\\\/fenham.store\\\/et\\\/#organization\",\"name\":\"Fenham concept store\",\"url\":\"https:\\\/\\\/fenham.store\\\/et\\\/\",\"logo\":{\"@type\":\"ImageObject\",\"inLanguage\":\"et\",\"@id\":\"https:\\\/\\\/fenham.store\\\/et\\\/#\\\/schema\\\/logo\\\/image\\\/\",\"url\":\"https:\\\/\\\/fenham.store\\\/wp-content\\\/uploads\\\/2025\\\/01\\\/Fenham_logo_600.png\",\"contentUrl\":\"https:\\\/\\\/fenham.store\\\/wp-content\\\/uploads\\\/2025\\\/01\\\/Fenham_logo_600.png\",\"width\":600,\"height\":132,\"caption\":\"Fenham concept store\"},\"image\":{\"@id\":\"https:\\\/\\\/fenham.store\\\/et\\\/#\\\/schema\\\/logo\\\/image\\\/\"}}]}<\/script>\n<!-- \/ Yoast SEO plugin. -->","yoast_head_json":{"title":"Nagi ALICE | Sisustustooted ja tarvikud","description":"Nagi ALICE. High-Quality home accessories made of powder-coated stainless steel and aluminium. Designed and made in Europe.","robots":{"index":"index","follow":"follow","max-snippet":"max-snippet:-1","max-image-preview":"max-image-preview:large","max-video-preview":"max-video-preview:-1"},"canonical":"https:\/\/fenham.store\/et\/product\/nagi-alice\/","og_locale":"et_EE","og_type":"article","og_title":"Nagi ALICE | Sisustustooted ja tarvikud","og_description":"Nagi ALICE. High-Quality home accessories made of powder-coated stainless steel and aluminium. Designed and made in Europe.","og_url":"https:\/\/fenham.store\/et\/product\/nagi-alice\/","og_site_name":"Fenham concept store","article_modified_time":"2026-02-11T08:02:14+00:00","og_image":[{"width":1500,"height":1500,"url":"https:\/\/fenham.store\/wp-content\/uploads\/2025\/05\/ALICE_black3.jpg","type":"image\/jpeg"}],"twitter_card":"summary_large_image","twitter_misc":{"Est. reading time":"1 minut"},"schema":{"@context":"https:\/\/schema.org","@graph":[{"@type":"WebPage","@id":"https:\/\/fenham.store\/et\/product\/nagi-alice\/","url":"https:\/\/fenham.store\/et\/product\/nagi-alice\/","name":"Nagi ALICE | Sisustustooted ja tarvikud","isPartOf":{"@id":"https:\/\/fenham.store\/et\/#website"},"primaryImageOfPage":{"@id":"https:\/\/fenham.store\/et\/product\/nagi-alice\/#primaryimage"},"image":{"@id":"https:\/\/fenham.store\/et\/product\/nagi-alice\/#primaryimage"},"thumbnailUrl":"https:\/\/fenham.store\/wp-content\/uploads\/2022\/01\/Alice_white_sqaure.jpg","datePublished":"2022-01-23T23:38:29+00:00","dateModified":"2026-02-11T08:02:14+00:00","description":"Nagi ALICE. High-Quality home accessories made of powder-coated stainless steel and aluminium. Designed and made in Europe.","breadcrumb":{"@id":"https:\/\/fenham.store\/et\/product\/nagi-alice\/#breadcrumb"},"inLanguage":"et","potentialAction":[{"@type":"ReadAction","target":["https:\/\/fenham.store\/et\/product\/nagi-alice\/"]}]},{"@type":"ImageObject","inLanguage":"et","@id":"https:\/\/fenham.store\/et\/product\/nagi-alice\/#primaryimage","url":"https:\/\/fenham.store\/wp-content\/uploads\/2022\/01\/Alice_white_sqaure.jpg","contentUrl":"https:\/\/fenham.store\/wp-content\/uploads\/2022\/01\/Alice_white_sqaure.jpg","width":1500,"height":1500},{"@type":"BreadcrumbList","@id":"https:\/\/fenham.store\/et\/product\/nagi-alice\/#breadcrumb","itemListElement":[{"@type":"ListItem","position":1,"name":"Home","item":"https:\/\/fenham.store\/et\/"},{"@type":"ListItem","position":2,"name":"Pood","item":"https:\/\/fenham.store\/et\/shop\/"},{"@type":"ListItem","position":3,"name":"Nagi ALICE"}]},{"@type":"WebSite","@id":"https:\/\/fenham.store\/et\/#website","url":"https:\/\/fenham.store\/et\/","name":"Fenham concept store","description":"Concept store","publisher":{"@id":"https:\/\/fenham.store\/et\/#organization"},"alternateName":"Home and bathroom accessories","potentialAction":[{"@type":"SearchAction","target":{"@type":"EntryPoint","urlTemplate":"https:\/\/fenham.store\/et\/?s={search_term_string}"},"query-input":{"@type":"PropertyValueSpecification","valueRequired":true,"valueName":"search_term_string"}}],"inLanguage":"et"},{"@type":"Organization","@id":"https:\/\/fenham.store\/et\/#organization","name":"Fenham concept store","url":"https:\/\/fenham.store\/et\/","logo":{"@type":"ImageObject","inLanguage":"et","@id":"https:\/\/fenham.store\/et\/#\/schema\/logo\/image\/","url":"https:\/\/fenham.store\/wp-content\/uploads\/2025\/01\/Fenham_logo_600.png","contentUrl":"https:\/\/fenham.store\/wp-content\/uploads\/2025\/01\/Fenham_logo_600.png","width":600,"height":132,"caption":"Fenham concept store"},"image":{"@id":"https:\/\/fenham.store\/et\/#\/schema\/logo\/image\/"}}]}},"_links":{"self":[{"href":"https:\/\/fenham.store\/et\/wp-json\/wp\/v2\/product\/4448","targetHints":{"allow":["GET"]}}],"collection":[{"href":"https:\/\/fenham.store\/et\/wp-json\/wp\/v2\/product"}],"about":[{"href":"https:\/\/fenham.store\/et\/wp-json\/wp\/v2\/types\/product"}],"wp:featuredmedia":[{"embeddable":true,"href":"https:\/\/fenham.store\/et\/wp-json\/wp\/v2\/media\/5313"}],"wp:attachment":[{"href":"https:\/\/fenham.store\/et\/wp-json\/wp\/v2\/media?parent=4448"}],"wp:term":[{"taxonomy":"product_brand","embeddable":true,"href":"https:\/\/fenham.store\/et\/wp-json\/wp\/v2\/product_brand?post=4448"},{"taxonomy":"product_cat","embeddable":true,"href":"https:\/\/fenham.store\/et\/wp-json\/wp\/v2\/product_cat?post=4448"},{"taxonomy":"product_tag","embeddable":true,"href":"https:\/\/fenham.store\/et\/wp-json\/wp\/v2\/product_tag?post=4448"}],"curies":[{"name":"wp","href":"https:\/\/api.w.org\/{rel}","templated":true}]}}