{"id":3738,"date":"2025-01-23T23:47:26","date_gmt":"2025-01-23T23:47:26","guid":{"rendered":"https:\/\/fenham.store\/product\/dusiriiul-sienna\/"},"modified":"2026-02-10T19:19:54","modified_gmt":"2026-02-10T19:19:54","slug":"dusiriiul-sienna","status":"publish","type":"product","link":"https:\/\/fenham.store\/et\/product\/dusiriiul-sienna\/","title":{"rendered":"Du\u0161iriiul SIENNA"},"content":{"rendered":"<p><strong>S<\/strong><br \/>\nM\u00f5\u00f5dud: 110 x 55 x 300 mm<br \/>\nKaal: 270g<br \/>\n<strong>M<\/strong><br \/>\nM\u00f5\u00f5dud: 110 x 55 x 600 mm<br \/>\nKaal: 530g<\/p>\n<p>Kinnitus: Kahepoolne teip<\/p>\n","protected":false},"excerpt":{"rendered":"<p>Du\u0161iriiul SIENNA sobib t\u00e4nu kaasaegsele disainile ideaalselt igasse vannituppa. Valmistatud kvaliteetsest alumiiniumist, mis tagab riiuli vastupidavuse. T\u00e4nu integreeritud vee \u00e4ravoolu s\u00fcsteemile ei j\u00e4\u00e4 vesi riiulile pidama. Riiuli k\u00f5rgendatud serv tagab esemete turvalise p\u00fcsimise ning takistab nende mahakukkumist. See praktiline ja esteetiliselt kaunis riiul muudab vannitoa korrastamise lihtsamaks ja mugavamaks.<\/p>\n<p><a href=\"https:\/\/fenham.store\/et\/sienna-dusiriiuli-paigaldusjuhend\/\"><strong>Paigaldusjuhend<\/strong><\/a><\/p>\n[fusion_checklist type=\"icons\" icon=\"fusion-prefix-icon-fenhamF\" iconcolor=\"\" hue=\"\" saturation=\"\" lightness=\"\" alpha=\"\" circle=\"\" circlecolor=\"\" textcolor=\"\" size=\"\" item_padding_top=\"\" item_padding_right=\"\" item_padding_bottom=\"\" item_padding_left=\"\" divider=\"\" divider_color=\"\" odd_row_bgcolor=\"\" even_row_bgcolor=\"\" margin_top=\"\" margin_right=\"\" margin_bottom=\"\" margin_left=\"\" hide_on_mobile=\"small-visibility,medium-visibility,large-visibility\" class=\"\" id=\"\" parent_dynamic_content=\"\"][fusion_li_item icon=\"\"]<span style=\"color: var(--awb-color7);\"><strong>Pol\u00fcester pulberv\u00e4rvimine<\/strong><\/span> &#8211; Vastupidav viimistlus, mis talub kriimustusi ja kulumist.[\/fusion_li_item][fusion_li_item icon=\"\"]<span style=\"color: var(--awb-color7);\"><strong>2mm alumiinium<\/strong><\/span> &#8211; Roostevaba ja kerge, sobib ideaalselt igap\u00e4evaseks kasutamiseks.[\/fusion_li_item][fusion_li_item icon=\"\"]<span style=\"color: var(--awb-color7);\"><strong>Valmistatud ELis<\/strong><\/span> &#8211; Valmistatud Euroopa kvaliteedistandardite j\u00e4rgi, mida v\u00f5ite usaldada.[\/fusion_li_item][\/fusion_checklist]\n","protected":false},"featured_media":4412,"template":"","meta":[],"product_brand":[],"product_cat":[59],"product_tag":[],"class_list":{"0":"post-3738","1":"product","2":"type-product","3":"status-publish","4":"has-post-thumbnail","6":"product_cat-vannituba","8":"first","9":"instock","10":"sale","11":"taxable","12":"shipping-taxable","13":"purchasable","14":"product-type-variable"},"yoast_head":"<!-- This site is optimized with the Yoast SEO plugin v27.6 - https:\/\/yoast.com\/product\/yoast-seo-wordpress\/ -->\n<title>Du\u0161iriiul SIENNA | Sisustustooted ja tarvikud<\/title>\n<meta name=\"description\" content=\"Du\u0161iriiul SIENNA sobib t\u00e4nu kaasaegsele disainile ideaalselt igasse vannituppa. Valmistatud kvaliteetsest roostevabast terasest, mis tagab riiuli vastupidavuse.\" \/>\n<meta name=\"robots\" content=\"index, follow, max-snippet:-1, max-image-preview:large, max-video-preview:-1\" \/>\n<link rel=\"canonical\" href=\"https:\/\/fenham.store\/et\/product\/dusiriiul-sienna\/\" \/>\n<meta property=\"og:locale\" content=\"et_EE\" \/>\n<meta property=\"og:type\" content=\"article\" \/>\n<meta property=\"og:title\" content=\"Du\u0161iriiul SIENNA | Sisustustooted ja tarvikud\" \/>\n<meta property=\"og:description\" content=\"Du\u0161iriiul SIENNA sobib t\u00e4nu kaasaegsele disainile ideaalselt igasse vannituppa. Valmistatud kvaliteetsest roostevabast terasest, mis tagab riiuli vastupidavuse.\" \/>\n<meta property=\"og:url\" content=\"https:\/\/fenham.store\/et\/product\/dusiriiul-sienna\/\" \/>\n<meta property=\"og:site_name\" content=\"Fenham concept store\" \/>\n<meta property=\"article:modified_time\" content=\"2026-02-10T19:19:54+00:00\" \/>\n<meta property=\"og:image\" content=\"https:\/\/fenham.store\/wp-content\/uploads\/2025\/01\/Sienna_S_M.jpg\" \/>\n\t<meta property=\"og:image:width\" content=\"1500\" \/>\n\t<meta property=\"og:image:height\" content=\"1500\" \/>\n\t<meta property=\"og:image:type\" content=\"image\/jpeg\" \/>\n<meta name=\"twitter:card\" content=\"summary_large_image\" \/>\n<meta name=\"twitter:label1\" content=\"Est. reading time\" \/>\n\t<meta name=\"twitter:data1\" content=\"1 minut\" \/>\n<script type=\"application\/ld+json\" class=\"yoast-schema-graph\">{\"@context\":\"https:\\\/\\\/schema.org\",\"@graph\":[{\"@type\":\"WebPage\",\"@id\":\"https:\\\/\\\/fenham.store\\\/et\\\/product\\\/dusiriiul-sienna\\\/\",\"url\":\"https:\\\/\\\/fenham.store\\\/et\\\/product\\\/dusiriiul-sienna\\\/\",\"name\":\"Du\u0161iriiul SIENNA | Sisustustooted ja tarvikud\",\"isPartOf\":{\"@id\":\"https:\\\/\\\/fenham.store\\\/et\\\/#website\"},\"primaryImageOfPage\":{\"@id\":\"https:\\\/\\\/fenham.store\\\/et\\\/product\\\/dusiriiul-sienna\\\/#primaryimage\"},\"image\":{\"@id\":\"https:\\\/\\\/fenham.store\\\/et\\\/product\\\/dusiriiul-sienna\\\/#primaryimage\"},\"thumbnailUrl\":\"https:\\\/\\\/fenham.store\\\/wp-content\\\/uploads\\\/2025\\\/01\\\/Sienna_S_M.jpg\",\"datePublished\":\"2025-01-23T23:47:26+00:00\",\"dateModified\":\"2026-02-10T19:19:54+00:00\",\"description\":\"Du\u0161iriiul SIENNA sobib t\u00e4nu kaasaegsele disainile ideaalselt igasse vannituppa. Valmistatud kvaliteetsest roostevabast terasest, mis tagab riiuli vastupidavuse.\",\"breadcrumb\":{\"@id\":\"https:\\\/\\\/fenham.store\\\/et\\\/product\\\/dusiriiul-sienna\\\/#breadcrumb\"},\"inLanguage\":\"et\",\"potentialAction\":[{\"@type\":\"ReadAction\",\"target\":[\"https:\\\/\\\/fenham.store\\\/et\\\/product\\\/dusiriiul-sienna\\\/\"]}]},{\"@type\":\"ImageObject\",\"inLanguage\":\"et\",\"@id\":\"https:\\\/\\\/fenham.store\\\/et\\\/product\\\/dusiriiul-sienna\\\/#primaryimage\",\"url\":\"https:\\\/\\\/fenham.store\\\/wp-content\\\/uploads\\\/2025\\\/01\\\/Sienna_S_M.jpg\",\"contentUrl\":\"https:\\\/\\\/fenham.store\\\/wp-content\\\/uploads\\\/2025\\\/01\\\/Sienna_S_M.jpg\",\"width\":1500,\"height\":1500},{\"@type\":\"BreadcrumbList\",\"@id\":\"https:\\\/\\\/fenham.store\\\/et\\\/product\\\/dusiriiul-sienna\\\/#breadcrumb\",\"itemListElement\":[{\"@type\":\"ListItem\",\"position\":1,\"name\":\"Home\",\"item\":\"https:\\\/\\\/fenham.store\\\/et\\\/\"},{\"@type\":\"ListItem\",\"position\":2,\"name\":\"Pood\",\"item\":\"https:\\\/\\\/fenham.store\\\/et\\\/shop\\\/\"},{\"@type\":\"ListItem\",\"position\":3,\"name\":\"Du\u0161iriiul SIENNA\"}]},{\"@type\":\"WebSite\",\"@id\":\"https:\\\/\\\/fenham.store\\\/et\\\/#website\",\"url\":\"https:\\\/\\\/fenham.store\\\/et\\\/\",\"name\":\"Fenham concept store\",\"description\":\"Concept store\",\"publisher\":{\"@id\":\"https:\\\/\\\/fenham.store\\\/et\\\/#organization\"},\"alternateName\":\"Home and bathroom accessories\",\"potentialAction\":[{\"@type\":\"SearchAction\",\"target\":{\"@type\":\"EntryPoint\",\"urlTemplate\":\"https:\\\/\\\/fenham.store\\\/et\\\/?s={search_term_string}\"},\"query-input\":{\"@type\":\"PropertyValueSpecification\",\"valueRequired\":true,\"valueName\":\"search_term_string\"}}],\"inLanguage\":\"et\"},{\"@type\":\"Organization\",\"@id\":\"https:\\\/\\\/fenham.store\\\/et\\\/#organization\",\"name\":\"Fenham concept store\",\"url\":\"https:\\\/\\\/fenham.store\\\/et\\\/\",\"logo\":{\"@type\":\"ImageObject\",\"inLanguage\":\"et\",\"@id\":\"https:\\\/\\\/fenham.store\\\/et\\\/#\\\/schema\\\/logo\\\/image\\\/\",\"url\":\"https:\\\/\\\/fenham.store\\\/wp-content\\\/uploads\\\/2025\\\/01\\\/Fenham_logo_600.png\",\"contentUrl\":\"https:\\\/\\\/fenham.store\\\/wp-content\\\/uploads\\\/2025\\\/01\\\/Fenham_logo_600.png\",\"width\":600,\"height\":132,\"caption\":\"Fenham concept store\"},\"image\":{\"@id\":\"https:\\\/\\\/fenham.store\\\/et\\\/#\\\/schema\\\/logo\\\/image\\\/\"}}]}<\/script>\n<!-- \/ Yoast SEO plugin. -->","yoast_head_json":{"title":"Du\u0161iriiul SIENNA | Sisustustooted ja tarvikud","description":"Du\u0161iriiul SIENNA sobib t\u00e4nu kaasaegsele disainile ideaalselt igasse vannituppa. Valmistatud kvaliteetsest roostevabast terasest, mis tagab riiuli vastupidavuse.","robots":{"index":"index","follow":"follow","max-snippet":"max-snippet:-1","max-image-preview":"max-image-preview:large","max-video-preview":"max-video-preview:-1"},"canonical":"https:\/\/fenham.store\/et\/product\/dusiriiul-sienna\/","og_locale":"et_EE","og_type":"article","og_title":"Du\u0161iriiul SIENNA | Sisustustooted ja tarvikud","og_description":"Du\u0161iriiul SIENNA sobib t\u00e4nu kaasaegsele disainile ideaalselt igasse vannituppa. Valmistatud kvaliteetsest roostevabast terasest, mis tagab riiuli vastupidavuse.","og_url":"https:\/\/fenham.store\/et\/product\/dusiriiul-sienna\/","og_site_name":"Fenham concept store","article_modified_time":"2026-02-10T19:19:54+00:00","og_image":[{"width":1500,"height":1500,"url":"https:\/\/fenham.store\/wp-content\/uploads\/2025\/01\/Sienna_S_M.jpg","type":"image\/jpeg"}],"twitter_card":"summary_large_image","twitter_misc":{"Est. reading time":"1 minut"},"schema":{"@context":"https:\/\/schema.org","@graph":[{"@type":"WebPage","@id":"https:\/\/fenham.store\/et\/product\/dusiriiul-sienna\/","url":"https:\/\/fenham.store\/et\/product\/dusiriiul-sienna\/","name":"Du\u0161iriiul SIENNA | Sisustustooted ja tarvikud","isPartOf":{"@id":"https:\/\/fenham.store\/et\/#website"},"primaryImageOfPage":{"@id":"https:\/\/fenham.store\/et\/product\/dusiriiul-sienna\/#primaryimage"},"image":{"@id":"https:\/\/fenham.store\/et\/product\/dusiriiul-sienna\/#primaryimage"},"thumbnailUrl":"https:\/\/fenham.store\/wp-content\/uploads\/2025\/01\/Sienna_S_M.jpg","datePublished":"2025-01-23T23:47:26+00:00","dateModified":"2026-02-10T19:19:54+00:00","description":"Du\u0161iriiul SIENNA sobib t\u00e4nu kaasaegsele disainile ideaalselt igasse vannituppa. Valmistatud kvaliteetsest roostevabast terasest, mis tagab riiuli vastupidavuse.","breadcrumb":{"@id":"https:\/\/fenham.store\/et\/product\/dusiriiul-sienna\/#breadcrumb"},"inLanguage":"et","potentialAction":[{"@type":"ReadAction","target":["https:\/\/fenham.store\/et\/product\/dusiriiul-sienna\/"]}]},{"@type":"ImageObject","inLanguage":"et","@id":"https:\/\/fenham.store\/et\/product\/dusiriiul-sienna\/#primaryimage","url":"https:\/\/fenham.store\/wp-content\/uploads\/2025\/01\/Sienna_S_M.jpg","contentUrl":"https:\/\/fenham.store\/wp-content\/uploads\/2025\/01\/Sienna_S_M.jpg","width":1500,"height":1500},{"@type":"BreadcrumbList","@id":"https:\/\/fenham.store\/et\/product\/dusiriiul-sienna\/#breadcrumb","itemListElement":[{"@type":"ListItem","position":1,"name":"Home","item":"https:\/\/fenham.store\/et\/"},{"@type":"ListItem","position":2,"name":"Pood","item":"https:\/\/fenham.store\/et\/shop\/"},{"@type":"ListItem","position":3,"name":"Du\u0161iriiul SIENNA"}]},{"@type":"WebSite","@id":"https:\/\/fenham.store\/et\/#website","url":"https:\/\/fenham.store\/et\/","name":"Fenham concept store","description":"Concept store","publisher":{"@id":"https:\/\/fenham.store\/et\/#organization"},"alternateName":"Home and bathroom accessories","potentialAction":[{"@type":"SearchAction","target":{"@type":"EntryPoint","urlTemplate":"https:\/\/fenham.store\/et\/?s={search_term_string}"},"query-input":{"@type":"PropertyValueSpecification","valueRequired":true,"valueName":"search_term_string"}}],"inLanguage":"et"},{"@type":"Organization","@id":"https:\/\/fenham.store\/et\/#organization","name":"Fenham concept store","url":"https:\/\/fenham.store\/et\/","logo":{"@type":"ImageObject","inLanguage":"et","@id":"https:\/\/fenham.store\/et\/#\/schema\/logo\/image\/","url":"https:\/\/fenham.store\/wp-content\/uploads\/2025\/01\/Fenham_logo_600.png","contentUrl":"https:\/\/fenham.store\/wp-content\/uploads\/2025\/01\/Fenham_logo_600.png","width":600,"height":132,"caption":"Fenham concept store"},"image":{"@id":"https:\/\/fenham.store\/et\/#\/schema\/logo\/image\/"}}]}},"_links":{"self":[{"href":"https:\/\/fenham.store\/et\/wp-json\/wp\/v2\/product\/3738","targetHints":{"allow":["GET"]}}],"collection":[{"href":"https:\/\/fenham.store\/et\/wp-json\/wp\/v2\/product"}],"about":[{"href":"https:\/\/fenham.store\/et\/wp-json\/wp\/v2\/types\/product"}],"wp:featuredmedia":[{"embeddable":true,"href":"https:\/\/fenham.store\/et\/wp-json\/wp\/v2\/media\/4412"}],"wp:attachment":[{"href":"https:\/\/fenham.store\/et\/wp-json\/wp\/v2\/media?parent=3738"}],"wp:term":[{"taxonomy":"product_brand","embeddable":true,"href":"https:\/\/fenham.store\/et\/wp-json\/wp\/v2\/product_brand?post=3738"},{"taxonomy":"product_cat","embeddable":true,"href":"https:\/\/fenham.store\/et\/wp-json\/wp\/v2\/product_cat?post=3738"},{"taxonomy":"product_tag","embeddable":true,"href":"https:\/\/fenham.store\/et\/wp-json\/wp\/v2\/product_tag?post=3738"}],"curies":[{"name":"wp","href":"https:\/\/api.w.org\/{rel}","templated":true}]}}