{"id":3694,"date":"2025-01-23T23:50:48","date_gmt":"2025-01-23T23:50:48","guid":{"rendered":"https:\/\/fenham.store\/product\/eva-kandik\/"},"modified":"2026-02-02T11:34:05","modified_gmt":"2026-02-02T11:34:05","slug":"eva-kandik","status":"publish","type":"product","link":"https:\/\/fenham.store\/et\/product\/eva-kandik\/","title":{"rendered":"Kandik EVA"},"content":{"rendered":"<p>M\u00f5\u00f5dud: 408 x 210 x 38 mm<br \/>\nKaal: 470g<\/p>\n","protected":false},"excerpt":{"rendered":"<div class=\"flex max-w-full flex-col flex-grow\">\n<div class=\"min-h-8 text-message flex w-full flex-col items-end gap-2 whitespace-normal break-words [.text-message+&amp;]:mt-5\" dir=\"auto\" data-message-author-role=\"assistant\" data-message-id=\"24dd9b42-eed7-451a-be73-e6f2f42a6737\" data-message-model-slug=\"gpt-4o\">\n<div class=\"flex w-full flex-col gap-1 empty:hidden first:pt-[3px]\">\n<div class=\"markdown prose w-full break-words dark:prose-invert light\">\n<p>Kandik EVA on mitmek\u00fclgne ja stiilipuhas, abiks nii toidu ja jookide serveerimiseks kui ka sisekujunduselemendina. T\u00e4nu sangadele on kandikut lihtne ja kindel k\u00e4es hoida, muutes serveerimise sujuvaks ja nauditavaks. Kandik EVA pakub ka stiilset lahendust k\u00fc\u00fcnalde, vaaside ja muude dekoratiivsete esemete organiseerimiseks ja esitlemiseks sinu kodus. Lisaks saab seda kasutada vaagnana toidu v\u00e4ljapanekul, pakkudes kaunist ja funktsionaalset viisi serveerimiseks. EVA \u00fchendab praktilisuse ja disaini, olles ideaalne lisa igasse kodusse.<\/p>\n<\/div>\n<\/div>\n<\/div>\n<\/div>\n[fusion_checklist type=\"icons\" icon=\"fusion-prefix-icon-fenhamF\" iconcolor=\"\" hue=\"\" saturation=\"\" lightness=\"\" alpha=\"\" circle=\"\" circlecolor=\"\" textcolor=\"\" size=\"\" item_padding_top=\"\" item_padding_right=\"\" item_padding_bottom=\"\" item_padding_left=\"\" divider=\"\" divider_color=\"\" odd_row_bgcolor=\"\" even_row_bgcolor=\"\" margin_top=\"\" margin_right=\"\" margin_bottom=\"\" margin_left=\"\" hide_on_mobile=\"small-visibility,medium-visibility,large-visibility\" class=\"\" id=\"\" parent_dynamic_content=\"\"][fusion_li_item icon=\"\"]<span style=\"color: var(--awb-color7);\"><strong>Pol\u00fcester pulberv\u00e4rvimine<\/strong><\/span> &#8211; Vastupidav viimistlus, mis talub kriimustusi ja kulumist.[\/fusion_li_item][fusion_li_item icon=\"\"]<span style=\"color: var(--awb-color7);\"><strong>2mm alumiinium<\/strong><\/span> &#8211; Kerge ja kauakestev, sobib ideaalselt igap\u00e4evaseks kasutamiseks.[\/fusion_li_item][fusion_li_item icon=\"\"]<span style=\"color: var(--awb-color7);\"><strong>Valmistatud ELis<\/strong><\/span> &#8211; Valmistatud Euroopa kvaliteedistandardite j\u00e4rgi, mida v\u00f5ite usaldada.[\/fusion_li_item][\/fusion_checklist]\n","protected":false},"featured_media":4888,"template":"","meta":[],"product_brand":[],"product_cat":[57,58],"product_tag":[],"class_list":{"0":"post-3694","1":"product","2":"type-product","3":"status-publish","4":"has-post-thumbnail","6":"product_cat-elutuba","7":"product_cat-kook","9":"first","10":"instock","11":"sale","12":"taxable","13":"shipping-taxable","14":"purchasable","15":"product-type-variable"},"yoast_head":"<!-- This site is optimized with the Yoast SEO plugin v27.6 - https:\/\/yoast.com\/product\/yoast-seo-wordpress\/ -->\n<title>Kandik EVA | Sisustustooted ja tarvikud<\/title>\n<meta name=\"description\" content=\"EVA-taldrik on mitmek\u00fclgne ja elegantselt lihtne, kasulik nii toidu ja jookide serveerimiseks kui ka dekoratiivseks elemendiks. Teeninduse sujuvaks ja nauditavaks muutmine\" \/>\n<meta name=\"robots\" content=\"index, follow, max-snippet:-1, max-image-preview:large, max-video-preview:-1\" \/>\n<link rel=\"canonical\" href=\"https:\/\/fenham.store\/et\/product\/eva-kandik\/\" \/>\n<meta property=\"og:locale\" content=\"et_EE\" \/>\n<meta property=\"og:type\" content=\"article\" \/>\n<meta property=\"og:title\" content=\"Kandik EVA | Sisustustooted ja tarvikud\" \/>\n<meta property=\"og:description\" content=\"EVA-taldrik on mitmek\u00fclgne ja elegantselt lihtne, kasulik nii toidu ja jookide serveerimiseks kui ka dekoratiivseks elemendiks. Teeninduse sujuvaks ja nauditavaks muutmine\" \/>\n<meta property=\"og:url\" content=\"https:\/\/fenham.store\/et\/product\/eva-kandik\/\" \/>\n<meta property=\"og:site_name\" content=\"Fenham concept store\" \/>\n<meta property=\"article:modified_time\" content=\"2026-02-02T11:34:05+00:00\" \/>\n<meta property=\"og:image\" content=\"https:\/\/fenham.store\/wp-content\/uploads\/2025\/01\/Eva_white_ruut.jpg\" \/>\n\t<meta property=\"og:image:width\" content=\"1500\" \/>\n\t<meta property=\"og:image:height\" content=\"1500\" \/>\n\t<meta property=\"og:image:type\" content=\"image\/jpeg\" \/>\n<meta name=\"twitter:card\" content=\"summary_large_image\" \/>\n<meta name=\"twitter:label1\" content=\"Est. reading time\" \/>\n\t<meta name=\"twitter:data1\" content=\"1 minut\" \/>\n<script type=\"application\/ld+json\" class=\"yoast-schema-graph\">{\"@context\":\"https:\\\/\\\/schema.org\",\"@graph\":[{\"@type\":\"WebPage\",\"@id\":\"https:\\\/\\\/fenham.store\\\/et\\\/product\\\/eva-kandik\\\/\",\"url\":\"https:\\\/\\\/fenham.store\\\/et\\\/product\\\/eva-kandik\\\/\",\"name\":\"Kandik EVA | Sisustustooted ja tarvikud\",\"isPartOf\":{\"@id\":\"https:\\\/\\\/fenham.store\\\/et\\\/#website\"},\"primaryImageOfPage\":{\"@id\":\"https:\\\/\\\/fenham.store\\\/et\\\/product\\\/eva-kandik\\\/#primaryimage\"},\"image\":{\"@id\":\"https:\\\/\\\/fenham.store\\\/et\\\/product\\\/eva-kandik\\\/#primaryimage\"},\"thumbnailUrl\":\"https:\\\/\\\/fenham.store\\\/wp-content\\\/uploads\\\/2025\\\/01\\\/Eva_white_ruut.jpg\",\"datePublished\":\"2025-01-23T23:50:48+00:00\",\"dateModified\":\"2026-02-02T11:34:05+00:00\",\"description\":\"EVA-taldrik on mitmek\u00fclgne ja elegantselt lihtne, kasulik nii toidu ja jookide serveerimiseks kui ka dekoratiivseks elemendiks. Teeninduse sujuvaks ja nauditavaks muutmine\",\"breadcrumb\":{\"@id\":\"https:\\\/\\\/fenham.store\\\/et\\\/product\\\/eva-kandik\\\/#breadcrumb\"},\"inLanguage\":\"et\",\"potentialAction\":[{\"@type\":\"ReadAction\",\"target\":[\"https:\\\/\\\/fenham.store\\\/et\\\/product\\\/eva-kandik\\\/\"]}]},{\"@type\":\"ImageObject\",\"inLanguage\":\"et\",\"@id\":\"https:\\\/\\\/fenham.store\\\/et\\\/product\\\/eva-kandik\\\/#primaryimage\",\"url\":\"https:\\\/\\\/fenham.store\\\/wp-content\\\/uploads\\\/2025\\\/01\\\/Eva_white_ruut.jpg\",\"contentUrl\":\"https:\\\/\\\/fenham.store\\\/wp-content\\\/uploads\\\/2025\\\/01\\\/Eva_white_ruut.jpg\",\"width\":1500,\"height\":1500},{\"@type\":\"BreadcrumbList\",\"@id\":\"https:\\\/\\\/fenham.store\\\/et\\\/product\\\/eva-kandik\\\/#breadcrumb\",\"itemListElement\":[{\"@type\":\"ListItem\",\"position\":1,\"name\":\"Home\",\"item\":\"https:\\\/\\\/fenham.store\\\/et\\\/\"},{\"@type\":\"ListItem\",\"position\":2,\"name\":\"Pood\",\"item\":\"https:\\\/\\\/fenham.store\\\/et\\\/shop\\\/\"},{\"@type\":\"ListItem\",\"position\":3,\"name\":\"Kandik EVA\"}]},{\"@type\":\"WebSite\",\"@id\":\"https:\\\/\\\/fenham.store\\\/et\\\/#website\",\"url\":\"https:\\\/\\\/fenham.store\\\/et\\\/\",\"name\":\"Fenham concept store\",\"description\":\"Concept store\",\"publisher\":{\"@id\":\"https:\\\/\\\/fenham.store\\\/et\\\/#organization\"},\"alternateName\":\"Home and bathroom accessories\",\"potentialAction\":[{\"@type\":\"SearchAction\",\"target\":{\"@type\":\"EntryPoint\",\"urlTemplate\":\"https:\\\/\\\/fenham.store\\\/et\\\/?s={search_term_string}\"},\"query-input\":{\"@type\":\"PropertyValueSpecification\",\"valueRequired\":true,\"valueName\":\"search_term_string\"}}],\"inLanguage\":\"et\"},{\"@type\":\"Organization\",\"@id\":\"https:\\\/\\\/fenham.store\\\/et\\\/#organization\",\"name\":\"Fenham concept store\",\"url\":\"https:\\\/\\\/fenham.store\\\/et\\\/\",\"logo\":{\"@type\":\"ImageObject\",\"inLanguage\":\"et\",\"@id\":\"https:\\\/\\\/fenham.store\\\/et\\\/#\\\/schema\\\/logo\\\/image\\\/\",\"url\":\"https:\\\/\\\/fenham.store\\\/wp-content\\\/uploads\\\/2025\\\/01\\\/Fenham_logo_600.png\",\"contentUrl\":\"https:\\\/\\\/fenham.store\\\/wp-content\\\/uploads\\\/2025\\\/01\\\/Fenham_logo_600.png\",\"width\":600,\"height\":132,\"caption\":\"Fenham concept store\"},\"image\":{\"@id\":\"https:\\\/\\\/fenham.store\\\/et\\\/#\\\/schema\\\/logo\\\/image\\\/\"}}]}<\/script>\n<!-- \/ Yoast SEO plugin. -->","yoast_head_json":{"title":"Kandik EVA | Sisustustooted ja tarvikud","description":"EVA-taldrik on mitmek\u00fclgne ja elegantselt lihtne, kasulik nii toidu ja jookide serveerimiseks kui ka dekoratiivseks elemendiks. Teeninduse sujuvaks ja nauditavaks muutmine","robots":{"index":"index","follow":"follow","max-snippet":"max-snippet:-1","max-image-preview":"max-image-preview:large","max-video-preview":"max-video-preview:-1"},"canonical":"https:\/\/fenham.store\/et\/product\/eva-kandik\/","og_locale":"et_EE","og_type":"article","og_title":"Kandik EVA | Sisustustooted ja tarvikud","og_description":"EVA-taldrik on mitmek\u00fclgne ja elegantselt lihtne, kasulik nii toidu ja jookide serveerimiseks kui ka dekoratiivseks elemendiks. Teeninduse sujuvaks ja nauditavaks muutmine","og_url":"https:\/\/fenham.store\/et\/product\/eva-kandik\/","og_site_name":"Fenham concept store","article_modified_time":"2026-02-02T11:34:05+00:00","og_image":[{"width":1500,"height":1500,"url":"https:\/\/fenham.store\/wp-content\/uploads\/2025\/01\/Eva_white_ruut.jpg","type":"image\/jpeg"}],"twitter_card":"summary_large_image","twitter_misc":{"Est. reading time":"1 minut"},"schema":{"@context":"https:\/\/schema.org","@graph":[{"@type":"WebPage","@id":"https:\/\/fenham.store\/et\/product\/eva-kandik\/","url":"https:\/\/fenham.store\/et\/product\/eva-kandik\/","name":"Kandik EVA | Sisustustooted ja tarvikud","isPartOf":{"@id":"https:\/\/fenham.store\/et\/#website"},"primaryImageOfPage":{"@id":"https:\/\/fenham.store\/et\/product\/eva-kandik\/#primaryimage"},"image":{"@id":"https:\/\/fenham.store\/et\/product\/eva-kandik\/#primaryimage"},"thumbnailUrl":"https:\/\/fenham.store\/wp-content\/uploads\/2025\/01\/Eva_white_ruut.jpg","datePublished":"2025-01-23T23:50:48+00:00","dateModified":"2026-02-02T11:34:05+00:00","description":"EVA-taldrik on mitmek\u00fclgne ja elegantselt lihtne, kasulik nii toidu ja jookide serveerimiseks kui ka dekoratiivseks elemendiks. Teeninduse sujuvaks ja nauditavaks muutmine","breadcrumb":{"@id":"https:\/\/fenham.store\/et\/product\/eva-kandik\/#breadcrumb"},"inLanguage":"et","potentialAction":[{"@type":"ReadAction","target":["https:\/\/fenham.store\/et\/product\/eva-kandik\/"]}]},{"@type":"ImageObject","inLanguage":"et","@id":"https:\/\/fenham.store\/et\/product\/eva-kandik\/#primaryimage","url":"https:\/\/fenham.store\/wp-content\/uploads\/2025\/01\/Eva_white_ruut.jpg","contentUrl":"https:\/\/fenham.store\/wp-content\/uploads\/2025\/01\/Eva_white_ruut.jpg","width":1500,"height":1500},{"@type":"BreadcrumbList","@id":"https:\/\/fenham.store\/et\/product\/eva-kandik\/#breadcrumb","itemListElement":[{"@type":"ListItem","position":1,"name":"Home","item":"https:\/\/fenham.store\/et\/"},{"@type":"ListItem","position":2,"name":"Pood","item":"https:\/\/fenham.store\/et\/shop\/"},{"@type":"ListItem","position":3,"name":"Kandik EVA"}]},{"@type":"WebSite","@id":"https:\/\/fenham.store\/et\/#website","url":"https:\/\/fenham.store\/et\/","name":"Fenham concept store","description":"Concept store","publisher":{"@id":"https:\/\/fenham.store\/et\/#organization"},"alternateName":"Home and bathroom accessories","potentialAction":[{"@type":"SearchAction","target":{"@type":"EntryPoint","urlTemplate":"https:\/\/fenham.store\/et\/?s={search_term_string}"},"query-input":{"@type":"PropertyValueSpecification","valueRequired":true,"valueName":"search_term_string"}}],"inLanguage":"et"},{"@type":"Organization","@id":"https:\/\/fenham.store\/et\/#organization","name":"Fenham concept store","url":"https:\/\/fenham.store\/et\/","logo":{"@type":"ImageObject","inLanguage":"et","@id":"https:\/\/fenham.store\/et\/#\/schema\/logo\/image\/","url":"https:\/\/fenham.store\/wp-content\/uploads\/2025\/01\/Fenham_logo_600.png","contentUrl":"https:\/\/fenham.store\/wp-content\/uploads\/2025\/01\/Fenham_logo_600.png","width":600,"height":132,"caption":"Fenham concept store"},"image":{"@id":"https:\/\/fenham.store\/et\/#\/schema\/logo\/image\/"}}]}},"_links":{"self":[{"href":"https:\/\/fenham.store\/et\/wp-json\/wp\/v2\/product\/3694","targetHints":{"allow":["GET"]}}],"collection":[{"href":"https:\/\/fenham.store\/et\/wp-json\/wp\/v2\/product"}],"about":[{"href":"https:\/\/fenham.store\/et\/wp-json\/wp\/v2\/types\/product"}],"wp:featuredmedia":[{"embeddable":true,"href":"https:\/\/fenham.store\/et\/wp-json\/wp\/v2\/media\/4888"}],"wp:attachment":[{"href":"https:\/\/fenham.store\/et\/wp-json\/wp\/v2\/media?parent=3694"}],"wp:term":[{"taxonomy":"product_brand","embeddable":true,"href":"https:\/\/fenham.store\/et\/wp-json\/wp\/v2\/product_brand?post=3694"},{"taxonomy":"product_cat","embeddable":true,"href":"https:\/\/fenham.store\/et\/wp-json\/wp\/v2\/product_cat?post=3694"},{"taxonomy":"product_tag","embeddable":true,"href":"https:\/\/fenham.store\/et\/wp-json\/wp\/v2\/product_tag?post=3694"}],"curies":[{"name":"wp","href":"https:\/\/api.w.org\/{rel}","templated":true}]}}