{"id":3671,"date":"2024-10-07T10:43:27","date_gmt":"2024-10-07T10:43:27","guid":{"rendered":"https:\/\/fenham.store\/privacy-policy\/"},"modified":"2025-01-06T07:55:20","modified_gmt":"2025-01-06T07:55:20","slug":"privacy-policy","status":"publish","type":"page","link":"https:\/\/fenham.store\/et\/privacy-policy\/","title":{"rendered":"Privaatsuspoliitika"},"content":{"rendered":"<p><strong>Privaatsuspoliitika<\/strong><\/p>\n<ol>\n<li><strong> \u00dclds\u00e4tted<\/strong><\/li>\n<\/ol>\n<p>1.1. K\u00e4esolev privaatsuspoliitika reguleerib isikuandmete kogumist, t\u00f6\u00f6tlemist ja s\u00e4ilitamist k\u00e4sitlevaid p\u00f5him\u00f5tteid. Isikuandmeid kogub t\u00f6\u00f6tleb ja s\u00e4ilitab isikuandmete vastutav t\u00f6\u00f6tleja\u00a0Fenham O\u00dc, 17092331 (edaspidi andmet\u00f6\u00f6tleja).<\/p>\n<p>1.2. Andmesubjekt privaatsuspoliitika t\u00e4henduses on klient v\u00f5i muu f\u00fc\u00fcsiline isik, kelle isikuandmeid andmet\u00f6\u00f6tleja t\u00f6\u00f6tleb.<\/p>\n<p>1.3. Klient privaatsuspoliitika t\u00e4henduses on iga\u00fcks, kes ostab andmet\u00f6\u00f6tleja kodulehelt kaupu v\u00f5i teenuseid.<\/p>\n<p>1.4. Andmet\u00f6\u00f6tleja j\u00e4rgib \u00f5igusaktides s\u00e4testatud andmete t\u00f6\u00f6tlemise p\u00f5him\u00f5tteid, muuhulgas t\u00f6\u00f6tleb andmet\u00f6\u00f6tleja isikuandmeid seaduslikult, \u00f5iglaselt ja turvaliselt. Andmet\u00f6\u00f6tleja on v\u00f5imeline kinnitama, et isikuandmeid on t\u00f6\u00f6deldud vastavalt \u00f5igusaktides s\u00e4testatule.<\/p>\n<ol start=\"2\">\n<li><strong> Isikuandmete kogumine, t\u00f6\u00f6tlemine ja s\u00e4ilitamine<\/strong><\/li>\n<\/ol>\n<p>2.1. Isikuandmed, mida andmet\u00f6\u00f6tleja kogub, t\u00f6\u00f6tleb ja s\u00e4ilitab, on kogutud elektrooniliselt, peamiselt kodulehe ja e-posti vahendusel.<\/p>\n<p>2.2. Oma isikuandmete jagamisega annab andmesubjekt andmet\u00f6\u00f6tlejale \u00f5iguse koguda, korraldada, kasutada ja hallata privaatsuspoliitikas m\u00e4\u00e4ratletud eesm\u00e4rgil isikuandmeid, mida andmesubjekt otse v\u00f5i kaudselt kodulehel kaupu v\u00f5i teenuseid ostes andmet\u00f6\u00f6tlejale jagab.<\/p>\n<p>2.3. Andmesubjekt vastutab selle eest, et tema poolt esitatud andmed oleksid t\u00e4psed, \u00f5iged ja terviklikud. Teadlikult valeandmete esitamist peetakse privaatsuspoliitika rikkumiseks. Andmesubjekt on kohustatud andmet\u00f6\u00f6tlejat viivitamatult teavitama esitatud andmete muutumisest.<\/p>\n<p>2.4. Andmet\u00f6\u00f6tleja ei vastuta andmesubjekti poolt valeandmete esitamisest p\u00f5hjustatud kahju eest andmesubjektile v\u00f5i kolmandatele osapooltele.<\/p>\n<ol start=\"3\">\n<li><strong> Klientide isikuandmete t\u00f6\u00f6tlemine<\/strong><\/li>\n<\/ol>\n<p>3.1. Andmet\u00f6\u00f6tleja v\u00f5ib t\u00f6\u00f6delda j\u00e4rgnevaid andmesubjekti isikuandmeid:<\/p>\n<p>3.1.1. Ees- ja perekonnanimi;<\/p>\n<p>3.1.2. S\u00fcnnikuup\u00e4ev;<\/p>\n<p>3.1.3. Telefoninumber;<\/p>\n<p>3.1.4. E-posti aadress;<\/p>\n<p>3.1.5. Kohaletoimetamise aadress;<\/p>\n<p>3.1.6. Arvelduskonto number;<\/p>\n<p>3.1.7. Maksekaardi detailid;<\/p>\n<p>3.2. Lisaks eeltoodule on andmet\u00f6\u00f6tlejal \u00f5igus koguda kliendi kohta andmeid, mis on k\u00e4ttesaadavad avalikes registrites.<\/p>\n<p>3.3. Isikuandmete t\u00f6\u00f6tlemise \u00f5iguslik alus on isikuandmete kaitse \u00fcldm\u00e4\u00e4ruse paragrahv 6 lg 1 p-d a), b), c) ja f):<\/p>\n<ol>\n<li>a) andmesubjekt on andnud n\u00f5usoleku t\u00f6\u00f6delda oma isikuandmeid \u00fchel v\u00f5i mitmel konkreetsel eesm\u00e4rgil;<\/li>\n<li>b) isikuandmete t\u00f6\u00f6tlemine on vajalik andmesubjekti osalusel s\u00f5lmitud lepingu t\u00e4itmiseks v\u00f5i lepingu s\u00f5lmimisele eelnevate meetmete v\u00f5tmiseks vastavalt andmesubjekti taotlusele;<\/li>\n<li>c) isikuandmete t\u00f6\u00f6tlemine on vajalik vastutava t\u00f6\u00f6tleja juriidilise kohustuse t\u00e4itmiseks;<\/li>\n<li>f) isikuandmete t\u00f6\u00f6tlemine on vajalik vastutava t\u00f6\u00f6tleja v\u00f5i kolmanda isiku \u00f5igustatud huvi korral, v\u00e4lja arvatud juhul, kui sellise huvi kaaluvad \u00fcles andmesubjekti huvid v\u00f5i p\u00f5hi\u00f5igused ja -vabadused, mille nimel tuleb kaitsta isikuandmeid, eriti juhul kui andmesubjekt on laps.<\/li>\n<\/ol>\n<p>3.4. Isikuandmete t\u00f6\u00f6tlemine vastavalt t\u00f6\u00f6tlemise eesm\u00e4rgile:<\/p>\n<p>3.4.1. T\u00f6\u00f6tlemise eesm\u00e4rk \u2013 julgeolek ja turvalisus<\/p>\n<p>Isikuandmete s\u00e4ilitamise maksimaalne aeg \u2013 vastavalt seaduses nimetatud t\u00e4htaegadele<\/p>\n<p>3.4.2. T\u00f6\u00f6tlemise eesm\u00e4rk \u2013 tellimuse t\u00f6\u00f6tlemine<\/p>\n<p>Isikuandmete s\u00e4ilitamise maksimaalne aeg on\u00a07 aastat<\/p>\n<p>3.4.3. T\u00f6\u00f6tlemise eesm\u00e4rk \u2013 e-poe teenuste toimimise tagamine<\/p>\n<p>Isikuandmete s\u00e4ilitamise maksimaalne aeg on 7 aastat<\/p>\n<p>3.4.4. T\u00f6\u00f6tlemise eesm\u00e4rk \u2013 kliendihaldus<\/p>\n<p>Isikuandmete s\u00e4ilitamise maksimaalne aeg on 7 aastat<\/p>\n<p>3.4.5. T\u00f6\u00f6tlemise eesm\u00e4rk \u2013 finantstegevus, raamatupidamine<\/p>\n<p>Isikuandmete s\u00e4ilitamise maksimaalne aeg \u2013 vastavalt seaduses nimetatud t\u00e4htaegadele<\/p>\n<p>3.4.6. T\u00f6\u00f6tlemise eesm\u00e4rk \u2013 turundus<\/p>\n<p>Isikuandmete s\u00e4ilitamise maksimaalne aeg on 7 aastat<\/p>\n<p>3.5. Andmet\u00f6\u00f6tlejal on \u00f5igus klientide isikuandmeid jagada kolmandate isikutega, kelleks on n\u00e4iteks volitatud andmet\u00f6\u00f6tlejad, raamatupidajad, transpordi- ja kullerettev\u00f5tted, \u00fclekandeteenuseid pakkuvad ettev\u00f5tted Andmet\u00f6\u00f6tleja on isikuandmete vastutav t\u00f6\u00f6tleja. Andmet\u00f6\u00f6tleja edastab maksete teostamiseks vajalikud isikuandmed volitatud t\u00f6\u00f6tleja Maksekeskus AS-ile.<\/p>\n<p>3.6. Andmesubjekti isikuandmete t\u00f6\u00f6tlemisel ja s\u00e4ilitamisel rakendab andmet\u00f6\u00f6tleja organisatoorseid ja tehnilisi meetmeid, mis tagavad isikuandmete kaitse juhusliku v\u00f5i ebaseadusliku h\u00e4vitamise, muutmise, avalikustamise ja mis tahes muu ebaseadusliku t\u00f6\u00f6tlemise eest.<\/p>\n<p>3.7. Andmet\u00f6\u00f6tleja s\u00e4ilitab andmesubjektide andmeid s\u00f5ltuvalt t\u00f6\u00f6tlemise eesm\u00e4rgist, kuid mitte kauem kui\u00a07\u00a0aastat.<\/p>\n<ol start=\"4\">\n<li><strong> Andmesubjekti \u00f5igused<\/strong><\/li>\n<\/ol>\n<p>4.1. Andmesubjektil on \u00f5igus saada ligip\u00e4\u00e4s oma isikuandmetele ning nendega tutvuda.<\/p>\n<p>4.2. Andmesubjektil on \u00f5igus saada informatsiooni tema isikuandmete t\u00f6\u00f6tlemise kohta.<\/p>\n<p>4.3. Andmesubjektil on \u00f5igus t\u00e4iendada v\u00f5i parandada ebat\u00e4pseid andmeid.<\/p>\n<p>4.4. Kui andmet\u00f6\u00f6tleja t\u00f6\u00f6tleb andmesubjekti isikuandmeid andmesubjekti n\u00f5usoleku alusel, siis on andmesubjektil \u00f5igus igal ajal n\u00f5usolek tagasi v\u00f5tta.<\/p>\n<p>4.5. Andmesubjekt saab \u00f5iguste teostamiseks p\u00f6\u00f6rduda e-poe klienditoe poole aadressil\u00a0info@fenham.store.<\/p>\n<p>4.6. Andmesubjektil on oma \u00f5iguste kaitseks v\u00f5imalik esitada kaebus Andmekaitse Inspektsioonile.<\/p>\n<ol start=\"5\">\n<li><strong> L\u00f5pps\u00e4tted<\/strong><\/li>\n<\/ol>\n<p>5.1. K\u00e4esolevad andmekaitsetingimused on koostatud koosk\u00f5las Euroopa Parlamendi ja n\u00f5ukogu m\u00e4\u00e4rusega (EL) nr 2016\/679 f\u00fc\u00fcsiliste isikute kaitse kohta isikuandmete t\u00f6\u00f6tlemisel ja selliste andmete vaba liikumise ning direktiivi 95\/46 \/ E\u00dc kehtetuks tunnistamise kohta \/ E\u00dc (isikuandmete kaitse \u00fcldm\u00e4\u00e4rus), Eesti Vabariigi isikuandmete kaitse seadusega ning Eesti Vabariigi ja Euroopa Liidu \u00f5igusaktidega.<\/p>\n<p>5.2. Andmet\u00f6\u00f6tlejal on \u00f5igus andmekaitsetingimusi osaliselt v\u00f5i t\u00e4ielikult muuta, teavitades andmesubjekte muudatustest kodulehe\u00a0www.fenham.store kaudu.<\/p>\n","protected":false},"excerpt":{"rendered":"<p>Privaatsuspoliitika \u00dclds\u00e4tted 1.1. K\u00e4esolev privaatsuspoliitika reguleerib isikuandmete kogumist, t\u00f6\u00f6tlemist ja s\u00e4ilitamist k\u00e4sitlevaid &#8230;<\/p>\n","protected":false},"author":1,"featured_media":0,"parent":0,"menu_order":0,"comment_status":"closed","ping_status":"open","template":"","meta":{"footnotes":""},"class_list":["post-3671","page","type-page","status-publish","hentry"],"yoast_head":"<!-- This site is optimized with the Yoast SEO plugin v27.6 - https:\/\/yoast.com\/product\/yoast-seo-wordpress\/ -->\n<title>Privaatsuspoliitika | Sisustustooted ja tarvikud<\/title>\n<meta name=\"robots\" content=\"index, follow, max-snippet:-1, max-image-preview:large, max-video-preview:-1\" \/>\n<link rel=\"canonical\" href=\"https:\/\/fenham.store\/et\/privacy-policy\/\" \/>\n<meta property=\"og:locale\" content=\"et_EE\" \/>\n<meta property=\"og:type\" content=\"article\" \/>\n<meta property=\"og:title\" content=\"Privaatsuspoliitika | Sisustustooted ja tarvikud\" \/>\n<meta property=\"og:description\" content=\"Privaatsuspoliitika \u00dclds\u00e4tted 1.1. K\u00e4esolev privaatsuspoliitika reguleerib isikuandmete kogumist, t\u00f6\u00f6tlemist ja s\u00e4ilitamist k\u00e4sitlevaid ...\" \/>\n<meta property=\"og:url\" content=\"https:\/\/fenham.store\/et\/privacy-policy\/\" \/>\n<meta property=\"og:site_name\" content=\"Fenham concept store\" \/>\n<meta property=\"article:modified_time\" content=\"2025-01-06T07:55:20+00:00\" \/>\n<meta property=\"og:image\" content=\"https:\/\/fenham.store\/wp-content\/uploads\/2025\/01\/Fenham_avaleht_light.jpg\" \/>\n\t<meta property=\"og:image:width\" content=\"2000\" \/>\n\t<meta property=\"og:image:height\" content=\"1333\" \/>\n\t<meta property=\"og:image:type\" content=\"image\/jpeg\" \/>\n<meta name=\"twitter:card\" content=\"summary_large_image\" \/>\n<meta name=\"twitter:label1\" content=\"Est. reading time\" \/>\n\t<meta name=\"twitter:data1\" content=\"5 minutit\" \/>\n<script type=\"application\/ld+json\" class=\"yoast-schema-graph\">{\"@context\":\"https:\\\/\\\/schema.org\",\"@graph\":[{\"@type\":\"WebPage\",\"@id\":\"https:\\\/\\\/fenham.store\\\/et\\\/privacy-policy\\\/\",\"url\":\"https:\\\/\\\/fenham.store\\\/et\\\/privacy-policy\\\/\",\"name\":\"Privaatsuspoliitika | Sisustustooted ja tarvikud\",\"isPartOf\":{\"@id\":\"https:\\\/\\\/fenham.store\\\/et\\\/#website\"},\"datePublished\":\"2024-10-07T10:43:27+00:00\",\"dateModified\":\"2025-01-06T07:55:20+00:00\",\"breadcrumb\":{\"@id\":\"https:\\\/\\\/fenham.store\\\/et\\\/privacy-policy\\\/#breadcrumb\"},\"inLanguage\":\"et\",\"potentialAction\":[{\"@type\":\"ReadAction\",\"target\":[\"https:\\\/\\\/fenham.store\\\/et\\\/privacy-policy\\\/\"]}]},{\"@type\":\"BreadcrumbList\",\"@id\":\"https:\\\/\\\/fenham.store\\\/et\\\/privacy-policy\\\/#breadcrumb\",\"itemListElement\":[{\"@type\":\"ListItem\",\"position\":1,\"name\":\"Home\",\"item\":\"https:\\\/\\\/fenham.store\\\/et\\\/\"},{\"@type\":\"ListItem\",\"position\":2,\"name\":\"Privaatsuspoliitika\"}]},{\"@type\":\"WebSite\",\"@id\":\"https:\\\/\\\/fenham.store\\\/et\\\/#website\",\"url\":\"https:\\\/\\\/fenham.store\\\/et\\\/\",\"name\":\"Fenham concept store\",\"description\":\"Concept store\",\"publisher\":{\"@id\":\"https:\\\/\\\/fenham.store\\\/et\\\/#organization\"},\"alternateName\":\"Home and bathroom accessories\",\"potentialAction\":[{\"@type\":\"SearchAction\",\"target\":{\"@type\":\"EntryPoint\",\"urlTemplate\":\"https:\\\/\\\/fenham.store\\\/et\\\/?s={search_term_string}\"},\"query-input\":{\"@type\":\"PropertyValueSpecification\",\"valueRequired\":true,\"valueName\":\"search_term_string\"}}],\"inLanguage\":\"et\"},{\"@type\":\"Organization\",\"@id\":\"https:\\\/\\\/fenham.store\\\/et\\\/#organization\",\"name\":\"Fenham concept store\",\"url\":\"https:\\\/\\\/fenham.store\\\/et\\\/\",\"logo\":{\"@type\":\"ImageObject\",\"inLanguage\":\"et\",\"@id\":\"https:\\\/\\\/fenham.store\\\/et\\\/#\\\/schema\\\/logo\\\/image\\\/\",\"url\":\"https:\\\/\\\/fenham.store\\\/wp-content\\\/uploads\\\/2025\\\/01\\\/Fenham_logo_600.png\",\"contentUrl\":\"https:\\\/\\\/fenham.store\\\/wp-content\\\/uploads\\\/2025\\\/01\\\/Fenham_logo_600.png\",\"width\":600,\"height\":132,\"caption\":\"Fenham concept store\"},\"image\":{\"@id\":\"https:\\\/\\\/fenham.store\\\/et\\\/#\\\/schema\\\/logo\\\/image\\\/\"}}]}<\/script>\n<!-- \/ Yoast SEO plugin. -->","yoast_head_json":{"title":"Privaatsuspoliitika | Sisustustooted ja tarvikud","robots":{"index":"index","follow":"follow","max-snippet":"max-snippet:-1","max-image-preview":"max-image-preview:large","max-video-preview":"max-video-preview:-1"},"canonical":"https:\/\/fenham.store\/et\/privacy-policy\/","og_locale":"et_EE","og_type":"article","og_title":"Privaatsuspoliitika | Sisustustooted ja tarvikud","og_description":"Privaatsuspoliitika \u00dclds\u00e4tted 1.1. K\u00e4esolev privaatsuspoliitika reguleerib isikuandmete kogumist, t\u00f6\u00f6tlemist ja s\u00e4ilitamist k\u00e4sitlevaid ...","og_url":"https:\/\/fenham.store\/et\/privacy-policy\/","og_site_name":"Fenham concept store","article_modified_time":"2025-01-06T07:55:20+00:00","og_image":[{"width":2000,"height":1333,"url":"https:\/\/fenham.store\/wp-content\/uploads\/2025\/01\/Fenham_avaleht_light.jpg","type":"image\/jpeg"}],"twitter_card":"summary_large_image","twitter_misc":{"Est. reading time":"5 minutit"},"schema":{"@context":"https:\/\/schema.org","@graph":[{"@type":"WebPage","@id":"https:\/\/fenham.store\/et\/privacy-policy\/","url":"https:\/\/fenham.store\/et\/privacy-policy\/","name":"Privaatsuspoliitika | Sisustustooted ja tarvikud","isPartOf":{"@id":"https:\/\/fenham.store\/et\/#website"},"datePublished":"2024-10-07T10:43:27+00:00","dateModified":"2025-01-06T07:55:20+00:00","breadcrumb":{"@id":"https:\/\/fenham.store\/et\/privacy-policy\/#breadcrumb"},"inLanguage":"et","potentialAction":[{"@type":"ReadAction","target":["https:\/\/fenham.store\/et\/privacy-policy\/"]}]},{"@type":"BreadcrumbList","@id":"https:\/\/fenham.store\/et\/privacy-policy\/#breadcrumb","itemListElement":[{"@type":"ListItem","position":1,"name":"Home","item":"https:\/\/fenham.store\/et\/"},{"@type":"ListItem","position":2,"name":"Privaatsuspoliitika"}]},{"@type":"WebSite","@id":"https:\/\/fenham.store\/et\/#website","url":"https:\/\/fenham.store\/et\/","name":"Fenham concept store","description":"Concept store","publisher":{"@id":"https:\/\/fenham.store\/et\/#organization"},"alternateName":"Home and bathroom accessories","potentialAction":[{"@type":"SearchAction","target":{"@type":"EntryPoint","urlTemplate":"https:\/\/fenham.store\/et\/?s={search_term_string}"},"query-input":{"@type":"PropertyValueSpecification","valueRequired":true,"valueName":"search_term_string"}}],"inLanguage":"et"},{"@type":"Organization","@id":"https:\/\/fenham.store\/et\/#organization","name":"Fenham concept store","url":"https:\/\/fenham.store\/et\/","logo":{"@type":"ImageObject","inLanguage":"et","@id":"https:\/\/fenham.store\/et\/#\/schema\/logo\/image\/","url":"https:\/\/fenham.store\/wp-content\/uploads\/2025\/01\/Fenham_logo_600.png","contentUrl":"https:\/\/fenham.store\/wp-content\/uploads\/2025\/01\/Fenham_logo_600.png","width":600,"height":132,"caption":"Fenham concept store"},"image":{"@id":"https:\/\/fenham.store\/et\/#\/schema\/logo\/image\/"}}]}},"_links":{"self":[{"href":"https:\/\/fenham.store\/et\/wp-json\/wp\/v2\/pages\/3671","targetHints":{"allow":["GET"]}}],"collection":[{"href":"https:\/\/fenham.store\/et\/wp-json\/wp\/v2\/pages"}],"about":[{"href":"https:\/\/fenham.store\/et\/wp-json\/wp\/v2\/types\/page"}],"author":[{"embeddable":true,"href":"https:\/\/fenham.store\/et\/wp-json\/wp\/v2\/users\/1"}],"replies":[{"embeddable":true,"href":"https:\/\/fenham.store\/et\/wp-json\/wp\/v2\/comments?post=3671"}],"version-history":[{"count":4,"href":"https:\/\/fenham.store\/et\/wp-json\/wp\/v2\/pages\/3671\/revisions"}],"predecessor-version":[{"id":4021,"href":"https:\/\/fenham.store\/et\/wp-json\/wp\/v2\/pages\/3671\/revisions\/4021"}],"wp:attachment":[{"href":"https:\/\/fenham.store\/et\/wp-json\/wp\/v2\/media?parent=3671"}],"curies":[{"name":"wp","href":"https:\/\/api.w.org\/{rel}","templated":true}]}}